{"id":4097,"date":"2022-10-25T12:14:36","date_gmt":"2022-10-25T12:14:36","guid":{"rendered":"https:\/\/electronic-system-cockpit.fr\/rechtliche-hinweise\/"},"modified":"2024-06-12T16:13:16","modified_gmt":"2024-06-12T16:13:16","slug":"rechtliche-hinweise","status":"publish","type":"page","link":"https:\/\/electronic-system-cockpit.fr\/de\/rechtliche-hinweise\/","title":{"rendered":"Rechtliche Hinweise"},"content":{"rendered":"\n<p class=\"has-text-align-center\">Firma: Greg HAMEL &#8211; ESC<br\/>Hauptsitz: 3 impasse carr\u00e9e<br\/>27930 SAINT-LUC<br\/>Frankreich  <\/p>\n\n<p class=\"has-text-align-center\">Tel.: 07 66 48 58 93 contact@electronic-system-cockpit.fr<\/p>\n\n<p class=\"has-text-align-center\">RCS d&#8217;Evreux: 920239837<\/p>\n\n<p class=\"has-text-align-center\">APE 2612Z<\/p>\n\n<p><\/p>\n\n<p class=\"has-text-align-center\" id=\"infoclient\">Leiter der Ver\u00f6ffentlichung: Greg HAMEL<\/p>\n\n<p class=\"has-text-align-center\" id=\"hebergeur\">Host: IONOS  <br\/>Firmenname: 1&amp;1 Internet SARL<br\/>Hauptsitz: 7 place de la gare &#8211; BP 70109<br\/>57201 Sarreguemines Cedex<br\/>RCS. von Sarreguemines: B 431 303 775  <\/p>\n\n<p class=\"has-text-align-center\">Diese Website ist Eigentum von ESC mit Sitz in 3 Impasse Carr\u00e9e 27930 SAINT-LUC.<\/p>\n\n<h3 class=\"wp-block-heading has-text-align-center\">1 &#8211; Bedingungen f\u00fcr die Nutzung der Seite<\/h3>\n\n<p class=\"has-text-align-center\">ESC stellt seine Dienste unter der Bedingung bereit, dass Sie sich zur Einhaltung dieser Nutzungsbedingungen verpflichten, die ESC jederzeit \u00e4ndern kann.<\/p>\n\n<h3 class=\"wp-block-heading has-text-align-center\">2 &#8211; Geistiges Eigentum<\/h3>\n\n<p class=\"has-text-align-center\">In \u00dcbereinstimmung mit den Gesetzen zum Schutz des geistigen Eigentums ist die Vervielf\u00e4ltigung oder Nutzung der Elemente auf dieser Website, ganz oder teilweise, strengstens untersagt. Nur die gesetzlichen Ausnahmen werden beibehalten, darunter insbesondere die Auff\u00fchrung im Familienkreis, die Privatkopie oder das Recht auf Kurzzitate.<\/p>\n\n<p class=\"has-text-align-center\">So sind alle Texte, Fotos, Logos, Marken und andere Elemente, die auf dieser Website reproduziert werden, reserviert und durch das Recht auf geistiges Eigentum gesch\u00fctzt. (Urheberrecht, Nachbarrecht, Markenrecht&#8230;).<\/p>\n\n<p class=\"has-text-align-center\">Jede vollst\u00e4ndige oder teilweise Darstellung dieser Website durch ein beliebiges Verfahren ohne die ausdr\u00fcckliche Genehmigung des Betreibers der Website ist untersagt und stellt eine F\u00e4lschung dar, die nach Artikel L 335-2 ff. des Gesetzes \u00fcber geistiges Eigentum bestraft wird.<\/p>\n\n<p class=\"has-text-align-center\">Dasselbe gilt f\u00fcr eventuelle Datenbanken auf der Website, die durch die Bestimmungen des Gesetzes vom 11. Juli 1998 zur Umsetzung der europ\u00e4ischen Richtlinie vom 11. M\u00e4rz 1996 \u00fcber den rechtlichen Schutz von Datenbanken in das Gesetzbuch \u00fcber geistiges Eigentum (CPI) gesch\u00fctzt sind.<\/p>\n\n<h3 class=\"wp-block-heading has-text-align-center\">3 &#8211; Pers\u00f6nliche Daten<\/h3>\n\n<p class=\"has-text-align-center\">ESC verpflichtet sich, die vom Nutzer der Website angegebenen pers\u00f6nlichen Daten vertraulich zu behandeln und sie nicht an andere Unternehmen oder Organisationen weiterzugeben. ESC verpflichtet sich, jeder Person, die einen entsprechenden Antrag stellt, das Recht auf Zugang, Berichtigung und L\u00f6schung der sie betreffenden Daten zu gew\u00e4hrleisten.<\/p>\n\n<h3 class=\"wp-block-heading has-text-align-center\">4 &#8211; Verantwortlichkeit<\/h3>\n\n<p class=\"has-text-align-center\">ESC \u00fcbernimmt keine Verantwortung f\u00fcr Schwierigkeiten beim Zugriff auf seine Website oder f\u00fcr Kommunikationsausf\u00e4lle.<\/p>\n\n<p class=\"has-text-align-center\">ESC beh\u00e4lt sich das Recht vor, die gesamte oder einen Teil der Website ohne Vorank\u00fcndigung zu \u00e4ndern, vor\u00fcbergehend oder dauerhaft einzustellen. ESC kann in keinem Fall Ihnen oder Dritten gegen\u00fcber f\u00fcr \u00c4nderungen, Unterbrechungen oder Aussetzungen der Website haftbar gemacht werden.<\/p>\n\n<h3 class=\"wp-block-heading has-text-align-center\">5 &#8211; Hypertext-Links<\/h3>\n\n<p class=\"has-text-align-center\">Es steht Ihnen frei, Links zu dieser Website einzurichten, solange sie das Image des Herausgebers nicht beeintr\u00e4chtigen. Sie sind berechtigt, Links zu den Seiten der Website im Format: html, php, xml zu setzen.<\/p>\n\n<p class=\"has-text-align-center\">Framing ist verboten, ebenso wie jede andere Praxis oder Technik, die bei der \u00d6ffentlichkeit Verwirrung stiften k\u00f6nnte.<\/p>\n\n<p class=\"has-text-align-center\">Deep Links zu Dokumenten in den Formaten pdf, Doc oder rtf sind untersagt. Denn diese Art von Dokument erm\u00f6glicht keine Kenntnisnahme der vorliegenden Nutzungsbedingungen.<\/p>\n\n<p class=\"has-text-align-center\">ESC ist in keiner Weise f\u00fcr den Inhalt von Websites verantwortlich, auf die \u00fcber die ESC-Website zugegriffen werden kann.<\/p>\n\n<p><\/p>\n\n<p class=\"has-text-align-center has-medium-font-size\"><strong>6 &#8211; Bestellung &#8211; Lieferung &#8211; Garantie<\/strong><\/p>\n\n<div class=\"wp-block-group is-vertical is-layout-flex wp-container-core-group-is-layout-8cf370e7 wp-block-group-is-layout-flex\">\n<div class=\"wp-block-group\"><div class=\"wp-block-group__inner-container is-layout-constrained wp-block-group-is-layout-constrained\">\n<p>Die bei der Bestellung angegebene LIEFERZEIT dient nur zur Orientierung und ist keinesfalls garantiert. Infolgedessen kann jede Verz\u00f6gerung bei der Bereitstellung der Produkte nicht zu Gunsten des KUNDEN zu :<\/p>\n\n\n\n<ul class=\"wp-block-list\">\n<li>die Zuerkennung von Schadensersatz ;<\/li>\n\n\n\n<li>die Zuteilung von Strafen ;<\/li>\n<\/ul>\n\n\n\n<p>Es obliegt dem KUNDEN, die gelieferten Waren unmittelbar nach der Lieferung zu \u00fcberpr\u00fcfen.<\/p>\n\n\n\n<p>Im Falle fehlender, besch\u00e4digter oder offensichtlich nicht konformer Waren muss der KUNDE bei Erhalt dieser Waren alle notwendigen Vorbehalte auf dem Lieferschein anbringen. Diese Vorbehalte m\u00fcssen dar\u00fcber hinaus innerhalb von f\u00fcnf Werktagen nach der LIEFERUNG schriftlich per Einschreiben mit R\u00fcckschein best\u00e4tigt werden. Andernfalls wird davon ausgegangen, dass der KUNDE die Waren vorbehaltlos angenommen hat. Der VERK\u00c4UFER beh\u00e4lt sich das Recht vor, direkt oder indirekt alle Feststellungen und \u00dcberpr\u00fcfungen vor Ort vorzunehmen. Die R\u00fccksendung von nicht konformen PRODUKTEN bedarf der vorherigen Zustimmung des VERK\u00c4UFERS. Andernfalls wird davon ausgegangen, dass der KUNDE die PRODUKTE vorbehaltlos akzeptiert hat. Der KUNDE hat zehn Werktage Zeit, um die Teile in ihrer Originalverpackung und in ihrem Originalzustand an den VERK\u00c4UFER zur\u00fcckzusenden.  <\/p>\n\n\n\n<p>Wenn der KUNDE WAREN zur\u00fcckgeben m\u00f6chte, kann er dies innerhalb von vierzehn Kalendertagen ab dem Datum des Erhalts seiner BESTELLUNG per E-Mail beantragen. Nach seiner Aufforderung hat der KUNDE zehn Werktage Zeit, um die Teile an den VERK\u00c4UFER zur\u00fcckzusenden. Die Teile m\u00fcssen sich in ihrer Originalverpackung und in ihrem Originalzustand befinden, wobei sich der VERK\u00c4UFER das Recht vorbeh\u00e4lt, direkt oder indirekt alle Feststellungen und \u00dcberpr\u00fcfungen vor Ort vorzunehmen. Die Kosten f\u00fcr die R\u00fccksendung gehen in diesem Fall zu Lasten des KUNDEN.<\/p>\n\n\n\n<p>Jedes Produkt hat eine Garantie von zwei Jahren ab dem Datum des Erhalts.<\/p>\n<\/div><\/div>\n<\/div>\n\n<p class=\"has-text-align-center\"><\/p>\n\n<p class=\"has-text-align-center\">Viel Spa\u00df beim Besuch.<\/p>\n\n<p class=\"has-text-align-center\">Seite aktualisiert am 10.03.2024.<\/p>\n","protected":false},"excerpt":{"rendered":"<p>Firma: Greg HAMEL &#8211; ESCHauptsitz: 3 impasse carr\u00e9e27930 SAINT-LUCFrankreich Tel.: 07 66 48 58 93 contact@electronic-system-cockpit.fr RCS d&#8217;Evreux: 920239837 APE 2612Z Leiter der Ver\u00f6ffentlichung: Greg HAMEL Host: IONOS Firmenname: 1&amp;1 Internet SARLHauptsitz: 7 place de la gare &#8211; BP 7010957201 Sarreguemines CedexRCS. von Sarreguemines: B 431 303 775 Diese Website ist Eigentum von ESC mit&hellip;&nbsp;<a href=\"https:\/\/electronic-system-cockpit.fr\/de\/rechtliche-hinweise\/\" rel=\"bookmark\">Weiterlesen &raquo;<span class=\"screen-reader-text\">Rechtliche Hinweise<\/span><\/a><\/p>\n","protected":false},"author":1,"featured_media":0,"parent":0,"menu_order":0,"comment_status":"closed","ping_status":"closed","template":"","meta":{"neve_meta_sidebar":"","neve_meta_container":"","neve_meta_enable_content_width":"","neve_meta_content_width":0,"neve_meta_title_alignment":"","neve_meta_author_avatar":"","neve_post_elements_order":"","neve_meta_disable_header":"","neve_meta_disable_footer":"","neve_meta_disable_title":"","footnotes":""},"class_list":["post-4097","page","type-page","status-publish","hentry"],"_links":{"self":[{"href":"https:\/\/electronic-system-cockpit.fr\/de\/wp-json\/wp\/v2\/pages\/4097","targetHints":{"allow":["GET"]}}],"collection":[{"href":"https:\/\/electronic-system-cockpit.fr\/de\/wp-json\/wp\/v2\/pages"}],"about":[{"href":"https:\/\/electronic-system-cockpit.fr\/de\/wp-json\/wp\/v2\/types\/page"}],"author":[{"embeddable":true,"href":"https:\/\/electronic-system-cockpit.fr\/de\/wp-json\/wp\/v2\/users\/1"}],"replies":[{"embeddable":true,"href":"https:\/\/electronic-system-cockpit.fr\/de\/wp-json\/wp\/v2\/comments?post=4097"}],"version-history":[{"count":0,"href":"https:\/\/electronic-system-cockpit.fr\/de\/wp-json\/wp\/v2\/pages\/4097\/revisions"}],"wp:attachment":[{"href":"https:\/\/electronic-system-cockpit.fr\/de\/wp-json\/wp\/v2\/media?parent=4097"}],"curies":[{"name":"wp","href":"https:\/\/api.w.org\/{rel}","templated":true}]}}