{"id":4144,"date":"2022-09-11T11:17:39","date_gmt":"2022-09-11T11:17:39","guid":{"rendered":"https:\/\/electronic-system-cockpit.fr\/ueber\/"},"modified":"2024-07-04T21:00:54","modified_gmt":"2024-07-04T19:00:54","slug":"ueber","status":"publish","type":"page","link":"https:\/\/electronic-system-cockpit.fr\/de\/ueber\/","title":{"rendered":"\u00dcber"},"content":{"rendered":"\n<div class=\"wp-block-cover alignfull\" style=\"min-height:300px;aspect-ratio:unset;\"><span aria-hidden=\"true\" class=\"wp-block-cover__background has-nv-site-bg-background-color has-background-dim-100 has-background-dim\"><\/span><div class=\"wp-block-cover__inner-container is-layout-flow wp-block-cover-is-layout-flow\">\n<div class=\"wp-block-group\"><div class=\"wp-block-group__inner-container is-layout-flow wp-block-group-is-layout-flow\">\n<h1 class=\"wp-block-heading has-text-align-center has-text-align-left has-neve-text-color-color has-neve-link-color-background-color has-text-color has-background\">Wer sind wir?<\/h1>\n<\/div><\/div>\n<\/div><\/div>\n\n<div class=\"wp-block-cover alignfull\" style=\"min-height:600px;aspect-ratio:unset;\"><span aria-hidden=\"true\" class=\"wp-block-cover__background has-nv-light-bg-background-color has-background-dim-100 has-background-dim\"><\/span><div class=\"wp-block-cover__inner-container is-layout-flow wp-block-cover-is-layout-flow\">\n<div class=\"wp-block-group\"><div class=\"wp-block-group__inner-container is-layout-flow wp-block-group-is-layout-flow\">\n<div style=\"height:80px\" aria-hidden=\"true\" class=\"wp-block-spacer\"><\/div>\n\n\n\n<div class=\"wp-block-columns are-vertically-aligned-center is-layout-flex wp-container-core-columns-is-layout-9d6595d7 wp-block-columns-is-layout-flex\">\n<div class=\"wp-block-column is-vertically-aligned-center is-layout-flow wp-block-column-is-layout-flow\" style=\"flex-basis:50%\"><\/div>\n\n\n\n<div class=\"wp-block-column is-vertically-aligned-center is-layout-flow wp-block-column-is-layout-flow\" style=\"flex-basis:50%\">\n<h2 class=\"wp-block-heading has-neve-text-color-color has-text-color\">Unsere Geschichte<\/h2>\n\n\n\n<p class=\"has-neve-text-color-color has-text-color has-medium-font-size\">Seit seiner Kindheit ein leidenschaftlicher Fan von Flugsimulationen  <\/p>\n\n\n\n<p>ESC entstand aus der Zusammenarbeit von Enthusiasten, um den Bedarf an Elektronik und Schnittstellen f\u00fcr Flugsimulatoren zu decken.<\/p>\n\n\n\n<p><\/p>\n<\/div>\n<\/div>\n\n\n\n<div style=\"height:40px\" aria-hidden=\"true\" class=\"wp-block-spacer\"><\/div>\n\n\n<div class=\"wp-block-image\">\n<figure class=\"aligncenter size-full\"><img loading=\"lazy\" decoding=\"async\" width=\"872\" height=\"622\" src=\"https:\/\/electronic-system-cockpit.fr\/wp-content\/uploads\/2022\/10\/1.jpg\" alt=\"\" class=\"wp-image-130\" srcset=\"https:\/\/electronic-system-cockpit.fr\/wp-content\/uploads\/2022\/10\/1.jpg 872w, https:\/\/electronic-system-cockpit.fr\/wp-content\/uploads\/2022\/10\/1-700x499.jpg 700w, https:\/\/electronic-system-cockpit.fr\/wp-content\/uploads\/2022\/10\/1-300x214.jpg 300w, https:\/\/electronic-system-cockpit.fr\/wp-content\/uploads\/2022\/10\/1-768x548.jpg 768w\" sizes=\"auto, (max-width: 872px) 100vw, 872px\" \/><\/figure>\n<\/div><\/div><\/div>\n<\/div><\/div>\n\n<div class=\"wp-block-cover alignfull\" style=\"min-height:600px;aspect-ratio:unset;\"><span aria-hidden=\"true\" class=\"wp-block-cover__background has-nv-dark-bg-background-color has-background-dim-100 has-background-dim\"><\/span><div class=\"wp-block-cover__inner-container is-layout-flow wp-block-cover-is-layout-flow\">\n<div class=\"wp-block-group\"><div class=\"wp-block-group__inner-container is-layout-flow wp-block-group-is-layout-flow\">\n<div style=\"height:80px\" aria-hidden=\"true\" class=\"wp-block-spacer\"><\/div>\n\n\n\n<div class=\"wp-block-columns are-vertically-aligned-center is-layout-flex wp-container-core-columns-is-layout-9d6595d7 wp-block-columns-is-layout-flex\">\n<div class=\"wp-block-column is-vertically-aligned-center is-layout-flow wp-block-column-is-layout-flow\" style=\"flex-basis:50%\">\n<h2 class=\"wp-block-heading has-nv-text-dark-bg-color has-text-color\">Eine passende L\u00f6sung f\u00fcr jedes Medium<\/h2>\n\n\n\n<p class=\"has-nv-text-dark-bg-color has-text-color\">ESC arbeitet an zahlreichen Projekten in Zusammenarbeit mit <a href=\"http:\/\/www.homecockpits.fr\">Homecockpits.de<\/a>, einem Hersteller von Simulatoren f\u00fcr den Airbus A320 und die allgemeine Luftfahrt (Cessna 172).<\/p>\n\n\n\n<p>Unsere Erfahrung hat es uns erm\u00f6glicht, die einfachste und effizienteste Elektronik auf dem Markt f\u00fcr Multi-Media-Schnittstellen f\u00fcr alle Arten von Flugzeugen und Simulationssoftware zu realisieren.  <\/p>\n\n\n\n<p class=\"has-nv-text-dark-bg-color has-text-color\"> <\/p>\n\n\n\n<div style=\"height:20px\" aria-hidden=\"true\" class=\"wp-block-spacer\"><\/div>\n\n\n\n<div style=\"height:20px\" aria-hidden=\"true\" class=\"wp-block-spacer\"><\/div>\n<\/div>\n\n\n\n<div class=\"wp-block-column is-vertically-aligned-center is-layout-flow wp-block-column-is-layout-flow\" style=\"flex-basis:50%\">\n<figure class=\"wp-block-image size-large\"><img loading=\"lazy\" decoding=\"async\" width=\"931\" height=\"1024\" src=\"https:\/\/electronic-system-cockpit.fr\/wp-content\/uploads\/2022\/10\/2-931x1024.jpg\" alt=\"\" class=\"wp-image-131\" srcset=\"https:\/\/electronic-system-cockpit.fr\/wp-content\/uploads\/2022\/10\/2-931x1024.jpg 931w, https:\/\/electronic-system-cockpit.fr\/wp-content\/uploads\/2022\/10\/2-700x770.jpg 700w, https:\/\/electronic-system-cockpit.fr\/wp-content\/uploads\/2022\/10\/2-273x300.jpg 273w, https:\/\/electronic-system-cockpit.fr\/wp-content\/uploads\/2022\/10\/2-768x845.jpg 768w, https:\/\/electronic-system-cockpit.fr\/wp-content\/uploads\/2022\/10\/2.jpg 1143w\" sizes=\"auto, (max-width: 931px) 100vw, 931px\" \/><\/figure>\n<\/div>\n<\/div>\n\n\n\n<div style=\"height:40px\" aria-hidden=\"true\" class=\"wp-block-spacer\"><\/div>\n<\/div><\/div>\n<\/div><\/div>\n","protected":false},"excerpt":{"rendered":"","protected":false},"author":1,"featured_media":0,"parent":0,"menu_order":0,"comment_status":"closed","ping_status":"closed","template":"","meta":{"neve_meta_sidebar":"","neve_meta_container":"","neve_meta_enable_content_width":"on","neve_meta_content_width":100,"neve_meta_title_alignment":"","neve_meta_author_avatar":"","neve_post_elements_order":"","neve_meta_disable_header":"off","neve_meta_disable_footer":"","neve_meta_disable_title":"on","footnotes":""},"class_list":["post-4144","page","type-page","status-publish","hentry"],"_links":{"self":[{"href":"https:\/\/electronic-system-cockpit.fr\/de\/wp-json\/wp\/v2\/pages\/4144","targetHints":{"allow":["GET"]}}],"collection":[{"href":"https:\/\/electronic-system-cockpit.fr\/de\/wp-json\/wp\/v2\/pages"}],"about":[{"href":"https:\/\/electronic-system-cockpit.fr\/de\/wp-json\/wp\/v2\/types\/page"}],"author":[{"embeddable":true,"href":"https:\/\/electronic-system-cockpit.fr\/de\/wp-json\/wp\/v2\/users\/1"}],"replies":[{"embeddable":true,"href":"https:\/\/electronic-system-cockpit.fr\/de\/wp-json\/wp\/v2\/comments?post=4144"}],"version-history":[{"count":0,"href":"https:\/\/electronic-system-cockpit.fr\/de\/wp-json\/wp\/v2\/pages\/4144\/revisions"}],"wp:attachment":[{"href":"https:\/\/electronic-system-cockpit.fr\/de\/wp-json\/wp\/v2\/media?parent=4144"}],"curies":[{"name":"wp","href":"https:\/\/api.w.org\/{rel}","templated":true}]}}