{"id":8840,"date":"2026-01-31T10:29:11","date_gmt":"2026-01-31T09:29:11","guid":{"rendered":"https:\/\/electronic-system-cockpit.fr\/note-usa\/"},"modified":"2026-01-31T10:30:06","modified_gmt":"2026-01-31T09:30:06","slug":"note-usa","status":"publish","type":"page","link":"https:\/\/electronic-system-cockpit.fr\/de\/note-usa\/","title":{"rendered":"NOTE USA"},"content":{"rendered":"\n<p><\/p>\n\n<p><\/p>\n\n<p class=\"has-text-align-center\"><strong>Liebe amerikanische Kunden .<\/strong><\/p>\n\n<p class=\"has-text-align-center\">Aufgrund der hohen Zoll- und Versandkosten sind wir nicht in der Lage, in die USA zu liefern.<\/p>\n\n<p class=\"has-text-align-center\">Die Zollgeb\u00fchren betragen derzeit 35% auf Ihre Eink\u00e4ufe und der Exportpreis ist sehr hoch.<\/p>\n\n<p class=\"has-text-align-center\">Wenn Sie die Kosten \u00fcbernehmen m\u00f6chten, kontaktieren Sie uns bitte direkt, um dies zu besprechen.<\/p>\n\n<p class=\"has-text-align-center\">Wir bedauern die Situation zutiefst.<\/p>\n\n<p class=\"has-text-align-center\">Das ESC-Team.<\/p>\n\n<p class=\"has-text-align-center\"><\/p>\n","protected":false},"excerpt":{"rendered":"<p>Liebe amerikanische Kunden . Aufgrund der hohen Zoll- und Versandkosten sind wir nicht in der Lage, in die USA zu liefern. Die Zollgeb\u00fchren betragen derzeit 35% auf Ihre Eink\u00e4ufe und der Exportpreis ist sehr hoch. Wenn Sie die Kosten \u00fcbernehmen m\u00f6chten, kontaktieren Sie uns bitte direkt, um dies zu besprechen. Wir bedauern die Situation zutiefst.&hellip;&nbsp;<a href=\"https:\/\/electronic-system-cockpit.fr\/de\/note-usa\/\" rel=\"bookmark\">Weiterlesen &raquo;<span class=\"screen-reader-text\">NOTE USA<\/span><\/a><\/p>\n","protected":false},"author":1,"featured_media":0,"parent":0,"menu_order":0,"comment_status":"closed","ping_status":"closed","template":"","meta":{"neve_meta_sidebar":"","neve_meta_container":"","neve_meta_enable_content_width":"","neve_meta_content_width":0,"neve_meta_title_alignment":"","neve_meta_author_avatar":"","neve_post_elements_order":"","neve_meta_disable_header":"","neve_meta_disable_footer":"","neve_meta_disable_title":"","footnotes":""},"class_list":["post-8840","page","type-page","status-publish","hentry"],"_links":{"self":[{"href":"https:\/\/electronic-system-cockpit.fr\/de\/wp-json\/wp\/v2\/pages\/8840","targetHints":{"allow":["GET"]}}],"collection":[{"href":"https:\/\/electronic-system-cockpit.fr\/de\/wp-json\/wp\/v2\/pages"}],"about":[{"href":"https:\/\/electronic-system-cockpit.fr\/de\/wp-json\/wp\/v2\/types\/page"}],"author":[{"embeddable":true,"href":"https:\/\/electronic-system-cockpit.fr\/de\/wp-json\/wp\/v2\/users\/1"}],"replies":[{"embeddable":true,"href":"https:\/\/electronic-system-cockpit.fr\/de\/wp-json\/wp\/v2\/comments?post=8840"}],"version-history":[{"count":0,"href":"https:\/\/electronic-system-cockpit.fr\/de\/wp-json\/wp\/v2\/pages\/8840\/revisions"}],"wp:attachment":[{"href":"https:\/\/electronic-system-cockpit.fr\/de\/wp-json\/wp\/v2\/media?parent=8840"}],"curies":[{"name":"wp","href":"https:\/\/api.w.org\/{rel}","templated":true}]}}