{"id":4502,"date":"2023-01-03T10:43:31","date_gmt":"2023-01-03T10:43:31","guid":{"rendered":"https:\/\/electronic-system-cockpit.fr\/produit\/extended-card-128-v2-arduino-mobiflight\/"},"modified":"2025-07-18T17:34:01","modified_gmt":"2025-07-18T15:34:01","slug":"extended-card-arduino-128","status":"publish","type":"product","link":"https:\/\/electronic-system-cockpit.fr\/de\/boutique\/extended-card-arduino-128\/","title":{"rendered":"Extended card 128 V2 Arduino Mobiflight"},"content":{"rendered":"<ol>\n<li>128er Erweiterungskarte f\u00fcr Arduino und Mobiflight<\/li>\n<\/ol>\n<p>Arduino mega r3 nicht im Lieferumfang enthalten<\/p>\n<p>Erm\u00f6glicht die Verwaltung der folgenden Elemente:<\/p>\n<p>128 Eintr\u00e4ge<\/p>\n<p>128 Ausg\u00e4nge mit integrierten Widerst\u00e4nden (250ohm)<\/p>\n<p>16 Encoder<\/p>\n<p>5 Servoausg\u00e4nge<\/p>\n<p>6 analoge Eing\u00e4nge mit Potentiometern<\/p>\n<p>1 PWM-Backlight-Ausgang<\/p>\n<p>Gemeinsame Masseklemmen (GND)<\/p>\n<p>Schnellanschlussklemmen<\/p>\n<p>Dokumentation zum Herunterladen :<\/p>\n<p><a href=\"https:\/\/electronic-system-cockpit.fr\/wp-content\/uploads\/2023\/10\/ESC-EXTENDED-128.zip\">DATASHEET<\/a><\/p>\n","protected":false},"excerpt":{"rendered":"<p>128er Erweiterungskarte f\u00fcr Arduino und Mobiflight Arduino mega r3 nicht im Lieferumfang enthalten Erm\u00f6glicht die Verwaltung der folgenden Elemente: 128 Eintr\u00e4ge 128 Ausg\u00e4nge mit integrierten Widerst\u00e4nden (250ohm) 16 Encoder 5 Servoausg\u00e4nge 6 analoge Eing\u00e4nge mit Potentiometern 1 PWM-Backlight-Ausgang Gemeinsame Masseklemmen (GND) Schnellanschlussklemmen Dokumentation zum Herunterladen : DATASHEET<\/p>\n","protected":false},"featured_media":5071,"template":"","meta":{"neve_meta_sidebar":"","neve_meta_container":"","neve_meta_enable_content_width":"off","neve_meta_content_width":100,"neve_meta_title_alignment":"","neve_meta_author_avatar":"","neve_post_elements_order":"","neve_meta_disable_header":"","neve_meta_disable_footer":"","neve_meta_disable_title":""},"product_brand":[],"product_cat":[178],"product_tag":[],"class_list":{"0":"post-4502","1":"product","2":"type-product","3":"status-publish","4":"has-post-thumbnail","6":"product_cat-arduino-de","8":"first","9":"instock","10":"shipping-taxable","11":"purchasable","12":"product-type-simple"},"_links":{"self":[{"href":"https:\/\/electronic-system-cockpit.fr\/de\/wp-json\/wp\/v2\/product\/4502","targetHints":{"allow":["GET"]}}],"collection":[{"href":"https:\/\/electronic-system-cockpit.fr\/de\/wp-json\/wp\/v2\/product"}],"about":[{"href":"https:\/\/electronic-system-cockpit.fr\/de\/wp-json\/wp\/v2\/types\/product"}],"wp:featuredmedia":[{"embeddable":true,"href":"https:\/\/electronic-system-cockpit.fr\/de\/wp-json\/wp\/v2\/media\/5071"}],"wp:attachment":[{"href":"https:\/\/electronic-system-cockpit.fr\/de\/wp-json\/wp\/v2\/media?parent=4502"}],"wp:term":[{"taxonomy":"product_brand","embeddable":true,"href":"https:\/\/electronic-system-cockpit.fr\/de\/wp-json\/wp\/v2\/product_brand?post=4502"},{"taxonomy":"product_cat","embeddable":true,"href":"https:\/\/electronic-system-cockpit.fr\/de\/wp-json\/wp\/v2\/product_cat?post=4502"},{"taxonomy":"product_tag","embeddable":true,"href":"https:\/\/electronic-system-cockpit.fr\/de\/wp-json\/wp\/v2\/product_tag?post=4502"}],"curies":[{"name":"wp","href":"https:\/\/api.w.org\/{rel}","templated":true}]}}