{"id":4505,"date":"2022-12-18T07:24:36","date_gmt":"2022-12-18T07:24:36","guid":{"rendered":"https:\/\/electronic-system-cockpit.fr\/produit\/karte-pedestal-a320\/"},"modified":"2024-06-18T14:21:30","modified_gmt":"2024-06-18T14:21:30","slug":"karte-pedestal-a320","status":"publish","type":"product","link":"https:\/\/electronic-system-cockpit.fr\/de\/boutique\/karte-pedestal-a320\/","title":{"rendered":"Karte PEDESTAL A320"},"content":{"rendered":"<p>Schnittstellenkarte PEDESTAL A320<\/p>\n<p><img loading=\"lazy\" decoding=\"async\" class=\"alignnone size-medium wp-image-5255\" src=\"https:\/\/electronic-system-cockpit.fr\/wp-content\/uploads\/2022\/12\/ped-a320-253x300.jpg\" alt=\"\" width=\"253\" height=\"300\" srcset=\"https:\/\/electronic-system-cockpit.fr\/wp-content\/uploads\/2022\/12\/ped-a320-253x300.jpg 253w, https:\/\/electronic-system-cockpit.fr\/wp-content\/uploads\/2022\/12\/ped-a320.jpg 415w\" sizes=\"auto, (max-width: 253px) 100vw, 253px\" \/><\/p>\n<p>inkl. Netzteil und Ethernet-Kabel<\/p>\n<p>Erm\u00f6glicht die Verbindung mit den A320 Pedestal-Modulen (mcdu exclut und Throttle).<\/p>\n<p>umfasst die Steuerung des Backlights mit 5 Volt<\/p>\n<p>alle led-ausg\u00e4nge, digits&#8230;.<\/p>\n<p>alle Eing\u00e4nge Kn\u00f6pfe, Drehregler, Encoder, Potentiometer&#8230;<\/p>\n<p>ideal f\u00fcr die Eigenherstellung oder kompatibel mit den Modulen von <a href=\"http:\/\/www.homecockpits.fr\">Homecockpits.de <\/a> <\/p>\n<p>Vollst\u00e4ndig programmiert und gebrauchsfertig mit wahlweise :<\/p>\n<p><strong>PROSIM-AR<\/strong> <strong>A322<\/strong><\/p>\n<p>oder <strong>JEEHELL FMGS A320<\/strong><\/p>\n<p><strong>oder FLIGHTFACTOR A320<\/strong>.<\/p>\n<p>Bitte kontaktieren Sie uns, um Ihr Programm auszuw\u00e4hlen.<\/p>\n<p><a href=\"https:\/\/electronic-system-cockpit.fr\/wp-content\/uploads\/2023\/10\/PEDESTAL.zip\">DATASHEET-Verdrahtungsplan<\/a><\/p>\n<p>&nbsp;<\/p>\n<div class=\"QmZWSe\">\n<div class=\"DHcWmd\"><\/div>\n<\/div>\n","protected":false},"excerpt":{"rendered":"<p>Schnittstellenkarte PEDESTAL A320 inkl. Netzteil und Ethernet-Kabel Erm\u00f6glicht die Verbindung mit den A320 Pedestal-Modulen (mcdu exclut und Throttle). umfasst die Steuerung des Backlights mit 5 Volt alle led-ausg\u00e4nge, digits&#8230;. alle Eing\u00e4nge Kn\u00f6pfe, Drehregler, Encoder, Potentiometer&#8230; ideal f\u00fcr die Eigenherstellung oder kompatibel mit den Modulen von Homecockpits.de Vollst\u00e4ndig programmiert und gebrauchsfertig mit wahlweise : PROSIM-AR A322&hellip;&nbsp;<a href=\"https:\/\/electronic-system-cockpit.fr\/de\/boutique\/karte-pedestal-a320\/\" rel=\"bookmark\">Weiterlesen &raquo;<span class=\"screen-reader-text\">Karte PEDESTAL A320<\/span><\/a><\/p>\n","protected":false},"featured_media":4987,"template":"","meta":{"neve_meta_sidebar":"","neve_meta_container":"","neve_meta_enable_content_width":"off","neve_meta_content_width":100,"neve_meta_title_alignment":"","neve_meta_author_avatar":"","neve_post_elements_order":"","neve_meta_disable_header":"","neve_meta_disable_footer":"","neve_meta_disable_title":""},"product_brand":[],"product_cat":[170],"product_tag":[],"class_list":{"0":"post-4505","1":"product","2":"type-product","3":"status-publish","4":"has-post-thumbnail","6":"product_cat-carte-mere-de","8":"first","9":"instock","10":"purchasable","11":"product-type-simple"},"_links":{"self":[{"href":"https:\/\/electronic-system-cockpit.fr\/de\/wp-json\/wp\/v2\/product\/4505","targetHints":{"allow":["GET"]}}],"collection":[{"href":"https:\/\/electronic-system-cockpit.fr\/de\/wp-json\/wp\/v2\/product"}],"about":[{"href":"https:\/\/electronic-system-cockpit.fr\/de\/wp-json\/wp\/v2\/types\/product"}],"wp:featuredmedia":[{"embeddable":true,"href":"https:\/\/electronic-system-cockpit.fr\/de\/wp-json\/wp\/v2\/media\/4987"}],"wp:attachment":[{"href":"https:\/\/electronic-system-cockpit.fr\/de\/wp-json\/wp\/v2\/media?parent=4505"}],"wp:term":[{"taxonomy":"product_brand","embeddable":true,"href":"https:\/\/electronic-system-cockpit.fr\/de\/wp-json\/wp\/v2\/product_brand?post=4505"},{"taxonomy":"product_cat","embeddable":true,"href":"https:\/\/electronic-system-cockpit.fr\/de\/wp-json\/wp\/v2\/product_cat?post=4505"},{"taxonomy":"product_tag","embeddable":true,"href":"https:\/\/electronic-system-cockpit.fr\/de\/wp-json\/wp\/v2\/product_tag?post=4505"}],"curies":[{"name":"wp","href":"https:\/\/api.w.org\/{rel}","templated":true}]}}