{"id":4511,"date":"2023-01-18T12:58:56","date_gmt":"2023-01-18T12:58:56","guid":{"rendered":"https:\/\/electronic-system-cockpit.fr\/produit\/modul-32-output-arduino-mobiflight\/"},"modified":"2025-07-19T10:04:51","modified_gmt":"2025-07-19T08:04:51","slug":"module-32-output-arduino-mobiflight","status":"publish","type":"product","link":"https:\/\/electronic-system-cockpit.fr\/de\/boutique\/module-32-output-arduino-mobiflight\/","title":{"rendered":"Modul 32 OUTPUT ARDUINO MOBIFLIGHT neue Version 2"},"content":{"rendered":"<p>Modul mit Schnellanschlussklemmen zum Hinzuf\u00fcgen von 32 LED-Ausg\u00e4ngen mit Mobiflight zu einem Arduino.<\/p>\n<p>5 Dr\u00e4hte erforderlich, um +5v, DATA Pin, CLOCK Pin, LATCH Pin und GND Pin anzuschlie\u00dfen.<\/p>\n<p>Integrierte 250 Ohm Widerst\u00e4nde.<\/p>\n<p>GND gemeinsame Masse f\u00fcr das Modul und die LEDs.<\/p>\n<p>Arduino mega R3 nicht im Lieferumfang enthalten.<\/p>\n<p>&nbsp;<\/p>\n","protected":false},"excerpt":{"rendered":"<p>Modul mit Schnellanschlussklemmen zum Hinzuf\u00fcgen von 32 LED-Ausg\u00e4ngen mit Mobiflight zu einem Arduino. 5 Dr\u00e4hte erforderlich, um +5v, DATA Pin, CLOCK Pin, LATCH Pin und GND Pin anzuschlie\u00dfen. Integrierte 250 Ohm Widerst\u00e4nde. GND gemeinsame Masse f\u00fcr das Modul und die LEDs. Arduino mega R3 nicht im Lieferumfang enthalten. &nbsp;<\/p>\n","protected":false},"featured_media":8006,"template":"","meta":{"neve_meta_sidebar":"","neve_meta_container":"","neve_meta_enable_content_width":"off","neve_meta_content_width":100,"neve_meta_title_alignment":"","neve_meta_author_avatar":"","neve_post_elements_order":"","neve_meta_disable_header":"","neve_meta_disable_footer":"","neve_meta_disable_title":""},"product_brand":[],"product_cat":[178],"product_tag":[],"class_list":{"0":"post-4511","1":"product","2":"type-product","3":"status-publish","4":"has-post-thumbnail","6":"product_cat-arduino-de","8":"first","9":"instock","10":"shipping-taxable","11":"purchasable","12":"product-type-simple"},"_links":{"self":[{"href":"https:\/\/electronic-system-cockpit.fr\/de\/wp-json\/wp\/v2\/product\/4511","targetHints":{"allow":["GET"]}}],"collection":[{"href":"https:\/\/electronic-system-cockpit.fr\/de\/wp-json\/wp\/v2\/product"}],"about":[{"href":"https:\/\/electronic-system-cockpit.fr\/de\/wp-json\/wp\/v2\/types\/product"}],"wp:featuredmedia":[{"embeddable":true,"href":"https:\/\/electronic-system-cockpit.fr\/de\/wp-json\/wp\/v2\/media\/8006"}],"wp:attachment":[{"href":"https:\/\/electronic-system-cockpit.fr\/de\/wp-json\/wp\/v2\/media?parent=4511"}],"wp:term":[{"taxonomy":"product_brand","embeddable":true,"href":"https:\/\/electronic-system-cockpit.fr\/de\/wp-json\/wp\/v2\/product_brand?post=4511"},{"taxonomy":"product_cat","embeddable":true,"href":"https:\/\/electronic-system-cockpit.fr\/de\/wp-json\/wp\/v2\/product_cat?post=4511"},{"taxonomy":"product_tag","embeddable":true,"href":"https:\/\/electronic-system-cockpit.fr\/de\/wp-json\/wp\/v2\/product_tag?post=4511"}],"curies":[{"name":"wp","href":"https:\/\/api.w.org\/{rel}","templated":true}]}}