{"id":4531,"date":"2023-01-18T12:53:06","date_gmt":"2023-01-18T12:53:06","guid":{"rendered":"https:\/\/electronic-system-cockpit.fr\/produit\/modul-32-input-arduino-mobiflight\/"},"modified":"2025-07-19T10:08:48","modified_gmt":"2025-07-19T08:08:48","slug":"module-32-input-arduino-mobiflight","status":"publish","type":"product","link":"https:\/\/electronic-system-cockpit.fr\/de\/boutique\/module-32-input-arduino-mobiflight\/","title":{"rendered":"Modul 32 INPUT ARDUINO MOBIFLIGHT"},"content":{"rendered":"<p>Schnellanschlussmodul zum Hinzuf\u00fcgen von 32 Eing\u00e4ngen mit Mobiflight zu einem Arduino.<\/p>\n<p>5-Draht-Anschluss f\u00fcr +5v, DATA-Pin, CLOCK-Pin, LATCH-Pin und GND-Pin erforderlich.<\/p>\n<p>Gemeinsame GND-Masse f\u00fcr das Modul und die Eing\u00e4nge.<\/p>\n<p>Arduino mega R3 nicht im Lieferumfang enthalten.<\/p>\n<p>&nbsp;<\/p>\n","protected":false},"excerpt":{"rendered":"<p>Schnellanschlussmodul zum Hinzuf\u00fcgen von 32 Eing\u00e4ngen mit Mobiflight zu einem Arduino. 5-Draht-Anschluss f\u00fcr +5v, DATA-Pin, CLOCK-Pin, LATCH-Pin und GND-Pin erforderlich. Gemeinsame GND-Masse f\u00fcr das Modul und die Eing\u00e4nge. Arduino mega R3 nicht im Lieferumfang enthalten. &nbsp;<\/p>\n","protected":false},"featured_media":8013,"template":"","meta":{"neve_meta_sidebar":"","neve_meta_container":"","neve_meta_enable_content_width":"off","neve_meta_content_width":100,"neve_meta_title_alignment":"","neve_meta_author_avatar":"","neve_post_elements_order":"","neve_meta_disable_header":"","neve_meta_disable_footer":"","neve_meta_disable_title":""},"product_brand":[],"product_cat":[178],"product_tag":[],"class_list":{"0":"post-4531","1":"product","2":"type-product","3":"status-publish","4":"has-post-thumbnail","6":"product_cat-arduino-de","8":"first","9":"instock","10":"shipping-taxable","11":"purchasable","12":"product-type-simple"},"_links":{"self":[{"href":"https:\/\/electronic-system-cockpit.fr\/de\/wp-json\/wp\/v2\/product\/4531","targetHints":{"allow":["GET"]}}],"collection":[{"href":"https:\/\/electronic-system-cockpit.fr\/de\/wp-json\/wp\/v2\/product"}],"about":[{"href":"https:\/\/electronic-system-cockpit.fr\/de\/wp-json\/wp\/v2\/types\/product"}],"wp:featuredmedia":[{"embeddable":true,"href":"https:\/\/electronic-system-cockpit.fr\/de\/wp-json\/wp\/v2\/media\/8013"}],"wp:attachment":[{"href":"https:\/\/electronic-system-cockpit.fr\/de\/wp-json\/wp\/v2\/media?parent=4531"}],"wp:term":[{"taxonomy":"product_brand","embeddable":true,"href":"https:\/\/electronic-system-cockpit.fr\/de\/wp-json\/wp\/v2\/product_brand?post=4531"},{"taxonomy":"product_cat","embeddable":true,"href":"https:\/\/electronic-system-cockpit.fr\/de\/wp-json\/wp\/v2\/product_cat?post=4531"},{"taxonomy":"product_tag","embeddable":true,"href":"https:\/\/electronic-system-cockpit.fr\/de\/wp-json\/wp\/v2\/product_tag?post=4531"}],"curies":[{"name":"wp","href":"https:\/\/api.w.org\/{rel}","templated":true}]}}