{"id":4551,"date":"2022-12-18T07:27:42","date_gmt":"2022-12-18T06:27:42","guid":{"rendered":"https:\/\/electronic-system-cockpit.fr\/produit\/overhead-a320-karte\/"},"modified":"2024-06-18T14:20:45","modified_gmt":"2024-06-18T14:20:45","slug":"karte-overhead-a320","status":"publish","type":"product","link":"https:\/\/electronic-system-cockpit.fr\/de\/boutique\/karte-overhead-a320\/","title":{"rendered":"OVERHEAD A320 Karte"},"content":{"rendered":"<p>OVERHEAD A320 Schnittstellenkarte<\/p>\n<p><img loading=\"lazy\" decoding=\"async\" class=\"alignnone size-medium wp-image-5242\" src=\"https:\/\/electronic-system-cockpit.fr\/wp-content\/uploads\/2022\/12\/ovh-a320-300x184.jpg\" alt=\"\" width=\"300\" height=\"184\" srcset=\"https:\/\/electronic-system-cockpit.fr\/wp-content\/uploads\/2022\/12\/ovh-a320-300x184.jpg 300w, https:\/\/electronic-system-cockpit.fr\/wp-content\/uploads\/2022\/12\/ovh-a320-1024x627.jpg 1024w, https:\/\/electronic-system-cockpit.fr\/wp-content\/uploads\/2022\/12\/ovh-a320-768x470.jpg 768w, https:\/\/electronic-system-cockpit.fr\/wp-content\/uploads\/2022\/12\/ovh-a320-700x429.jpg 700w, https:\/\/electronic-system-cockpit.fr\/wp-content\/uploads\/2022\/12\/ovh-a320.jpg 1078w\" sizes=\"auto, (max-width: 300px) 100vw, 300px\" \/><\/p>\n<p>inkl. Netzteil und Ethernet-Kabel<\/p>\n<p>Erm\u00f6glicht die Schnittstelle zum Overhead A320<\/p>\n<p>umfasst die Steuerung des Backlights mit 5 Volt<\/p>\n<p>alle led-ausg\u00e4nge, digits&#8230;.<\/p>\n<p>alle Eing\u00e4nge Kn\u00f6pfe, Drehregler, Encoder, Potentiometer&#8230;<\/p>\n<p>ideal f\u00fcr die Eigenherstellung oder kompatibel mit den Modulen von <a href=\"http:\/\/www.homecockpits.fr\">Homecockpits.de <\/a> <\/p>\n<p>Vollst\u00e4ndig programmiert und gebrauchsfertig mit wahlweise :<\/p>\n<p><strong>PROSIM-AR<\/strong> <strong>A322<\/strong><\/p>\n<p>oder <strong>JEEHELL FMGS A320<\/strong><\/p>\n<p><strong>oder FLIGHTFACTOR A320<\/strong>.<\/p>\n<p>Bitte kontaktieren Sie uns, um Ihr Programm auszuw\u00e4hlen.<\/p>\n<p><a href=\"https:\/\/electronic-system-cockpit.fr\/wp-content\/uploads\/2023\/10\/OVERHEAD.zip\">DATASHEET-Verdrahtungsplan<\/a><\/p>\n<p>&nbsp;<\/p>\n<div class=\"QmZWSe\">\n<div class=\"DHcWmd\"><\/div>\n<\/div>\n","protected":false},"excerpt":{"rendered":"<p>OVERHEAD A320 Schnittstellenkarte inkl. Netzteil und Ethernet-Kabel Erm\u00f6glicht die Schnittstelle zum Overhead A320 umfasst die Steuerung des Backlights mit 5 Volt alle led-ausg\u00e4nge, digits&#8230;. alle Eing\u00e4nge Kn\u00f6pfe, Drehregler, Encoder, Potentiometer&#8230; ideal f\u00fcr die Eigenherstellung oder kompatibel mit den Modulen von Homecockpits.de Vollst\u00e4ndig programmiert und gebrauchsfertig mit wahlweise : PROSIM-AR A322 oder JEEHELL FMGS A320 oder&hellip;&nbsp;<a href=\"https:\/\/electronic-system-cockpit.fr\/de\/boutique\/karte-overhead-a320\/\" rel=\"bookmark\">Weiterlesen &raquo;<span class=\"screen-reader-text\">OVERHEAD A320 Karte<\/span><\/a><\/p>\n","protected":false},"featured_media":7911,"template":"","meta":{"neve_meta_sidebar":"","neve_meta_container":"","neve_meta_enable_content_width":"off","neve_meta_content_width":100,"neve_meta_title_alignment":"","neve_meta_author_avatar":"","neve_post_elements_order":"","neve_meta_disable_header":"","neve_meta_disable_footer":"","neve_meta_disable_title":""},"product_brand":[],"product_cat":[200,170],"product_tag":[],"class_list":{"0":"post-4551","1":"product","2":"type-product","3":"status-publish","4":"has-post-thumbnail","6":"product_cat-airbus-a320-de","7":"product_cat-carte-mere-de","9":"first","10":"instock","11":"purchasable","12":"product-type-simple"},"_links":{"self":[{"href":"https:\/\/electronic-system-cockpit.fr\/de\/wp-json\/wp\/v2\/product\/4551","targetHints":{"allow":["GET"]}}],"collection":[{"href":"https:\/\/electronic-system-cockpit.fr\/de\/wp-json\/wp\/v2\/product"}],"about":[{"href":"https:\/\/electronic-system-cockpit.fr\/de\/wp-json\/wp\/v2\/types\/product"}],"wp:featuredmedia":[{"embeddable":true,"href":"https:\/\/electronic-system-cockpit.fr\/de\/wp-json\/wp\/v2\/media\/7911"}],"wp:attachment":[{"href":"https:\/\/electronic-system-cockpit.fr\/de\/wp-json\/wp\/v2\/media?parent=4551"}],"wp:term":[{"taxonomy":"product_brand","embeddable":true,"href":"https:\/\/electronic-system-cockpit.fr\/de\/wp-json\/wp\/v2\/product_brand?post=4551"},{"taxonomy":"product_cat","embeddable":true,"href":"https:\/\/electronic-system-cockpit.fr\/de\/wp-json\/wp\/v2\/product_cat?post=4551"},{"taxonomy":"product_tag","embeddable":true,"href":"https:\/\/electronic-system-cockpit.fr\/de\/wp-json\/wp\/v2\/product_tag?post=4551"}],"curies":[{"name":"wp","href":"https:\/\/api.w.org\/{rel}","templated":true}]}}