{"id":4553,"date":"2022-12-18T05:58:03","date_gmt":"2022-12-18T05:58:03","guid":{"rendered":"https:\/\/electronic-system-cockpit.fr\/produit\/erweiterte-v1-arduino-karte-fuer-mobiflight\/"},"modified":"2025-07-18T17:33:57","modified_gmt":"2025-07-18T15:33:57","slug":"extended-card-arduino-for-mobiflight","status":"publish","type":"product","link":"https:\/\/electronic-system-cockpit.fr\/de\/boutique\/extended-card-arduino-for-mobiflight\/","title":{"rendered":"Erweiterte V1 Arduino-Karte f\u00fcr Mobiflight"},"content":{"rendered":"<p>Erweiterungskarte f\u00fcr Arduino und Mobiflight<\/p>\n<p>Arduino mega r3 nicht im Lieferumfang enthalten<\/p>\n<p>Erm\u00f6glicht die Verwaltung der folgenden Elemente:<\/p>\n<p>32 Eintr\u00e4ge<\/p>\n<p>32 Ausg\u00e4nge mit eingebauten Widerst\u00e4nden (250ohm)<\/p>\n<p>16 Encoder<\/p>\n<p>5 Servoausg\u00e4nge<\/p>\n<p>1 Schrittmotorausgang<\/p>\n<p>9 analoge Eing\u00e4nge Potentiometer<\/p>\n<p>1 PWM 5-Volt-Backlight-Ausgang<\/p>\n<p>3 Ausg\u00e4nge 7-Segment-Display max7219 (insgesamt 24 Digits)<\/p>\n<p>Gemeinsame Masseklemmen (GND)<\/p>\n<p>Schnellanschlussklemmen<\/p>\n<p><img loading=\"lazy\" decoding=\"async\" class=\"alignnone size-medium wp-image-5073\" src=\"https:\/\/electronic-system-cockpit.fr\/wp-content\/uploads\/2022\/12\/demo-2-300x135.jpg\" alt=\"\" width=\"300\" height=\"135\" srcset=\"https:\/\/electronic-system-cockpit.fr\/wp-content\/uploads\/2022\/12\/demo-2-300x135.jpg 300w, https:\/\/electronic-system-cockpit.fr\/wp-content\/uploads\/2022\/12\/demo-2-1024x460.jpg 1024w, https:\/\/electronic-system-cockpit.fr\/wp-content\/uploads\/2022\/12\/demo-2-768x345.jpg 768w, https:\/\/electronic-system-cockpit.fr\/wp-content\/uploads\/2022\/12\/demo-2-1536x690.jpg 1536w, https:\/\/electronic-system-cockpit.fr\/wp-content\/uploads\/2022\/12\/demo-2-2048x920.jpg 2048w, https:\/\/electronic-system-cockpit.fr\/wp-content\/uploads\/2022\/12\/demo-2-700x314.jpg 700w\" sizes=\"auto, (max-width: 300px) 100vw, 300px\" \/><\/p>\n<p><a href=\"https:\/\/electronic-system-cockpit.fr\/wp-content\/uploads\/2023\/10\/ESC-EXTENDED-CARD.zip\">DATASHEET<\/a><\/p>\n<p>&nbsp;<\/p>\n<p>&nbsp;<\/p>\n<p>&nbsp;<\/p>\n","protected":false},"excerpt":{"rendered":"<p>Erweiterungskarte f\u00fcr Arduino und Mobiflight Arduino mega r3 nicht im Lieferumfang enthalten Erm\u00f6glicht die Verwaltung der folgenden Elemente: 32 Eintr\u00e4ge 32 Ausg\u00e4nge mit eingebauten Widerst\u00e4nden (250ohm) 16 Encoder 5 Servoausg\u00e4nge 1 Schrittmotorausgang 9 analoge Eing\u00e4nge Potentiometer 1 PWM 5-Volt-Backlight-Ausgang 3 Ausg\u00e4nge 7-Segment-Display max7219 (insgesamt 24 Digits) Gemeinsame Masseklemmen (GND) Schnellanschlussklemmen DATASHEET &nbsp; &nbsp; &nbsp;<\/p>\n","protected":false},"featured_media":5031,"template":"","meta":{"neve_meta_sidebar":"","neve_meta_container":"","neve_meta_enable_content_width":"off","neve_meta_content_width":100,"neve_meta_title_alignment":"","neve_meta_author_avatar":"","neve_post_elements_order":"","neve_meta_disable_header":"","neve_meta_disable_footer":"","neve_meta_disable_title":""},"product_brand":[],"product_cat":[178],"product_tag":[],"class_list":{"0":"post-4553","1":"product","2":"type-product","3":"status-publish","4":"has-post-thumbnail","6":"product_cat-arduino-de","8":"first","9":"instock","10":"purchasable","11":"product-type-simple"},"_links":{"self":[{"href":"https:\/\/electronic-system-cockpit.fr\/de\/wp-json\/wp\/v2\/product\/4553","targetHints":{"allow":["GET"]}}],"collection":[{"href":"https:\/\/electronic-system-cockpit.fr\/de\/wp-json\/wp\/v2\/product"}],"about":[{"href":"https:\/\/electronic-system-cockpit.fr\/de\/wp-json\/wp\/v2\/types\/product"}],"wp:featuredmedia":[{"embeddable":true,"href":"https:\/\/electronic-system-cockpit.fr\/de\/wp-json\/wp\/v2\/media\/5031"}],"wp:attachment":[{"href":"https:\/\/electronic-system-cockpit.fr\/de\/wp-json\/wp\/v2\/media?parent=4553"}],"wp:term":[{"taxonomy":"product_brand","embeddable":true,"href":"https:\/\/electronic-system-cockpit.fr\/de\/wp-json\/wp\/v2\/product_brand?post=4553"},{"taxonomy":"product_cat","embeddable":true,"href":"https:\/\/electronic-system-cockpit.fr\/de\/wp-json\/wp\/v2\/product_cat?post=4553"},{"taxonomy":"product_tag","embeddable":true,"href":"https:\/\/electronic-system-cockpit.fr\/de\/wp-json\/wp\/v2\/product_tag?post=4553"}],"curies":[{"name":"wp","href":"https:\/\/api.w.org\/{rel}","templated":true}]}}