{"id":4565,"date":"2023-06-09T10:16:21","date_gmt":"2023-06-09T10:16:21","guid":{"rendered":"https:\/\/electronic-system-cockpit.fr\/produit\/after-card-ovh-a320\/"},"modified":"2024-06-18T14:19:59","modified_gmt":"2024-06-18T14:19:59","slug":"karte-after-ovh-a320","status":"publish","type":"product","link":"https:\/\/electronic-system-cockpit.fr\/de\/boutique\/karte-after-ovh-a320\/","title":{"rendered":"after card ovh a320"},"content":{"rendered":"<p>Schnittstellenkarte AFTER OVERHEAD A320<\/p>\n<p>inkl. Netzteil und Ethernet-Kabel<\/p>\n<p>Erm\u00f6glicht die Schnittstelle zur After-Ovh A320<\/p>\n<p>umfasst die Steuerung des Backlights mit 5 Volt<\/p>\n<p>alle led-ausg\u00e4nge, digits&#8230;.<\/p>\n<p>alle Eing\u00e4nge Kn\u00f6pfe, Drehregler, Encoder, Potentiometer&#8230;<\/p>\n<p>ideal f\u00fcr die Eigenherstellung oder kompatibel mit den Modulen von <a href=\"http:\/\/www.homecockpits.fr\">Homecockpits.de <\/a> <\/p>\n<p>Vollst\u00e4ndig programmiert und gebrauchsfertig mit wahlweise :<\/p>\n<p><strong>PROSIM-AR<\/strong> <strong>A322<\/strong><\/p>\n<p>oder <strong>JEEHELL FMGS A320<\/strong><\/p>\n<p><strong>oder FLIGHTFACTOR A320<\/strong>.<\/p>\n<p>Bitte kontaktieren Sie uns, um Ihr Programm auszuw\u00e4hlen.<\/p>\n","protected":false},"excerpt":{"rendered":"<p>Schnittstellenkarte AFTER OVERHEAD A320 inkl. Netzteil und Ethernet-Kabel Erm\u00f6glicht die Schnittstelle zur After-Ovh A320 umfasst die Steuerung des Backlights mit 5 Volt alle led-ausg\u00e4nge, digits&#8230;. alle Eing\u00e4nge Kn\u00f6pfe, Drehregler, Encoder, Potentiometer&#8230; ideal f\u00fcr die Eigenherstellung oder kompatibel mit den Modulen von Homecockpits.de Vollst\u00e4ndig programmiert und gebrauchsfertig mit wahlweise : PROSIM-AR A322 oder JEEHELL FMGS A320&hellip;&nbsp;<a href=\"https:\/\/electronic-system-cockpit.fr\/de\/boutique\/karte-after-ovh-a320\/\" rel=\"bookmark\">Weiterlesen &raquo;<span class=\"screen-reader-text\">after card ovh a320<\/span><\/a><\/p>\n","protected":false},"featured_media":0,"template":"","meta":{"neve_meta_sidebar":"","neve_meta_container":"","neve_meta_enable_content_width":"off","neve_meta_content_width":100,"neve_meta_title_alignment":"","neve_meta_author_avatar":"","neve_post_elements_order":"","neve_meta_disable_header":"","neve_meta_disable_footer":"","neve_meta_disable_title":""},"product_brand":[],"product_cat":[200,170],"product_tag":[],"class_list":{"0":"post-4565","1":"product","2":"type-product","3":"status-publish","5":"product_cat-airbus-a320-de","6":"product_cat-carte-mere-de","8":"first","9":"instock","10":"shipping-taxable","11":"purchasable","12":"product-type-simple"},"_links":{"self":[{"href":"https:\/\/electronic-system-cockpit.fr\/de\/wp-json\/wp\/v2\/product\/4565","targetHints":{"allow":["GET"]}}],"collection":[{"href":"https:\/\/electronic-system-cockpit.fr\/de\/wp-json\/wp\/v2\/product"}],"about":[{"href":"https:\/\/electronic-system-cockpit.fr\/de\/wp-json\/wp\/v2\/types\/product"}],"wp:attachment":[{"href":"https:\/\/electronic-system-cockpit.fr\/de\/wp-json\/wp\/v2\/media?parent=4565"}],"wp:term":[{"taxonomy":"product_brand","embeddable":true,"href":"https:\/\/electronic-system-cockpit.fr\/de\/wp-json\/wp\/v2\/product_brand?post=4565"},{"taxonomy":"product_cat","embeddable":true,"href":"https:\/\/electronic-system-cockpit.fr\/de\/wp-json\/wp\/v2\/product_cat?post=4565"},{"taxonomy":"product_tag","embeddable":true,"href":"https:\/\/electronic-system-cockpit.fr\/de\/wp-json\/wp\/v2\/product_tag?post=4565"}],"curies":[{"name":"wp","href":"https:\/\/api.w.org\/{rel}","templated":true}]}}