{"id":4597,"date":"2023-07-18T12:20:49","date_gmt":"2023-07-18T12:20:49","guid":{"rendered":"https:\/\/electronic-system-cockpit.fr\/produit\/mobiflight-arduino-adapterkarte-fuer-fcu-a320-bildschirm-kav-simulation\/"},"modified":"2025-07-18T18:10:10","modified_gmt":"2025-07-18T16:10:10","slug":"adapterboard-arduino-mobiflight-fur-fcu-a320-bildschirm-kav-simulation","status":"publish","type":"product","link":"https:\/\/electronic-system-cockpit.fr\/de\/boutique\/adapterboard-arduino-mobiflight-fur-fcu-a320-bildschirm-kav-simulation\/","title":{"rendered":"Mobiflight Arduino-Adapterkarte f\u00fcr FCU A320 Kav Simulation Bildschirm"},"content":{"rendered":"<p>Adapterkarte f\u00fcr Mobiflight arduino<\/p>\n<p>Kompatibel mit der FCU von Homecockpits.de, die<a href=\"https:\/\/www.homecockpits.fr\/fr\/accueil\/444-489-fcu-a320.html#\/76-finition-push_pull_home_line\"> hier<\/a> erh\u00e4ltlich ist<\/p>\n<p>Verwaltung aller Ein- und Ausg\u00e4nge<\/p>\n<p>Verwaltung des Backlights in PWM<\/p>\n<p> DATASHEET<\/p>\n<p>arduino mega R3 nicht im Lieferumfang enthalten<\/p>\n","protected":false},"excerpt":{"rendered":"<p>Adapterkarte f\u00fcr Mobiflight arduino Kompatibel mit der FCU von Homecockpits.de, die hier erh\u00e4ltlich ist Verwaltung aller Ein- und Ausg\u00e4nge Verwaltung des Backlights in PWM DATASHEET arduino mega R3 nicht im Lieferumfang enthalten<\/p>\n","protected":false},"featured_media":4976,"template":"","meta":{"neve_meta_sidebar":"","neve_meta_container":"","neve_meta_enable_content_width":"off","neve_meta_content_width":100,"neve_meta_title_alignment":"","neve_meta_author_avatar":"","neve_post_elements_order":"","neve_meta_disable_header":"","neve_meta_disable_footer":"","neve_meta_disable_title":""},"product_brand":[],"product_cat":[200,170,178],"product_tag":[],"class_list":{"0":"post-4597","1":"product","2":"type-product","3":"status-publish","4":"has-post-thumbnail","6":"product_cat-airbus-a320-de","7":"product_cat-carte-mere-de","8":"product_cat-arduino-de","10":"first","11":"instock","12":"shipping-taxable","13":"purchasable","14":"product-type-simple"},"_links":{"self":[{"href":"https:\/\/electronic-system-cockpit.fr\/de\/wp-json\/wp\/v2\/product\/4597","targetHints":{"allow":["GET"]}}],"collection":[{"href":"https:\/\/electronic-system-cockpit.fr\/de\/wp-json\/wp\/v2\/product"}],"about":[{"href":"https:\/\/electronic-system-cockpit.fr\/de\/wp-json\/wp\/v2\/types\/product"}],"wp:featuredmedia":[{"embeddable":true,"href":"https:\/\/electronic-system-cockpit.fr\/de\/wp-json\/wp\/v2\/media\/4976"}],"wp:attachment":[{"href":"https:\/\/electronic-system-cockpit.fr\/de\/wp-json\/wp\/v2\/media?parent=4597"}],"wp:term":[{"taxonomy":"product_brand","embeddable":true,"href":"https:\/\/electronic-system-cockpit.fr\/de\/wp-json\/wp\/v2\/product_brand?post=4597"},{"taxonomy":"product_cat","embeddable":true,"href":"https:\/\/electronic-system-cockpit.fr\/de\/wp-json\/wp\/v2\/product_cat?post=4597"},{"taxonomy":"product_tag","embeddable":true,"href":"https:\/\/electronic-system-cockpit.fr\/de\/wp-json\/wp\/v2\/product_tag?post=4597"}],"curies":[{"name":"wp","href":"https:\/\/api.w.org\/{rel}","templated":true}]}}