{"id":5534,"date":"2023-11-29T16:32:43","date_gmt":"2023-11-29T16:32:43","guid":{"rendered":"https:\/\/electronic-system-cockpit.fr\/produit\/panel-switch-mfd-multifunktionale-steuerung\/"},"modified":"2025-08-21T16:00:30","modified_gmt":"2025-08-21T14:00:30","slug":"panel-switch-mfd-multifunktionale-steuerung","status":"publish","type":"product","link":"https:\/\/electronic-system-cockpit.fr\/de\/boutique\/panel-switch-mfd-multifunktionale-steuerung\/","title":{"rendered":"Panel Switch MFD (Multifunktionale Steuerung)"},"content":{"rendered":"<p>Panel switch mfd H145<\/p>\n<p>&nbsp;<\/p>\n<p>&nbsp;<\/p>\n<p>Elektronischer Schaltkreis mit gr\u00fcner Hintergrundbeleuchtung enth\u00e4lt .<\/p>\n<p>IDC-Anschluss .<\/p>\n<p>Inklusive Anmeldetabelle .<\/p>\n<p>PLUG AND PLAY auf Mobiflight und Hype SImulation mit der Hauptplatine, die <a href=\"https:\/\/electronic-system-cockpit.fr\/produit\/carte-mere-pedestal-h145\/\">HIER<\/a> erh\u00e4ltlich ist.<\/p>\n<p>Gegenseite 3 mm, Vorderseite 6 mm.<\/p>\n<p>Gr\u00f6\u00dfe 146*65mm<\/p>\n<p>Dzus M4 includes<\/p>\n<p><a href=\"https:\/\/electronic-system-cockpit.fr\/wp-content\/uploads\/2023\/11\/connexion-pin-pedestal-H145.pdf\">DATASHEET VERBINDUNGSPLAN<\/a><\/p>\n<p>Die Lieferzeit kann je nach Komplexit\u00e4t des Moduls zwischen 1 und 2 Wochen betragen.<\/p>\n","protected":false},"excerpt":{"rendered":"<p>Panel switch mfd H145 &nbsp; &nbsp; Elektronischer Schaltkreis mit gr\u00fcner Hintergrundbeleuchtung enth\u00e4lt . IDC-Anschluss . Inklusive Anmeldetabelle . PLUG AND PLAY auf Mobiflight und Hype SImulation mit der Hauptplatine, die HIER erh\u00e4ltlich ist. Gegenseite 3 mm, Vorderseite 6 mm. Gr\u00f6\u00dfe 146*65mm Dzus M4 includes DATASHEET VERBINDUNGSPLAN Die Lieferzeit kann je nach Komplexit\u00e4t des Moduls zwischen&hellip;&nbsp;<a href=\"https:\/\/electronic-system-cockpit.fr\/de\/boutique\/panel-switch-mfd-multifunktionale-steuerung\/\" rel=\"bookmark\">Weiterlesen &raquo;<span class=\"screen-reader-text\">Panel Switch MFD (Multifunktionale Steuerung)<\/span><\/a><\/p>\n","protected":false},"featured_media":8234,"template":"","meta":{"neve_meta_sidebar":"","neve_meta_container":"","neve_meta_enable_content_width":"off","neve_meta_content_width":100,"neve_meta_title_alignment":"","neve_meta_author_avatar":"","neve_post_elements_order":"","neve_meta_disable_header":"","neve_meta_disable_footer":"","neve_meta_disable_title":""},"product_brand":[],"product_cat":[210,211],"product_tag":[],"class_list":{"0":"post-5534","1":"product","2":"type-product","3":"status-publish","4":"has-post-thumbnail","6":"product_cat-airbus-helicopter-de","7":"product_cat-pedestal-de","9":"first","10":"instock","11":"shipping-taxable","12":"purchasable","13":"product-type-simple"},"_links":{"self":[{"href":"https:\/\/electronic-system-cockpit.fr\/de\/wp-json\/wp\/v2\/product\/5534","targetHints":{"allow":["GET"]}}],"collection":[{"href":"https:\/\/electronic-system-cockpit.fr\/de\/wp-json\/wp\/v2\/product"}],"about":[{"href":"https:\/\/electronic-system-cockpit.fr\/de\/wp-json\/wp\/v2\/types\/product"}],"wp:featuredmedia":[{"embeddable":true,"href":"https:\/\/electronic-system-cockpit.fr\/de\/wp-json\/wp\/v2\/media\/8234"}],"wp:attachment":[{"href":"https:\/\/electronic-system-cockpit.fr\/de\/wp-json\/wp\/v2\/media?parent=5534"}],"wp:term":[{"taxonomy":"product_brand","embeddable":true,"href":"https:\/\/electronic-system-cockpit.fr\/de\/wp-json\/wp\/v2\/product_brand?post=5534"},{"taxonomy":"product_cat","embeddable":true,"href":"https:\/\/electronic-system-cockpit.fr\/de\/wp-json\/wp\/v2\/product_cat?post=5534"},{"taxonomy":"product_tag","embeddable":true,"href":"https:\/\/electronic-system-cockpit.fr\/de\/wp-json\/wp\/v2\/product_tag?post=5534"}],"curies":[{"name":"wp","href":"https:\/\/api.w.org\/{rel}","templated":true}]}}