{"id":5546,"date":"2023-11-29T16:43:15","date_gmt":"2023-11-29T16:43:15","guid":{"rendered":"https:\/\/electronic-system-cockpit.fr\/produit\/2er-set-gns-gtn-750\/"},"modified":"2025-08-21T15:56:17","modified_gmt":"2025-08-21T13:56:17","slug":"2er-set-gns-gtn-750","status":"publish","type":"product","link":"https:\/\/electronic-system-cockpit.fr\/de\/boutique\/2er-set-gns-gtn-750\/","title":{"rendered":"2er-Set GTN 750"},"content":{"rendered":"<p>GNS 750 H145<\/p>\n<p>Touchscreen beinhaltet<\/p>\n<p>Ben\u00f6tigt die Software <a href=\"https:\/\/fr.flightsim.to\/file\/35759\/msfs-pop-out-panel-manager\">msfs popout panel manager<\/a>, um Fenster anzuzeigen und die Touch-Funktion in Hype Simulation verf\u00fcgbar zu machen .<\/p>\n<p>Inklusive usb- und HDMI-Stromkabel .<\/p>\n<p>Hintere Befestigung nach Vesa-Standards m\u00f6glich<\/p>\n<p>Elektronischer Schaltkreis mit gr\u00fcner Hintergrundbeleuchtung enth\u00e4lt .<\/p>\n<p>IDC-Anschluss .<\/p>\n<p>Inklusive Anmeldetabelle .<\/p>\n<p>PLUG AND PLAY auf Mobiflight und Hype SImulation mit der Hauptplatine, die <a href=\"https:\/\/electronic-system-cockpit.fr\/produit\/carte-mere-pedestal-h145\/\">HIER<\/a> erh\u00e4ltlich ist.<\/p>\n<p>&nbsp;<\/p>\n<p>Gr\u00f6\u00dfe 298*179mm<\/p>\n<p>&nbsp;<\/p>\n<p><a href=\"https:\/\/electronic-system-cockpit.fr\/wp-content\/uploads\/2023\/11\/connexion-pin-pedestal-H145.pdf\">DATASHEET VERBINDUNGSPLAN<\/a><\/p>\n<p>Die Lieferzeit kann je nach Komplexit\u00e4t des Moduls zwischen 1 und 2 Wochen betragen.<\/p>\n","protected":false},"excerpt":{"rendered":"<p>GNS 750 H145 Touchscreen beinhaltet Ben\u00f6tigt die Software msfs popout panel manager, um Fenster anzuzeigen und die Touch-Funktion in Hype Simulation verf\u00fcgbar zu machen . Inklusive usb- und HDMI-Stromkabel . Hintere Befestigung nach Vesa-Standards m\u00f6glich Elektronischer Schaltkreis mit gr\u00fcner Hintergrundbeleuchtung enth\u00e4lt . IDC-Anschluss . Inklusive Anmeldetabelle . PLUG AND PLAY auf Mobiflight und Hype SImulation&hellip;&nbsp;<a href=\"https:\/\/electronic-system-cockpit.fr\/de\/boutique\/2er-set-gns-gtn-750\/\" rel=\"bookmark\">Weiterlesen &raquo;<span class=\"screen-reader-text\">2er-Set GTN 750<\/span><\/a><\/p>\n","protected":false},"featured_media":8213,"template":"","meta":{"neve_meta_sidebar":"","neve_meta_container":"","neve_meta_enable_content_width":"off","neve_meta_content_width":100,"neve_meta_title_alignment":"","neve_meta_author_avatar":"","neve_post_elements_order":"","neve_meta_disable_header":"","neve_meta_disable_footer":"","neve_meta_disable_title":""},"product_brand":[],"product_cat":[210,211],"product_tag":[],"class_list":{"0":"post-5546","1":"product","2":"type-product","3":"status-publish","4":"has-post-thumbnail","6":"product_cat-airbus-helicopter-de","7":"product_cat-pedestal-de","9":"first","10":"instock","11":"featured","12":"shipping-taxable","13":"purchasable","14":"product-type-simple"},"_links":{"self":[{"href":"https:\/\/electronic-system-cockpit.fr\/de\/wp-json\/wp\/v2\/product\/5546","targetHints":{"allow":["GET"]}}],"collection":[{"href":"https:\/\/electronic-system-cockpit.fr\/de\/wp-json\/wp\/v2\/product"}],"about":[{"href":"https:\/\/electronic-system-cockpit.fr\/de\/wp-json\/wp\/v2\/types\/product"}],"wp:featuredmedia":[{"embeddable":true,"href":"https:\/\/electronic-system-cockpit.fr\/de\/wp-json\/wp\/v2\/media\/8213"}],"wp:attachment":[{"href":"https:\/\/electronic-system-cockpit.fr\/de\/wp-json\/wp\/v2\/media?parent=5546"}],"wp:term":[{"taxonomy":"product_brand","embeddable":true,"href":"https:\/\/electronic-system-cockpit.fr\/de\/wp-json\/wp\/v2\/product_brand?post=5546"},{"taxonomy":"product_cat","embeddable":true,"href":"https:\/\/electronic-system-cockpit.fr\/de\/wp-json\/wp\/v2\/product_cat?post=5546"},{"taxonomy":"product_tag","embeddable":true,"href":"https:\/\/electronic-system-cockpit.fr\/de\/wp-json\/wp\/v2\/product_tag?post=5546"}],"curies":[{"name":"wp","href":"https:\/\/api.w.org\/{rel}","templated":true}]}}