{"id":6241,"date":"2024-01-16T08:59:18","date_gmt":"2024-01-16T08:59:18","guid":{"rendered":"https:\/\/electronic-system-cockpit.fr\/produit\/backplate-35mm\/"},"modified":"2025-08-21T15:55:05","modified_gmt":"2025-08-21T13:55:05","slug":"backplate-35mm","status":"publish","type":"product","link":"https:\/\/electronic-system-cockpit.fr\/de\/boutique\/backplate-35mm\/","title":{"rendered":"Backplate 35mm"},"content":{"rendered":"<p>Dekorative Backplate<\/p>\n<p>ABS-Harz<\/p>\n<p>Dzus inkl.<\/p>\n<p>Gr\u00f6\u00dfe 146*35mm<\/p>\n<p>Herstellung auf Bestellung, die Lieferzeit kann je nach Komplexit\u00e4t des Moduls 1 bis 2 Wochen betragen.<\/p>\n","protected":false},"excerpt":{"rendered":"<p>Dekorative Backplate ABS-Harz Dzus inkl. Gr\u00f6\u00dfe 146*35mm Herstellung auf Bestellung, die Lieferzeit kann je nach Komplexit\u00e4t des Moduls 1 bis 2 Wochen betragen.<\/p>\n","protected":false},"featured_media":8122,"template":"","meta":{"neve_meta_sidebar":"","neve_meta_container":"","neve_meta_enable_content_width":"off","neve_meta_content_width":100,"neve_meta_title_alignment":"","neve_meta_author_avatar":"","neve_post_elements_order":"","neve_meta_disable_header":"","neve_meta_disable_footer":"","neve_meta_disable_title":""},"product_brand":[],"product_cat":[210,211],"product_tag":[],"class_list":{"0":"post-6241","1":"product","2":"type-product","3":"status-publish","4":"has-post-thumbnail","6":"product_cat-airbus-helicopter-de","7":"product_cat-pedestal-de","9":"first","10":"instock","11":"shipping-taxable","12":"purchasable","13":"product-type-simple"},"_links":{"self":[{"href":"https:\/\/electronic-system-cockpit.fr\/de\/wp-json\/wp\/v2\/product\/6241","targetHints":{"allow":["GET"]}}],"collection":[{"href":"https:\/\/electronic-system-cockpit.fr\/de\/wp-json\/wp\/v2\/product"}],"about":[{"href":"https:\/\/electronic-system-cockpit.fr\/de\/wp-json\/wp\/v2\/types\/product"}],"wp:featuredmedia":[{"embeddable":true,"href":"https:\/\/electronic-system-cockpit.fr\/de\/wp-json\/wp\/v2\/media\/8122"}],"wp:attachment":[{"href":"https:\/\/electronic-system-cockpit.fr\/de\/wp-json\/wp\/v2\/media?parent=6241"}],"wp:term":[{"taxonomy":"product_brand","embeddable":true,"href":"https:\/\/electronic-system-cockpit.fr\/de\/wp-json\/wp\/v2\/product_brand?post=6241"},{"taxonomy":"product_cat","embeddable":true,"href":"https:\/\/electronic-system-cockpit.fr\/de\/wp-json\/wp\/v2\/product_cat?post=6241"},{"taxonomy":"product_tag","embeddable":true,"href":"https:\/\/electronic-system-cockpit.fr\/de\/wp-json\/wp\/v2\/product_tag?post=6241"}],"curies":[{"name":"wp","href":"https:\/\/api.w.org\/{rel}","templated":true}]}}