{"id":6290,"date":"2024-01-26T08:31:10","date_gmt":"2024-01-26T08:31:10","guid":{"rendered":"https:\/\/electronic-system-cockpit.fr\/produit\/overhead-h145\/"},"modified":"2026-03-12T12:01:20","modified_gmt":"2026-03-12T11:01:20","slug":"overhead-h145","status":"publish","type":"product","link":"https:\/\/electronic-system-cockpit.fr\/de\/boutique\/overhead-h145\/","title":{"rendered":"OVERHEAD H145 HEMS Version V2"},"content":{"rendered":"<p>OVHD H145<\/p>\n<p>vollst\u00e4ndig kompatibel und plug and play mit Hype simulation und Mobiflight .<\/p>\n<p>kompatibel mit XFER H145 auf Xplane und Mobiflight.<\/p>\n<p>inklusive Hintergrundbeleuchtung<\/p>\n<p>arduino mega R3 mini enthalten<\/p>\n<p>&nbsp;<\/p>\n<p>Der vollst\u00e4ndige Code wird bei der Bestellung per E-Mail \u00fcbermittelt.<\/p>\n<p>&nbsp;<\/p>\n<p>USB-Kabel enthalten<\/p>\n<p>Inklusive 5-Volt-Stromversorgung.<\/p>\n<p>Abmessungen DXF-Format <a href=\"https:\/\/electronic-system-cockpit.fr\/wp-content\/uploads\/2024\/01\/ensemble-oh.zip\">hier<\/a> erh\u00e4ltlich .<\/p>\n<p>Die Lieferzeit kann zwischen 1 und 2 Wochen betragen.<\/p>\n","protected":false},"excerpt":{"rendered":"<p>OVHD H145 vollst\u00e4ndig kompatibel und plug and play mit Hype simulation und Mobiflight . kompatibel mit XFER H145 auf Xplane und Mobiflight. inklusive Hintergrundbeleuchtung arduino mega R3 mini enthalten &nbsp; Der vollst\u00e4ndige Code wird bei der Bestellung per E-Mail \u00fcbermittelt. &nbsp; USB-Kabel enthalten Inklusive 5-Volt-Stromversorgung. Abmessungen DXF-Format hier erh\u00e4ltlich . Die Lieferzeit kann zwischen 1&hellip;&nbsp;<a href=\"https:\/\/electronic-system-cockpit.fr\/de\/boutique\/overhead-h145\/\" rel=\"bookmark\">Weiterlesen &raquo;<span class=\"screen-reader-text\">OVERHEAD H145 HEMS Version V2<\/span><\/a><\/p>\n","protected":false},"featured_media":8898,"template":"","meta":{"neve_meta_sidebar":"","neve_meta_container":"","neve_meta_enable_content_width":"off","neve_meta_content_width":100,"neve_meta_title_alignment":"","neve_meta_author_avatar":"","neve_post_elements_order":"","neve_meta_disable_header":"","neve_meta_disable_footer":"","neve_meta_disable_title":""},"product_brand":[],"product_cat":[210,262],"product_tag":[],"class_list":{"0":"post-6290","1":"product","2":"type-product","3":"status-publish","4":"has-post-thumbnail","6":"product_cat-airbus-helicopter-de","7":"product_cat-ovh-de","9":"first","10":"instock","11":"shipping-taxable","12":"purchasable","13":"product-type-simple"},"_links":{"self":[{"href":"https:\/\/electronic-system-cockpit.fr\/de\/wp-json\/wp\/v2\/product\/6290","targetHints":{"allow":["GET"]}}],"collection":[{"href":"https:\/\/electronic-system-cockpit.fr\/de\/wp-json\/wp\/v2\/product"}],"about":[{"href":"https:\/\/electronic-system-cockpit.fr\/de\/wp-json\/wp\/v2\/types\/product"}],"wp:featuredmedia":[{"embeddable":true,"href":"https:\/\/electronic-system-cockpit.fr\/de\/wp-json\/wp\/v2\/media\/8898"}],"wp:attachment":[{"href":"https:\/\/electronic-system-cockpit.fr\/de\/wp-json\/wp\/v2\/media?parent=6290"}],"wp:term":[{"taxonomy":"product_brand","embeddable":true,"href":"https:\/\/electronic-system-cockpit.fr\/de\/wp-json\/wp\/v2\/product_brand?post=6290"},{"taxonomy":"product_cat","embeddable":true,"href":"https:\/\/electronic-system-cockpit.fr\/de\/wp-json\/wp\/v2\/product_cat?post=6290"},{"taxonomy":"product_tag","embeddable":true,"href":"https:\/\/electronic-system-cockpit.fr\/de\/wp-json\/wp\/v2\/product_tag?post=6290"}],"curies":[{"name":"wp","href":"https:\/\/api.w.org\/{rel}","templated":true}]}}