{"id":6377,"date":"2024-02-10T10:52:02","date_gmt":"2024-02-10T10:52:02","guid":{"rendered":"https:\/\/electronic-system-cockpit.fr\/produit\/set-aus-2-breakers-panels-h145\/"},"modified":"2025-08-21T16:40:58","modified_gmt":"2025-08-21T14:40:58","slug":"set-aus-2-breakers-panels-h145","status":"publish","type":"product","link":"https:\/\/electronic-system-cockpit.fr\/de\/boutique\/set-aus-2-breakers-panels-h145\/","title":{"rendered":"Set aus 2 Breakers-Panels H145"},"content":{"rendered":"<p>H145 Breakers Panel<\/p>\n<p>wird \u00fcber zwei Steckverbinder mit dem OVHD verbunden<\/p>\n<p>Hintergrundbeleuchtung enthalten<\/p>\n<p>Nicht funktionierende Breakers Attrappen<\/p>\n<p>Funktionierende TIE GEN BUS Switches<\/p>\n<p>Der vollst\u00e4ndige Code wird bei der Bestellung per E-Mail zur Verf\u00fcgung gestellt.<\/p>\n<p>Abmessungen im DXF-Format <a href=\"https:\/\/electronic-system-cockpit.fr\/wp-content\/uploads\/2024\/01\/ensemble-oh.zip\">hier<\/a> verf\u00fcgbar.<\/p>\n<p>Auftragsfertigung, die Lieferzeit kann 1 bis 2 Wochen betragen.<\/p>\n","protected":false},"excerpt":{"rendered":"<p>H145 Breakers Panel wird \u00fcber zwei Steckverbinder mit dem OVHD verbunden Hintergrundbeleuchtung enthalten Nicht funktionierende Breakers Attrappen Funktionierende TIE GEN BUS Switches Der vollst\u00e4ndige Code wird bei der Bestellung per E-Mail zur Verf\u00fcgung gestellt. Abmessungen im DXF-Format hier verf\u00fcgbar. Auftragsfertigung, die Lieferzeit kann 1 bis 2 Wochen betragen.<\/p>\n","protected":false},"featured_media":8444,"template":"","meta":{"neve_meta_sidebar":"","neve_meta_container":"","neve_meta_enable_content_width":"off","neve_meta_content_width":100,"neve_meta_title_alignment":"","neve_meta_author_avatar":"","neve_post_elements_order":"","neve_meta_disable_header":"","neve_meta_disable_footer":"","neve_meta_disable_title":""},"product_brand":[],"product_cat":[210,262],"product_tag":[],"class_list":{"0":"post-6377","1":"product","2":"type-product","3":"status-publish","4":"has-post-thumbnail","6":"product_cat-airbus-helicopter-de","7":"product_cat-ovh-de","9":"first","10":"instock","11":"shipping-taxable","12":"purchasable","13":"product-type-simple"},"_links":{"self":[{"href":"https:\/\/electronic-system-cockpit.fr\/de\/wp-json\/wp\/v2\/product\/6377","targetHints":{"allow":["GET"]}}],"collection":[{"href":"https:\/\/electronic-system-cockpit.fr\/de\/wp-json\/wp\/v2\/product"}],"about":[{"href":"https:\/\/electronic-system-cockpit.fr\/de\/wp-json\/wp\/v2\/types\/product"}],"wp:featuredmedia":[{"embeddable":true,"href":"https:\/\/electronic-system-cockpit.fr\/de\/wp-json\/wp\/v2\/media\/8444"}],"wp:attachment":[{"href":"https:\/\/electronic-system-cockpit.fr\/de\/wp-json\/wp\/v2\/media?parent=6377"}],"wp:term":[{"taxonomy":"product_brand","embeddable":true,"href":"https:\/\/electronic-system-cockpit.fr\/de\/wp-json\/wp\/v2\/product_brand?post=6377"},{"taxonomy":"product_cat","embeddable":true,"href":"https:\/\/electronic-system-cockpit.fr\/de\/wp-json\/wp\/v2\/product_cat?post=6377"},{"taxonomy":"product_tag","embeddable":true,"href":"https:\/\/electronic-system-cockpit.fr\/de\/wp-json\/wp\/v2\/product_tag?post=6377"}],"curies":[{"name":"wp","href":"https:\/\/api.w.org\/{rel}","templated":true}]}}