{"id":6962,"date":"2024-06-03T13:40:52","date_gmt":"2024-06-03T13:40:52","guid":{"rendered":"https:\/\/electronic-system-cockpit.fr\/produit\/iesi-rahmen-h145\/"},"modified":"2025-08-19T14:52:25","modified_gmt":"2025-08-19T12:52:25","slug":"iesi-rahmen-h145","status":"publish","type":"product","link":"https:\/\/electronic-system-cockpit.fr\/de\/boutique\/iesi-rahmen-h145\/","title":{"rendered":"IESI-RAHMEN H145"},"content":{"rendered":"<p>IESI H145 Panelrahmen<\/p>\n<p>Tasten, Push, Encoder, LEDs, schnittstellenf\u00e4hig .<\/p>\n<p>Elektronischer Schaltkreis mit gr\u00fcner Hintergrundbeleuchtung enth\u00e4lt .<\/p>\n<p>FFC-Anschluss .<\/p>\n<p>Inklusive Anmeldetabelle .<\/p>\n<p>PLUG AND PLAY auf Mobiflight und Hype SImulation mit der Hauptplatine, die <a href=\"https:\/\/electronic-system-cockpit.fr\/produit\/carte-mere-mip-mfd-h145\/\">HIER<\/a> erh\u00e4ltlich ist.<\/p>\n<p>ABS-Harz<\/p>\n<p>Gr\u00f6\u00dfe 94.5*89.5 mm<\/p>\n<p>M4 Schrauben enthalten.<\/p>\n<p><a href=\"https:\/\/electronic-system-cockpit.fr\/wp-content\/uploads\/2024\/06\/datasheet-MIP-dxf.zip\">DATASHEET MIP H145<\/a><\/p>\n<p>Die Lieferzeit kann je nach Komplexit\u00e4t des Moduls zwischen 1 und 2 Wochen betragen.<\/p>\n","protected":false},"excerpt":{"rendered":"<p>IESI H145 Panelrahmen Tasten, Push, Encoder, LEDs, schnittstellenf\u00e4hig . Elektronischer Schaltkreis mit gr\u00fcner Hintergrundbeleuchtung enth\u00e4lt . FFC-Anschluss . Inklusive Anmeldetabelle . PLUG AND PLAY auf Mobiflight und Hype SImulation mit der Hauptplatine, die HIER erh\u00e4ltlich ist. ABS-Harz Gr\u00f6\u00dfe 94.5*89.5 mm M4 Schrauben enthalten. DATASHEET MIP H145 Die Lieferzeit kann je nach Komplexit\u00e4t des Moduls zwischen&hellip;&nbsp;<a href=\"https:\/\/electronic-system-cockpit.fr\/de\/boutique\/iesi-rahmen-h145\/\" rel=\"bookmark\">Weiterlesen &raquo;<span class=\"screen-reader-text\">IESI-RAHMEN H145<\/span><\/a><\/p>\n","protected":false},"featured_media":8381,"template":"","meta":{"neve_meta_sidebar":"","neve_meta_container":"","neve_meta_enable_content_width":"off","neve_meta_content_width":100,"neve_meta_title_alignment":"","neve_meta_author_avatar":"","neve_post_elements_order":"","neve_meta_disable_header":"","neve_meta_disable_footer":"","neve_meta_disable_title":""},"product_brand":[],"product_cat":[210,268],"product_tag":[],"class_list":{"0":"post-6962","1":"product","2":"type-product","3":"status-publish","4":"has-post-thumbnail","6":"product_cat-airbus-helicopter-de","7":"product_cat-mip-glareshield-de","9":"first","10":"instock","11":"shipping-taxable","12":"purchasable","13":"product-type-simple"},"_links":{"self":[{"href":"https:\/\/electronic-system-cockpit.fr\/de\/wp-json\/wp\/v2\/product\/6962","targetHints":{"allow":["GET"]}}],"collection":[{"href":"https:\/\/electronic-system-cockpit.fr\/de\/wp-json\/wp\/v2\/product"}],"about":[{"href":"https:\/\/electronic-system-cockpit.fr\/de\/wp-json\/wp\/v2\/types\/product"}],"wp:featuredmedia":[{"embeddable":true,"href":"https:\/\/electronic-system-cockpit.fr\/de\/wp-json\/wp\/v2\/media\/8381"}],"wp:attachment":[{"href":"https:\/\/electronic-system-cockpit.fr\/de\/wp-json\/wp\/v2\/media?parent=6962"}],"wp:term":[{"taxonomy":"product_brand","embeddable":true,"href":"https:\/\/electronic-system-cockpit.fr\/de\/wp-json\/wp\/v2\/product_brand?post=6962"},{"taxonomy":"product_cat","embeddable":true,"href":"https:\/\/electronic-system-cockpit.fr\/de\/wp-json\/wp\/v2\/product_cat?post=6962"},{"taxonomy":"product_tag","embeddable":true,"href":"https:\/\/electronic-system-cockpit.fr\/de\/wp-json\/wp\/v2\/product_tag?post=6962"}],"curies":[{"name":"wp","href":"https:\/\/api.w.org\/{rel}","templated":true}]}}