{"id":6976,"date":"2024-06-03T14:18:26","date_gmt":"2024-06-03T14:18:26","guid":{"rendered":"https:\/\/electronic-system-cockpit.fr\/produit\/kit-zusammengesetzte-anzeiger-6-packs-h145\/"},"modified":"2025-08-19T14:52:12","modified_gmt":"2025-08-19T12:52:12","slug":"kit-zusammengesetzte-anzeiger-6-packs-h145","status":"publish","type":"product","link":"https:\/\/electronic-system-cockpit.fr\/de\/boutique\/kit-zusammengesetzte-anzeiger-6-packs-h145\/","title":{"rendered":"KIT Zusammengesetzte Anzeiger 6 Packs H145"},"content":{"rendered":"<p>KIT FMS-Radioindikator zur Montage auf einem 5 mm dicken Tr\u00e4ger.<\/p>\n<p>&nbsp;<\/p>\n<p>Tasten, Push, Leds, schnittstellenf\u00e4hig .<\/p>\n<p>Elektronischer Schaltkreis mit gr\u00fcner Hintergrundbeleuchtung enth\u00e4lt .<\/p>\n<p>IDC-Anschluss .<\/p>\n<p>Inklusive Anmeldetabelle .<\/p>\n<p>PLUG AND PLAY auf Mobiflight und Hype SImulation mit der Hauptplatine, die <a href=\"https:\/\/electronic-system-cockpit.fr\/produit\/carte-mere-mip-mfd-h145\/\">HIER<\/a> erh\u00e4ltlich ist.<\/p>\n<p>ABS-Harz<\/p>\n<p>Gr\u00f6\u00dfe (siehe Datasheet im DXF-Format)<\/p>\n<p>M2 Schrauben enthalten.<\/p>\n<p><a href=\"https:\/\/electronic-system-cockpit.fr\/wp-content\/uploads\/2024\/06\/datasheet-MIP-dxf.zip\">DATASHEET MIP H145<\/a><\/p>\n<p>Die Lieferzeit kann je nach Komplexit\u00e4t des Moduls zwischen 1 und 2 Wochen betragen.<\/p>\n","protected":false},"excerpt":{"rendered":"<p>KIT FMS-Radioindikator zur Montage auf einem 5 mm dicken Tr\u00e4ger. &nbsp; Tasten, Push, Leds, schnittstellenf\u00e4hig . Elektronischer Schaltkreis mit gr\u00fcner Hintergrundbeleuchtung enth\u00e4lt . IDC-Anschluss . Inklusive Anmeldetabelle . PLUG AND PLAY auf Mobiflight und Hype SImulation mit der Hauptplatine, die HIER erh\u00e4ltlich ist. ABS-Harz Gr\u00f6\u00dfe (siehe Datasheet im DXF-Format) M2 Schrauben enthalten. DATASHEET MIP H145&hellip;&nbsp;<a href=\"https:\/\/electronic-system-cockpit.fr\/de\/boutique\/kit-zusammengesetzte-anzeiger-6-packs-h145\/\" rel=\"bookmark\">Weiterlesen &raquo;<span class=\"screen-reader-text\">KIT Zusammengesetzte Anzeiger 6 Packs H145<\/span><\/a><\/p>\n","protected":false},"featured_media":8395,"template":"","meta":{"neve_meta_sidebar":"","neve_meta_container":"","neve_meta_enable_content_width":"off","neve_meta_content_width":100,"neve_meta_title_alignment":"","neve_meta_author_avatar":"","neve_post_elements_order":"","neve_meta_disable_header":"","neve_meta_disable_footer":"","neve_meta_disable_title":""},"product_brand":[],"product_cat":[210,268],"product_tag":[],"class_list":{"0":"post-6976","1":"product","2":"type-product","3":"status-publish","4":"has-post-thumbnail","6":"product_cat-airbus-helicopter-de","7":"product_cat-mip-glareshield-de","9":"first","10":"instock","11":"shipping-taxable","12":"purchasable","13":"product-type-simple"},"_links":{"self":[{"href":"https:\/\/electronic-system-cockpit.fr\/de\/wp-json\/wp\/v2\/product\/6976","targetHints":{"allow":["GET"]}}],"collection":[{"href":"https:\/\/electronic-system-cockpit.fr\/de\/wp-json\/wp\/v2\/product"}],"about":[{"href":"https:\/\/electronic-system-cockpit.fr\/de\/wp-json\/wp\/v2\/types\/product"}],"wp:featuredmedia":[{"embeddable":true,"href":"https:\/\/electronic-system-cockpit.fr\/de\/wp-json\/wp\/v2\/media\/8395"}],"wp:attachment":[{"href":"https:\/\/electronic-system-cockpit.fr\/de\/wp-json\/wp\/v2\/media?parent=6976"}],"wp:term":[{"taxonomy":"product_brand","embeddable":true,"href":"https:\/\/electronic-system-cockpit.fr\/de\/wp-json\/wp\/v2\/product_brand?post=6976"},{"taxonomy":"product_cat","embeddable":true,"href":"https:\/\/electronic-system-cockpit.fr\/de\/wp-json\/wp\/v2\/product_cat?post=6976"},{"taxonomy":"product_tag","embeddable":true,"href":"https:\/\/electronic-system-cockpit.fr\/de\/wp-json\/wp\/v2\/product_tag?post=6976"}],"curies":[{"name":"wp","href":"https:\/\/api.w.org\/{rel}","templated":true}]}}