{"id":4129,"date":"2022-10-25T12:14:36","date_gmt":"2022-10-25T12:14:36","guid":{"rendered":"https:\/\/electronic-system-cockpit.fr\/informacion-juridica\/"},"modified":"2024-06-12T16:13:21","modified_gmt":"2024-06-12T16:13:21","slug":"informacion-juridica","status":"publish","type":"page","link":"https:\/\/electronic-system-cockpit.fr\/es\/informacion-juridica\/","title":{"rendered":"Informaci\u00f3n jur\u00eddica"},"content":{"rendered":"\n<p class=\"has-text-align-center\">Nombre de la empresa: Greg HAMEL &#8211; ESC<br\/>Domicilio social: 3 impasse carr\u00e9e<br\/>27930 SAINT-LUC<br\/>Francia  <\/p>\n\n<p class=\"has-text-align-center\">Tel: 07 66 48 58 93 contact@electronic-system-cockpit.fr<\/p>\n\n<p class=\"has-text-align-center\">RCS Evreux: 920239837<\/p>\n\n<p class=\"has-text-align-center\">APE 2612Z<\/p>\n\n<p><\/p>\n\n<p class=\"has-text-align-center\" id=\"infoclient\">Director de la publicaci\u00f3n: Greg HAMEL<\/p>\n\n<p class=\"has-text-align-center\" id=\"hebergeur\">Anfitri\u00f3n : IONOS  <br\/>Nombre de la empresa: 1&amp;1 Internet SARL<br\/>Sede social: 7 place de la gare &#8211; BP 70109<br\/>57201 Sarreguemines Cedex<br\/>RCS. de Sarreguemines: B 431 303 775  <\/p>\n\n<p class=\"has-text-align-center\">Este sitio es propiedad de ESC, con sede en 3 impasse carr\u00e9e 27930 SAINT-LUC.<\/p>\n\n<h3 class=\"wp-block-heading has-text-align-center\">1 &#8211; Condiciones de uso del sitio<\/h3>\n\n<p class=\"has-text-align-center\">ESC presta sus servicios a condici\u00f3n de que usted se comprometa a respetar las presentes condiciones de uso, que ESC podr\u00e1 modificar en cualquier momento.<\/p>\n\n<h3 class=\"wp-block-heading has-text-align-center\">2 &#8211; Propiedad intelectual<\/h3>\n\n<p class=\"has-text-align-center\">De conformidad con las leyes que rigen la propiedad intelectual, queda estrictamente prohibida la reproducci\u00f3n o utilizaci\u00f3n total o parcial de los elementos que se encuentran en este sitio web. S\u00f3lo se mantienen las excepciones legales, en particular la actuaci\u00f3n dentro del c\u00edrculo familiar, la copia privada y el derecho de cita abreviada.<\/p>\n\n<p class=\"has-text-align-center\">Todos los textos, fotos, logotipos, marcas y dem\u00e1s elementos reproducidos en este sitio est\u00e1n reservados y protegidos por el derecho de propiedad intelectual. (derechos de autor, derechos conexos, derecho de marcas, etc.).<\/p>\n\n<p class=\"has-text-align-center\">Cualquier representaci\u00f3n total o parcial de este sitio web por cualquier medio sin la autorizaci\u00f3n expresa del operador del sitio web est\u00e1 prohibida y constituye una infracci\u00f3n sancionada por los art\u00edculos L 335-2 y siguientes del C\u00f3digo franc\u00e9s de la Propiedad Intelectual.<\/p>\n\n<p class=\"has-text-align-center\">Lo mismo ocurre con las bases de datos que aparecen en el sitio web, que est\u00e1n protegidas por las disposiciones de la Ley de 11 de julio de 1998 por la que se incorpora al C\u00f3digo de la Propiedad Intelectual la Directiva europea de 11 de marzo de 1996 sobre la protecci\u00f3n jur\u00eddica de las bases de datos.<\/p>\n\n<h3 class=\"wp-block-heading has-text-align-center\">3 &#8211; Datos personales<\/h3>\n\n<p class=\"has-text-align-center\">ESC se compromete a mantener la confidencialidad de los datos personales facilitados por el usuario del sitio y a no transferirlos a otras empresas u organizaciones. ESC se compromete a garantizar a toda persona que lo solicite el derecho de acceso, rectificaci\u00f3n y supresi\u00f3n de los datos que le conciernen.<\/p>\n\n<h3 class=\"wp-block-heading has-text-align-center\">4 &#8211; Responsabilidad civil<\/h3>\n\n<p class=\"has-text-align-center\">ESC declina toda responsabilidad por las dificultades que puedan surgir al acceder a su sitio o por cualquier fallo de comunicaci\u00f3n.<\/p>\n\n<p class=\"has-text-align-center\">ESC se reserva el derecho a modificar, interrumpir temporal o permanentemente la totalidad o parte del sitio sin previo aviso. ESC no podr\u00e1 en ning\u00fan caso ser considerada responsable ante usted o ante terceros por cualquier modificaci\u00f3n, interrupci\u00f3n o suspensi\u00f3n del sitio.<\/p>\n\n<h3 class=\"wp-block-heading has-text-align-center\">5 &#8211; Enlaces de hipertexto<\/h3>\n\n<p class=\"has-text-align-center\">Usted es libre de establecer enlaces a este sitio siempre que no perjudiquen la imagen de su editor. Est\u00e1 autorizado a crear enlaces a p\u00e1ginas del sitio en los siguientes formatos: html, php, xml.<\/p>\n\n<p class=\"has-text-align-center\">Se proh\u00edbe la pr\u00e1ctica del framing, as\u00ed como cualquier otra pr\u00e1ctica o t\u00e9cnica que pueda inducir a confusi\u00f3n al p\u00fablico.<\/p>\n\n<p class=\"has-text-align-center\">Est\u00e1n prohibidos los enlaces profundos a documentos en formato pdf, doc o rtf. Este tipo de documento no le permite leer estas condiciones de uso.<\/p>\n\n<p class=\"has-text-align-center\">ESC no se responsabiliza en modo alguno del contenido de los sitios web accesibles a trav\u00e9s de su sitio web.<\/p>\n\n<p><\/p>\n\n<p class=\"has-text-align-center has-medium-font-size\"><strong>6 &#8211; Pedido &#8211; Entrega &#8211; Garant\u00eda<\/strong><\/p>\n\n<div class=\"wp-block-group is-vertical is-layout-flex wp-container-core-group-is-layout-8cf370e7 wp-block-group-is-layout-flex\">\n<div class=\"wp-block-group\"><div class=\"wp-block-group__inner-container is-layout-constrained wp-block-group-is-layout-constrained\">\n<p>El plazo de ENTREGA indicado al realizar el pedido se facilita a t\u00edtulo informativo y no est\u00e1 garantizado en modo alguno. En consecuencia, cualquier retraso en la disponibilidad de los productos no dar\u00e1 lugar a reclamaci\u00f3n alguna por parte del CLIENTE:<\/p>\n\n\n\n<ul class=\"wp-block-list\">\n<li>la concesi\u00f3n de da\u00f1os y perjuicios;<\/li>\n\n\n\n<li>asignaci\u00f3n de sanciones ;<\/li>\n<\/ul>\n\n\n\n<p>Es responsabilidad del CLIENTE comprobar la mercanc\u00eda entregada en el momento de su entrega.<\/p>\n\n\n\n<p>En caso de mercanc\u00eda faltante, da\u00f1ada o de no conformidad aparente, el CLIENTE deber\u00e1 hacer todas las reservas necesarias en el albar\u00e1n de entrega a la recepci\u00f3n de dicha mercanc\u00eda. Estas reservas tambi\u00e9n deber\u00e1n confirmarse por escrito en un plazo de cinco d\u00edas laborables a partir de la ENTREGA, por correo certificado con acuse de recibo. En caso contrario, se considerar\u00e1 que el CLIENTE acepta la mercanc\u00eda sin reservas. El CLIENTE deber\u00e1 justificar plenamente la realidad de los defectos observados, reserv\u00e1ndose el VENDEDOR el derecho de realizar, directa o indirectamente, todas las observaciones y comprobaciones in situ. La devoluci\u00f3n de PRODUCTOS no conformes est\u00e1 sujeta a la aceptaci\u00f3n previa del VENDEDOR. En caso contrario, se considerar\u00e1 que el CLIENTE acepta los PRODUCTOS sin reservas. Tras esta solicitud, el CLIENTE dispone de diez d\u00edas h\u00e1biles para devolver las piezas al VENDEDOR, en su embalaje original y en su estado original.  <\/p>\n\n\n\n<p>Si el CLIENTE desea devolver PRODUCTOS, podr\u00e1 solicitarlo por correo electr\u00f3nico en el plazo de catorce d\u00edas naturales desde la fecha de recepci\u00f3n de su PEDIDO. Tras su solicitud, el CLIENTE dispone de diez d\u00edas h\u00e1biles para devolver las piezas al VENDEDOR. Las piezas deben estar en su embalaje original y en su estado original, reserv\u00e1ndose el VENDEDOR el derecho de efectuar, directa o indirectamente, cualquier observaci\u00f3n y control in situ. En este caso, los gastos de devoluci\u00f3n correr\u00e1n a cargo del CLIENTE.<\/p>\n\n\n\n<p>Cada producto tiene una garant\u00eda de dos a\u00f1os a partir de la fecha de recepci\u00f3n.<\/p>\n<\/div><\/div>\n<\/div>\n\n<p class=\"has-text-align-center\"><\/p>\n\n<p class=\"has-text-align-center\">Disfrute de su visita.<\/p>\n\n<p class=\"has-text-align-center\">P\u00e1gina actualizada el 10\/03\/2024.<\/p>\n","protected":false},"excerpt":{"rendered":"<p>Nombre de la empresa: Greg HAMEL &#8211; ESCDomicilio social: 3 impasse carr\u00e9e27930 SAINT-LUCFrancia Tel: 07 66 48 58 93 contact@electronic-system-cockpit.fr RCS Evreux: 920239837 APE 2612Z Director de la publicaci\u00f3n: Greg HAMEL Anfitri\u00f3n : IONOS Nombre de la empresa: 1&amp;1 Internet SARLSede social: 7 place de la gare &#8211; BP 7010957201 Sarreguemines CedexRCS. de Sarreguemines: B&hellip;&nbsp;<a href=\"https:\/\/electronic-system-cockpit.fr\/es\/informacion-juridica\/\" rel=\"bookmark\">Leer m\u00e1s &raquo;<span class=\"screen-reader-text\">Informaci\u00f3n jur\u00eddica<\/span><\/a><\/p>\n","protected":false},"author":1,"featured_media":0,"parent":0,"menu_order":0,"comment_status":"closed","ping_status":"closed","template":"","meta":{"neve_meta_sidebar":"","neve_meta_container":"","neve_meta_enable_content_width":"","neve_meta_content_width":0,"neve_meta_title_alignment":"","neve_meta_author_avatar":"","neve_post_elements_order":"","neve_meta_disable_header":"","neve_meta_disable_footer":"","neve_meta_disable_title":"","footnotes":""},"class_list":["post-4129","page","type-page","status-publish","hentry"],"_links":{"self":[{"href":"https:\/\/electronic-system-cockpit.fr\/es\/wp-json\/wp\/v2\/pages\/4129","targetHints":{"allow":["GET"]}}],"collection":[{"href":"https:\/\/electronic-system-cockpit.fr\/es\/wp-json\/wp\/v2\/pages"}],"about":[{"href":"https:\/\/electronic-system-cockpit.fr\/es\/wp-json\/wp\/v2\/types\/page"}],"author":[{"embeddable":true,"href":"https:\/\/electronic-system-cockpit.fr\/es\/wp-json\/wp\/v2\/users\/1"}],"replies":[{"embeddable":true,"href":"https:\/\/electronic-system-cockpit.fr\/es\/wp-json\/wp\/v2\/comments?post=4129"}],"version-history":[{"count":0,"href":"https:\/\/electronic-system-cockpit.fr\/es\/wp-json\/wp\/v2\/pages\/4129\/revisions"}],"wp:attachment":[{"href":"https:\/\/electronic-system-cockpit.fr\/es\/wp-json\/wp\/v2\/media?parent=4129"}],"curies":[{"name":"wp","href":"https:\/\/api.w.org\/{rel}","templated":true}]}}