{"id":8831,"date":"2026-01-31T10:29:11","date_gmt":"2026-01-31T09:29:11","guid":{"rendered":"https:\/\/electronic-system-cockpit.fr\/nota-ee-uu\/"},"modified":"2026-01-31T10:30:06","modified_gmt":"2026-01-31T09:30:06","slug":"nota-ee-uu","status":"publish","type":"page","link":"https:\/\/electronic-system-cockpit.fr\/es\/nota-ee-uu\/","title":{"rendered":"NOTA EE.UU."},"content":{"rendered":"\n<p><\/p>\n\n<p><\/p>\n\n<p class=\"has-text-align-center\"><strong>Estimado cliente americano .<\/strong><\/p>\n\n<p class=\"has-text-align-center\">Debido al aumento de los costes aduaneros y de env\u00edo, no podemos realizar env\u00edos a EE.UU.<\/p>\n\n<p class=\"has-text-align-center\">Los derechos de aduana son actualmente del 35% sobre tus compras y el precio de exportaci\u00f3n es muy elevado.<\/p>\n\n<p class=\"has-text-align-center\">Si quieres correr con los gastos, ponte en contacto con nosotros directamente para hablar del asunto.<\/p>\n\n<p class=\"has-text-align-center\">Lamentamos profundamente la situaci\u00f3n.<\/p>\n\n<p class=\"has-text-align-center\">El equipo ESC.<\/p>\n\n<p class=\"has-text-align-center\"><\/p>\n","protected":false},"excerpt":{"rendered":"<p>Estimado cliente americano . Debido al aumento de los costes aduaneros y de env\u00edo, no podemos realizar env\u00edos a EE.UU. Los derechos de aduana son actualmente del 35% sobre tus compras y el precio de exportaci\u00f3n es muy elevado. Si quieres correr con los gastos, ponte en contacto con nosotros directamente para hablar del asunto.&hellip;&nbsp;<a href=\"https:\/\/electronic-system-cockpit.fr\/es\/nota-ee-uu\/\" rel=\"bookmark\">Leer m\u00e1s &raquo;<span class=\"screen-reader-text\">NOTA EE.UU.<\/span><\/a><\/p>\n","protected":false},"author":1,"featured_media":0,"parent":0,"menu_order":0,"comment_status":"closed","ping_status":"closed","template":"","meta":{"neve_meta_sidebar":"","neve_meta_container":"","neve_meta_enable_content_width":"","neve_meta_content_width":0,"neve_meta_title_alignment":"","neve_meta_author_avatar":"","neve_post_elements_order":"","neve_meta_disable_header":"","neve_meta_disable_footer":"","neve_meta_disable_title":"","footnotes":""},"class_list":["post-8831","page","type-page","status-publish","hentry"],"_links":{"self":[{"href":"https:\/\/electronic-system-cockpit.fr\/es\/wp-json\/wp\/v2\/pages\/8831","targetHints":{"allow":["GET"]}}],"collection":[{"href":"https:\/\/electronic-system-cockpit.fr\/es\/wp-json\/wp\/v2\/pages"}],"about":[{"href":"https:\/\/electronic-system-cockpit.fr\/es\/wp-json\/wp\/v2\/types\/page"}],"author":[{"embeddable":true,"href":"https:\/\/electronic-system-cockpit.fr\/es\/wp-json\/wp\/v2\/users\/1"}],"replies":[{"embeddable":true,"href":"https:\/\/electronic-system-cockpit.fr\/es\/wp-json\/wp\/v2\/comments?post=8831"}],"version-history":[{"count":0,"href":"https:\/\/electronic-system-cockpit.fr\/es\/wp-json\/wp\/v2\/pages\/8831\/revisions"}],"wp:attachment":[{"href":"https:\/\/electronic-system-cockpit.fr\/es\/wp-json\/wp\/v2\/media?parent=8831"}],"curies":[{"name":"wp","href":"https:\/\/api.w.org\/{rel}","templated":true}]}}