{"id":4499,"date":"2022-12-18T05:58:03","date_gmt":"2022-12-18T05:58:03","guid":{"rendered":"https:\/\/electronic-system-cockpit.fr\/produit\/tarjeta-extendida-v1-arduino-para-mobiflight\/"},"modified":"2025-07-18T17:33:55","modified_gmt":"2025-07-18T15:33:55","slug":"tarjeta-arduino-extendida-para-mobiflight","status":"publish","type":"product","link":"https:\/\/electronic-system-cockpit.fr\/es\/boutique\/tarjeta-arduino-extendida-para-mobiflight\/","title":{"rendered":"Tarjeta ampliada V1 arduino para Mobiflight"},"content":{"rendered":"<p>Placa de ampliaci\u00f3n para Arduino y Mobiflight<\/p>\n<p>Arduino mega r3 no incluido<\/p>\n<p>Te permite gestionar los siguientes elementos:<\/p>\n<p>32 entradas<\/p>\n<p>32 salidas de resistencia integradas (250 ohmios)<\/p>\n<p>16 codificadores<\/p>\n<p>5 salidas de servo<\/p>\n<p>1 salida de motor paso a paso<\/p>\n<p>9 entradas anal\u00f3gicas con potenci\u00f3metros<\/p>\n<p>1 salida de retroiluminaci\u00f3n PWM de 5 voltios<\/p>\n<p>3 salidas max7219 Pantalla de 7 segmentos (24 d\u00edgitos en total)<\/p>\n<p>Terminales de tierra com\u00fan (GND)<\/p>\n<p>Bloque de terminales de conexi\u00f3n r\u00e1pida<\/p>\n<p><img loading=\"lazy\" decoding=\"async\" class=\"alignnone size-medium wp-image-5073\" src=\"https:\/\/electronic-system-cockpit.fr\/wp-content\/uploads\/2022\/12\/demo-2-300x135.jpg\" alt=\"\" width=\"300\" height=\"135\" srcset=\"https:\/\/electronic-system-cockpit.fr\/wp-content\/uploads\/2022\/12\/demo-2-300x135.jpg 300w, https:\/\/electronic-system-cockpit.fr\/wp-content\/uploads\/2022\/12\/demo-2-1024x460.jpg 1024w, https:\/\/electronic-system-cockpit.fr\/wp-content\/uploads\/2022\/12\/demo-2-768x345.jpg 768w, https:\/\/electronic-system-cockpit.fr\/wp-content\/uploads\/2022\/12\/demo-2-1536x690.jpg 1536w, https:\/\/electronic-system-cockpit.fr\/wp-content\/uploads\/2022\/12\/demo-2-2048x920.jpg 2048w, https:\/\/electronic-system-cockpit.fr\/wp-content\/uploads\/2022\/12\/demo-2-700x314.jpg 700w\" sizes=\"auto, (max-width: 300px) 100vw, 300px\" \/><\/p>\n<p><a href=\"https:\/\/electronic-system-cockpit.fr\/wp-content\/uploads\/2023\/10\/ESC-EXTENDED-CARD.zip\">HOJA DE DATOS<\/a><\/p>\n<p>&nbsp;<\/p>\n<p>&nbsp;<\/p>\n<p>&nbsp;<\/p>\n","protected":false},"excerpt":{"rendered":"<p>Placa de ampliaci\u00f3n para Arduino y Mobiflight Arduino mega r3 no incluido Te permite gestionar los siguientes elementos: 32 entradas 32 salidas de resistencia integradas (250 ohmios) 16 codificadores 5 salidas de servo 1 salida de motor paso a paso 9 entradas anal\u00f3gicas con potenci\u00f3metros 1 salida de retroiluminaci\u00f3n PWM de 5 voltios 3 salidas&hellip;&nbsp;<a href=\"https:\/\/electronic-system-cockpit.fr\/es\/boutique\/tarjeta-arduino-extendida-para-mobiflight\/\" rel=\"bookmark\">Leer m\u00e1s &raquo;<span class=\"screen-reader-text\">Tarjeta ampliada V1 arduino para Mobiflight<\/span><\/a><\/p>\n","protected":false},"featured_media":5032,"template":"","meta":{"neve_meta_sidebar":"","neve_meta_container":"","neve_meta_enable_content_width":"off","neve_meta_content_width":100,"neve_meta_title_alignment":"","neve_meta_author_avatar":"","neve_post_elements_order":"","neve_meta_disable_header":"","neve_meta_disable_footer":"","neve_meta_disable_title":""},"product_brand":[],"product_cat":[177],"product_tag":[],"class_list":{"0":"post-4499","1":"product","2":"type-product","3":"status-publish","4":"has-post-thumbnail","6":"product_cat-arduino-es-2","8":"first","9":"instock","10":"purchasable","11":"product-type-simple"},"_links":{"self":[{"href":"https:\/\/electronic-system-cockpit.fr\/es\/wp-json\/wp\/v2\/product\/4499","targetHints":{"allow":["GET"]}}],"collection":[{"href":"https:\/\/electronic-system-cockpit.fr\/es\/wp-json\/wp\/v2\/product"}],"about":[{"href":"https:\/\/electronic-system-cockpit.fr\/es\/wp-json\/wp\/v2\/types\/product"}],"wp:featuredmedia":[{"embeddable":true,"href":"https:\/\/electronic-system-cockpit.fr\/es\/wp-json\/wp\/v2\/media\/5032"}],"wp:attachment":[{"href":"https:\/\/electronic-system-cockpit.fr\/es\/wp-json\/wp\/v2\/media?parent=4499"}],"wp:term":[{"taxonomy":"product_brand","embeddable":true,"href":"https:\/\/electronic-system-cockpit.fr\/es\/wp-json\/wp\/v2\/product_brand?post=4499"},{"taxonomy":"product_cat","embeddable":true,"href":"https:\/\/electronic-system-cockpit.fr\/es\/wp-json\/wp\/v2\/product_cat?post=4499"},{"taxonomy":"product_tag","embeddable":true,"href":"https:\/\/electronic-system-cockpit.fr\/es\/wp-json\/wp\/v2\/product_tag?post=4499"}],"curies":[{"name":"wp","href":"https:\/\/api.w.org\/{rel}","templated":true}]}}