{"id":4504,"date":"2022-12-18T07:27:42","date_gmt":"2022-12-18T06:27:42","guid":{"rendered":"https:\/\/electronic-system-cockpit.fr\/produit\/tarjeta-overhead-a320\/"},"modified":"2024-06-18T14:20:43","modified_gmt":"2024-06-18T14:20:43","slug":"tarjeta-overhead-a320","status":"publish","type":"product","link":"https:\/\/electronic-system-cockpit.fr\/es\/boutique\/tarjeta-overhead-a320\/","title":{"rendered":"Tarjeta OVERHEAD A320"},"content":{"rendered":"<p>Tarjeta de interfaz OVERHEAD A320<\/p>\n<p><img loading=\"lazy\" decoding=\"async\" class=\"alignnone size-medium wp-image-5242\" src=\"https:\/\/electronic-system-cockpit.fr\/wp-content\/uploads\/2022\/12\/ovh-a320-300x184.jpg\" alt=\"\" width=\"300\" height=\"184\" srcset=\"https:\/\/electronic-system-cockpit.fr\/wp-content\/uploads\/2022\/12\/ovh-a320-300x184.jpg 300w, https:\/\/electronic-system-cockpit.fr\/wp-content\/uploads\/2022\/12\/ovh-a320-1024x627.jpg 1024w, https:\/\/electronic-system-cockpit.fr\/wp-content\/uploads\/2022\/12\/ovh-a320-768x470.jpg 768w, https:\/\/electronic-system-cockpit.fr\/wp-content\/uploads\/2022\/12\/ovh-a320-700x429.jpg 700w, https:\/\/electronic-system-cockpit.fr\/wp-content\/uploads\/2022\/12\/ovh-a320.jpg 1078w\" sizes=\"auto, (max-width: 300px) 100vw, 300px\" \/><\/p>\n<p>fuente de alimentaci\u00f3n y cable ethernet incluidos<\/p>\n<p>Permite la interconexi\u00f3n con el techo del A320<\/p>\n<p>incluye gesti\u00f3n de retroiluminaci\u00f3n de 5 voltios<\/p>\n<p>todas las salidas led, d\u00edgitos&#8230;.<\/p>\n<p>todas las entradas para botones, rotadores, codificadores, potenci\u00f3metros, etc.<\/p>\n<p>ideal para la producci\u00f3n casera o compatible con los m\u00f3dulos de <a href=\"http:\/\/www.homecockpits.fr\">Homecockpits.fr <\/a> <\/p>\n<p>Totalmente programado y listo para usar con una selecci\u00f3n de :<\/p>\n<p><strong>PROSIM-AR<\/strong> <strong>A322<\/strong><\/p>\n<p>o <strong>JEEHELL FMGS A320<\/strong><\/p>\n<p><strong>o FLIGHTFACTOR A320<\/strong>.<\/p>\n<p>ponte en contacto con nosotros para elegir tu programa.<\/p>\n<p><a href=\"https:\/\/electronic-system-cockpit.fr\/wp-content\/uploads\/2023\/10\/OVERHEAD.zip\">DATASHEET esquema el\u00e9ctrico<\/a><\/p>\n<p>&nbsp;<\/p>\n<div class=\"QmZWSe\">\n<div class=\"DHcWmd\"><\/div>\n<\/div>\n","protected":false},"excerpt":{"rendered":"<p>Tarjeta de interfaz OVERHEAD A320 fuente de alimentaci\u00f3n y cable ethernet incluidos Permite la interconexi\u00f3n con el techo del A320 incluye gesti\u00f3n de retroiluminaci\u00f3n de 5 voltios todas las salidas led, d\u00edgitos&#8230;. todas las entradas para botones, rotadores, codificadores, potenci\u00f3metros, etc. ideal para la producci\u00f3n casera o compatible con los m\u00f3dulos de Homecockpits.fr Totalmente programado&hellip;&nbsp;<a href=\"https:\/\/electronic-system-cockpit.fr\/es\/boutique\/tarjeta-overhead-a320\/\" rel=\"bookmark\">Leer m\u00e1s &raquo;<span class=\"screen-reader-text\">Tarjeta OVERHEAD A320<\/span><\/a><\/p>\n","protected":false},"featured_media":7915,"template":"","meta":{"neve_meta_sidebar":"","neve_meta_container":"","neve_meta_enable_content_width":"off","neve_meta_content_width":100,"neve_meta_title_alignment":"","neve_meta_author_avatar":"","neve_post_elements_order":"","neve_meta_disable_header":"","neve_meta_disable_footer":"","neve_meta_disable_title":""},"product_brand":[],"product_cat":[201,173],"product_tag":[],"class_list":{"0":"post-4504","1":"product","2":"type-product","3":"status-publish","4":"has-post-thumbnail","6":"product_cat-airbus-a320-es","7":"product_cat-carte-mere-es","9":"first","10":"instock","11":"purchasable","12":"product-type-simple"},"_links":{"self":[{"href":"https:\/\/electronic-system-cockpit.fr\/es\/wp-json\/wp\/v2\/product\/4504","targetHints":{"allow":["GET"]}}],"collection":[{"href":"https:\/\/electronic-system-cockpit.fr\/es\/wp-json\/wp\/v2\/product"}],"about":[{"href":"https:\/\/electronic-system-cockpit.fr\/es\/wp-json\/wp\/v2\/types\/product"}],"wp:featuredmedia":[{"embeddable":true,"href":"https:\/\/electronic-system-cockpit.fr\/es\/wp-json\/wp\/v2\/media\/7915"}],"wp:attachment":[{"href":"https:\/\/electronic-system-cockpit.fr\/es\/wp-json\/wp\/v2\/media?parent=4504"}],"wp:term":[{"taxonomy":"product_brand","embeddable":true,"href":"https:\/\/electronic-system-cockpit.fr\/es\/wp-json\/wp\/v2\/product_brand?post=4504"},{"taxonomy":"product_cat","embeddable":true,"href":"https:\/\/electronic-system-cockpit.fr\/es\/wp-json\/wp\/v2\/product_cat?post=4504"},{"taxonomy":"product_tag","embeddable":true,"href":"https:\/\/electronic-system-cockpit.fr\/es\/wp-json\/wp\/v2\/product_tag?post=4504"}],"curies":[{"name":"wp","href":"https:\/\/api.w.org\/{rel}","templated":true}]}}