{"id":4522,"date":"2023-01-03T10:43:31","date_gmt":"2023-01-03T10:43:31","guid":{"rendered":"https:\/\/electronic-system-cockpit.fr\/produit\/tarjeta-ampliada-128-v2-arduino-mobiflight\/"},"modified":"2025-07-18T17:33:50","modified_gmt":"2025-07-18T15:33:50","slug":"tarjeta-extendida-arduino-128","status":"publish","type":"product","link":"https:\/\/electronic-system-cockpit.fr\/es\/boutique\/tarjeta-extendida-arduino-128\/","title":{"rendered":"Tarjeta ampliada 128 V2 Arduino Mobiflight"},"content":{"rendered":"<ol>\n<li>Placa de expansi\u00f3n 128 para Arduino y Mobiflight<\/li>\n<\/ol>\n<p>Arduino mega r3 no incluido<\/p>\n<p>Te permite gestionar los siguientes elementos:<\/p>\n<p>128 entradas<\/p>\n<p>128 salidas de resistencia integradas (250 ohmios)<\/p>\n<p>16 codificadores<\/p>\n<p>5 salidas de servo<\/p>\n<p>6 entradas de potenci\u00f3metro anal\u00f3gico<\/p>\n<p>1 salida de retroiluminaci\u00f3n PWM<\/p>\n<p>Terminales de tierra com\u00fan (GND)<\/p>\n<p>Bloque de terminales de conexi\u00f3n r\u00e1pida<\/p>\n<p>Documentaci\u00f3n para descargar :<\/p>\n<p><a href=\"https:\/\/electronic-system-cockpit.fr\/wp-content\/uploads\/2023\/10\/ESC-EXTENDED-128.zip\">HOJA DE DATOS<\/a><\/p>\n","protected":false},"excerpt":{"rendered":"<p>Placa de expansi\u00f3n 128 para Arduino y Mobiflight Arduino mega r3 no incluido Te permite gestionar los siguientes elementos: 128 entradas 128 salidas de resistencia integradas (250 ohmios) 16 codificadores 5 salidas de servo 6 entradas de potenci\u00f3metro anal\u00f3gico 1 salida de retroiluminaci\u00f3n PWM Terminales de tierra com\u00fan (GND) Bloque de terminales de conexi\u00f3n r\u00e1pida&hellip;&nbsp;<a href=\"https:\/\/electronic-system-cockpit.fr\/es\/boutique\/tarjeta-extendida-arduino-128\/\" rel=\"bookmark\">Leer m\u00e1s &raquo;<span class=\"screen-reader-text\">Tarjeta ampliada 128 V2 Arduino Mobiflight<\/span><\/a><\/p>\n","protected":false},"featured_media":5072,"template":"","meta":{"neve_meta_sidebar":"","neve_meta_container":"","neve_meta_enable_content_width":"off","neve_meta_content_width":100,"neve_meta_title_alignment":"","neve_meta_author_avatar":"","neve_post_elements_order":"","neve_meta_disable_header":"","neve_meta_disable_footer":"","neve_meta_disable_title":""},"product_brand":[],"product_cat":[177],"product_tag":[],"class_list":{"0":"post-4522","1":"product","2":"type-product","3":"status-publish","4":"has-post-thumbnail","6":"product_cat-arduino-es-2","8":"first","9":"instock","10":"shipping-taxable","11":"purchasable","12":"product-type-simple"},"_links":{"self":[{"href":"https:\/\/electronic-system-cockpit.fr\/es\/wp-json\/wp\/v2\/product\/4522","targetHints":{"allow":["GET"]}}],"collection":[{"href":"https:\/\/electronic-system-cockpit.fr\/es\/wp-json\/wp\/v2\/product"}],"about":[{"href":"https:\/\/electronic-system-cockpit.fr\/es\/wp-json\/wp\/v2\/types\/product"}],"wp:featuredmedia":[{"embeddable":true,"href":"https:\/\/electronic-system-cockpit.fr\/es\/wp-json\/wp\/v2\/media\/5072"}],"wp:attachment":[{"href":"https:\/\/electronic-system-cockpit.fr\/es\/wp-json\/wp\/v2\/media?parent=4522"}],"wp:term":[{"taxonomy":"product_brand","embeddable":true,"href":"https:\/\/electronic-system-cockpit.fr\/es\/wp-json\/wp\/v2\/product_brand?post=4522"},{"taxonomy":"product_cat","embeddable":true,"href":"https:\/\/electronic-system-cockpit.fr\/es\/wp-json\/wp\/v2\/product_cat?post=4522"},{"taxonomy":"product_tag","embeddable":true,"href":"https:\/\/electronic-system-cockpit.fr\/es\/wp-json\/wp\/v2\/product_tag?post=4522"}],"curies":[{"name":"wp","href":"https:\/\/api.w.org\/{rel}","templated":true}]}}