{"id":4532,"date":"2023-01-18T12:58:56","date_gmt":"2023-01-18T12:58:56","guid":{"rendered":"https:\/\/electronic-system-cockpit.fr\/produit\/modulo-32-salida-arduino-mobiflight\/"},"modified":"2025-07-19T10:04:53","modified_gmt":"2025-07-19T08:04:53","slug":"modulo-32-salida-arduino-mobiflight","status":"publish","type":"product","link":"https:\/\/electronic-system-cockpit.fr\/es\/boutique\/modulo-32-salida-arduino-mobiflight\/","title":{"rendered":"M\u00f3dulo 32 SALIDA ARDUINO MOBIFLIGHT nueva versi\u00f3n 2"},"content":{"rendered":"<p>M\u00f3dulo de bloque de terminales enchufable r\u00e1pido para a\u00f1adir 32 salidas LED con Mobiflight a un Arduino.<\/p>\n<p>Se necesitan 5 cables para conectar +5v, pin DATA, pin CLOCK, pin LATCH y pin GND.<\/p>\n<p>Resistencias de 250 ohmios integradas.<\/p>\n<p>Masa GND com\u00fan para el m\u00f3dulo y los LED.<\/p>\n<p>Mega Arduino R3 no incluido.<\/p>\n<p>&nbsp;<\/p>\n","protected":false},"excerpt":{"rendered":"<p>M\u00f3dulo de bloque de terminales enchufable r\u00e1pido para a\u00f1adir 32 salidas LED con Mobiflight a un Arduino. Se necesitan 5 cables para conectar +5v, pin DATA, pin CLOCK, pin LATCH y pin GND. Resistencias de 250 ohmios integradas. Masa GND com\u00fan para el m\u00f3dulo y los LED. Mega Arduino R3 no incluido. &nbsp;<\/p>\n","protected":false},"featured_media":8010,"template":"","meta":{"neve_meta_sidebar":"","neve_meta_container":"","neve_meta_enable_content_width":"off","neve_meta_content_width":100,"neve_meta_title_alignment":"","neve_meta_author_avatar":"","neve_post_elements_order":"","neve_meta_disable_header":"","neve_meta_disable_footer":"","neve_meta_disable_title":""},"product_brand":[],"product_cat":[177],"product_tag":[],"class_list":{"0":"post-4532","1":"product","2":"type-product","3":"status-publish","4":"has-post-thumbnail","6":"product_cat-arduino-es-2","8":"first","9":"instock","10":"shipping-taxable","11":"purchasable","12":"product-type-simple"},"_links":{"self":[{"href":"https:\/\/electronic-system-cockpit.fr\/es\/wp-json\/wp\/v2\/product\/4532","targetHints":{"allow":["GET"]}}],"collection":[{"href":"https:\/\/electronic-system-cockpit.fr\/es\/wp-json\/wp\/v2\/product"}],"about":[{"href":"https:\/\/electronic-system-cockpit.fr\/es\/wp-json\/wp\/v2\/types\/product"}],"wp:featuredmedia":[{"embeddable":true,"href":"https:\/\/electronic-system-cockpit.fr\/es\/wp-json\/wp\/v2\/media\/8010"}],"wp:attachment":[{"href":"https:\/\/electronic-system-cockpit.fr\/es\/wp-json\/wp\/v2\/media?parent=4532"}],"wp:term":[{"taxonomy":"product_brand","embeddable":true,"href":"https:\/\/electronic-system-cockpit.fr\/es\/wp-json\/wp\/v2\/product_brand?post=4532"},{"taxonomy":"product_cat","embeddable":true,"href":"https:\/\/electronic-system-cockpit.fr\/es\/wp-json\/wp\/v2\/product_cat?post=4532"},{"taxonomy":"product_tag","embeddable":true,"href":"https:\/\/electronic-system-cockpit.fr\/es\/wp-json\/wp\/v2\/product_tag?post=4532"}],"curies":[{"name":"wp","href":"https:\/\/api.w.org\/{rel}","templated":true}]}}