{"id":4542,"date":"2022-12-18T07:24:36","date_gmt":"2022-12-18T07:24:36","guid":{"rendered":"https:\/\/electronic-system-cockpit.fr\/produit\/pedestal-tarjeta-a320\/"},"modified":"2024-06-18T14:21:27","modified_gmt":"2024-06-18T14:21:27","slug":"pedestal-tarjeta-a320","status":"publish","type":"product","link":"https:\/\/electronic-system-cockpit.fr\/es\/boutique\/pedestal-tarjeta-a320\/","title":{"rendered":"PEDESTAL Tarjeta A320"},"content":{"rendered":"<p>PEDESTAL Tarjeta de interfaz A320<\/p>\n<p><img loading=\"lazy\" decoding=\"async\" class=\"alignnone size-medium wp-image-5255\" src=\"https:\/\/electronic-system-cockpit.fr\/wp-content\/uploads\/2022\/12\/ped-a320-253x300.jpg\" alt=\"\" width=\"253\" height=\"300\" srcset=\"https:\/\/electronic-system-cockpit.fr\/wp-content\/uploads\/2022\/12\/ped-a320-253x300.jpg 253w, https:\/\/electronic-system-cockpit.fr\/wp-content\/uploads\/2022\/12\/ped-a320.jpg 415w\" sizes=\"auto, (max-width: 253px) 100vw, 253px\" \/><\/p>\n<p>fuente de alimentaci\u00f3n y cable ethernet incluidos<\/p>\n<p>Permite la interconexi\u00f3n con los m\u00f3dulos de pedestal A320 (mcdu exclut y Throttle)<\/p>\n<p>incluye gesti\u00f3n de retroiluminaci\u00f3n de 5 voltios<\/p>\n<p>todas las salidas led, d\u00edgitos&#8230;.<\/p>\n<p>todas las entradas para botones, rotadores, codificadores, potenci\u00f3metros, etc.<\/p>\n<p>ideal para la producci\u00f3n casera o compatible con los m\u00f3dulos de <a href=\"http:\/\/www.homecockpits.fr\">Homecockpits.fr <\/a> <\/p>\n<p>Totalmente programado y listo para usar con una selecci\u00f3n de :<\/p>\n<p><strong>PROSIM-AR<\/strong> <strong>A322<\/strong><\/p>\n<p>o <strong>JEEHELL FMGS A320<\/strong><\/p>\n<p><strong>o FLIGHTFACTOR A320<\/strong>.<\/p>\n<p>ponte en contacto con nosotros para elegir tu programa.<\/p>\n<p><a href=\"https:\/\/electronic-system-cockpit.fr\/wp-content\/uploads\/2023\/10\/PEDESTAL.zip\">DATASHEET esquema el\u00e9ctrico<\/a><\/p>\n<p>&nbsp;<\/p>\n<div class=\"QmZWSe\">\n<div class=\"DHcWmd\"><\/div>\n<\/div>\n","protected":false},"excerpt":{"rendered":"<p>PEDESTAL Tarjeta de interfaz A320 fuente de alimentaci\u00f3n y cable ethernet incluidos Permite la interconexi\u00f3n con los m\u00f3dulos de pedestal A320 (mcdu exclut y Throttle) incluye gesti\u00f3n de retroiluminaci\u00f3n de 5 voltios todas las salidas led, d\u00edgitos&#8230;. todas las entradas para botones, rotadores, codificadores, potenci\u00f3metros, etc. ideal para la producci\u00f3n casera o compatible con los&hellip;&nbsp;<a href=\"https:\/\/electronic-system-cockpit.fr\/es\/boutique\/pedestal-tarjeta-a320\/\" rel=\"bookmark\">Leer m\u00e1s &raquo;<span class=\"screen-reader-text\">PEDESTAL Tarjeta A320<\/span><\/a><\/p>\n","protected":false},"featured_media":4988,"template":"","meta":{"neve_meta_sidebar":"","neve_meta_container":"","neve_meta_enable_content_width":"off","neve_meta_content_width":100,"neve_meta_title_alignment":"","neve_meta_author_avatar":"","neve_post_elements_order":"","neve_meta_disable_header":"","neve_meta_disable_footer":"","neve_meta_disable_title":""},"product_brand":[],"product_cat":[173],"product_tag":[],"class_list":{"0":"post-4542","1":"product","2":"type-product","3":"status-publish","4":"has-post-thumbnail","6":"product_cat-carte-mere-es","8":"first","9":"instock","10":"purchasable","11":"product-type-simple"},"_links":{"self":[{"href":"https:\/\/electronic-system-cockpit.fr\/es\/wp-json\/wp\/v2\/product\/4542","targetHints":{"allow":["GET"]}}],"collection":[{"href":"https:\/\/electronic-system-cockpit.fr\/es\/wp-json\/wp\/v2\/product"}],"about":[{"href":"https:\/\/electronic-system-cockpit.fr\/es\/wp-json\/wp\/v2\/types\/product"}],"wp:featuredmedia":[{"embeddable":true,"href":"https:\/\/electronic-system-cockpit.fr\/es\/wp-json\/wp\/v2\/media\/4988"}],"wp:attachment":[{"href":"https:\/\/electronic-system-cockpit.fr\/es\/wp-json\/wp\/v2\/media?parent=4542"}],"wp:term":[{"taxonomy":"product_brand","embeddable":true,"href":"https:\/\/electronic-system-cockpit.fr\/es\/wp-json\/wp\/v2\/product_brand?post=4542"},{"taxonomy":"product_cat","embeddable":true,"href":"https:\/\/electronic-system-cockpit.fr\/es\/wp-json\/wp\/v2\/product_cat?post=4542"},{"taxonomy":"product_tag","embeddable":true,"href":"https:\/\/electronic-system-cockpit.fr\/es\/wp-json\/wp\/v2\/product_tag?post=4542"}],"curies":[{"name":"wp","href":"https:\/\/api.w.org\/{rel}","templated":true}]}}