{"id":4543,"date":"2022-12-18T06:59:28","date_gmt":"2022-12-18T05:59:28","guid":{"rendered":"https:\/\/electronic-system-cockpit.fr\/produit\/tarjeta-glareshield-a320\/"},"modified":"2024-06-18T14:23:01","modified_gmt":"2024-06-18T14:23:01","slug":"carte-glare-a320","status":"publish","type":"product","link":"https:\/\/electronic-system-cockpit.fr\/es\/boutique\/carte-glare-a320\/","title":{"rendered":"Tarjeta GLARESHIELD A320"},"content":{"rendered":"<p>Tarjeta de interfaz GLARE A320<\/p>\n<p><img loading=\"lazy\" decoding=\"async\" class=\"alignnone size-medium wp-image-5251\" src=\"https:\/\/electronic-system-cockpit.fr\/wp-content\/uploads\/2022\/12\/glarea320-300x34.jpg\" alt=\"\" width=\"300\" height=\"34\" srcset=\"https:\/\/electronic-system-cockpit.fr\/wp-content\/uploads\/2022\/12\/glarea320-300x34.jpg 300w, https:\/\/electronic-system-cockpit.fr\/wp-content\/uploads\/2022\/12\/glarea320-1024x117.jpg 1024w, https:\/\/electronic-system-cockpit.fr\/wp-content\/uploads\/2022\/12\/glarea320-768x88.jpg 768w, https:\/\/electronic-system-cockpit.fr\/wp-content\/uploads\/2022\/12\/glarea320-1536x176.jpg 1536w, https:\/\/electronic-system-cockpit.fr\/wp-content\/uploads\/2022\/12\/glarea320-700x80.jpg 700w, https:\/\/electronic-system-cockpit.fr\/wp-content\/uploads\/2022\/12\/glarea320.jpg 1654w\" sizes=\"auto, (max-width: 300px) 100vw, 300px\" \/><\/p>\n<p>fuente de alimentaci\u00f3n y cable Ethernet incluidos<\/p>\n<p>Permite la interconexi\u00f3n con Glareshield A320<\/p>\n<p>incluye gesti\u00f3n de retroiluminaci\u00f3n de 5 voltios<\/p>\n<p>todas las salidas led, d\u00edgitos&#8230;.<\/p>\n<p>Compatible con las pantallas de <a href=\"https:\/\/jak-kav.co.uk\/\">KavSimulation<\/a><\/p>\n<p>todas las entradas para botones, rotadores, codificadores, potenci\u00f3metros, etc.<\/p>\n<p>Se incluyen salidas m\u00e1s suaves y tri\u00e1ngulos de iluminaci\u00f3n.<\/p>\n<p>ideal para la producci\u00f3n casera o compatible con los m\u00f3dulos de <a href=\"http:\/\/www.homecockpits.fr\">Homecockpits.fr <\/a> <\/p>\n<p>Totalmente programado y listo para usar con una selecci\u00f3n de :<\/p>\n<p><strong>PROSIM-AR<\/strong> <strong>A322<\/strong><\/p>\n<p>o <strong>JEEHELL FMGS A320<\/strong><\/p>\n<p><strong>o FLIGHTFACTOR A320<\/strong>.<\/p>\n<p>ponte en contacto con nosotros para elegir tu programa.<\/p>\n<p>&nbsp;<\/p>\n<p><a href=\"https:\/\/electronic-system-cockpit.fr\/wp-content\/uploads\/2023\/10\/GLARE.zip\">DATASHEET esquema el\u00e9ctrico<\/a><\/p>\n<p>&nbsp;<\/p>\n<div class=\"QmZWSe\">\n<div class=\"DHcWmd\"><\/div>\n<\/div>\n","protected":false},"excerpt":{"rendered":"<p>Tarjeta de interfaz GLARE A320 fuente de alimentaci\u00f3n y cable Ethernet incluidos Permite la interconexi\u00f3n con Glareshield A320 incluye gesti\u00f3n de retroiluminaci\u00f3n de 5 voltios todas las salidas led, d\u00edgitos&#8230;. Compatible con las pantallas de KavSimulation todas las entradas para botones, rotadores, codificadores, potenci\u00f3metros, etc. Se incluyen salidas m\u00e1s suaves y tri\u00e1ngulos de iluminaci\u00f3n. ideal&hellip;&nbsp;<a href=\"https:\/\/electronic-system-cockpit.fr\/es\/boutique\/carte-glare-a320\/\" rel=\"bookmark\">Leer m\u00e1s &raquo;<span class=\"screen-reader-text\">Tarjeta GLARESHIELD A320<\/span><\/a><\/p>\n","protected":false},"featured_media":7880,"template":"","meta":{"neve_meta_sidebar":"","neve_meta_container":"","neve_meta_enable_content_width":"off","neve_meta_content_width":100,"neve_meta_title_alignment":"","neve_meta_author_avatar":"","neve_post_elements_order":"","neve_meta_disable_header":"","neve_meta_disable_footer":"","neve_meta_disable_title":""},"product_brand":[],"product_cat":[201,173],"product_tag":[],"class_list":{"0":"post-4543","1":"product","2":"type-product","3":"status-publish","4":"has-post-thumbnail","6":"product_cat-airbus-a320-es","7":"product_cat-carte-mere-es","9":"first","10":"instock","11":"purchasable","12":"product-type-simple"},"_links":{"self":[{"href":"https:\/\/electronic-system-cockpit.fr\/es\/wp-json\/wp\/v2\/product\/4543","targetHints":{"allow":["GET"]}}],"collection":[{"href":"https:\/\/electronic-system-cockpit.fr\/es\/wp-json\/wp\/v2\/product"}],"about":[{"href":"https:\/\/electronic-system-cockpit.fr\/es\/wp-json\/wp\/v2\/types\/product"}],"wp:featuredmedia":[{"embeddable":true,"href":"https:\/\/electronic-system-cockpit.fr\/es\/wp-json\/wp\/v2\/media\/7880"}],"wp:attachment":[{"href":"https:\/\/electronic-system-cockpit.fr\/es\/wp-json\/wp\/v2\/media?parent=4543"}],"wp:term":[{"taxonomy":"product_brand","embeddable":true,"href":"https:\/\/electronic-system-cockpit.fr\/es\/wp-json\/wp\/v2\/product_brand?post=4543"},{"taxonomy":"product_cat","embeddable":true,"href":"https:\/\/electronic-system-cockpit.fr\/es\/wp-json\/wp\/v2\/product_cat?post=4543"},{"taxonomy":"product_tag","embeddable":true,"href":"https:\/\/electronic-system-cockpit.fr\/es\/wp-json\/wp\/v2\/product_tag?post=4543"}],"curies":[{"name":"wp","href":"https:\/\/api.w.org\/{rel}","templated":true}]}}