{"id":4557,"date":"2023-06-09T10:16:21","date_gmt":"2023-06-09T10:16:21","guid":{"rendered":"https:\/\/electronic-system-cockpit.fr\/produit\/despues-de-la-tarjeta-ovh-a320\/"},"modified":"2024-06-18T14:19:56","modified_gmt":"2024-06-18T14:19:56","slug":"carte-after-ovh-a320","status":"publish","type":"product","link":"https:\/\/electronic-system-cockpit.fr\/es\/boutique\/carte-after-ovh-a320\/","title":{"rendered":"despu\u00e9s de la tarjeta ovh a320"},"content":{"rendered":"<p>AFTER OVERHEAD Tarjeta de interfaz A320<\/p>\n<p>fuente de alimentaci\u00f3n y cable ethernet incluidos<\/p>\n<p>Permite interconectar el after ovh A320<\/p>\n<p>incluye gesti\u00f3n de retroiluminaci\u00f3n de 5 voltios<\/p>\n<p>todas las salidas led, d\u00edgitos&#8230;.<\/p>\n<p>todas las entradas para botones, rotadores, codificadores, potenci\u00f3metros, etc.<\/p>\n<p>ideal para la producci\u00f3n casera o compatible con los m\u00f3dulos de <a href=\"http:\/\/www.homecockpits.fr\">Homecockpits.fr <\/a> <\/p>\n<p>Totalmente programado y listo para usar con una selecci\u00f3n de :<\/p>\n<p><strong>PROSIM-AR<\/strong> <strong>A322<\/strong><\/p>\n<p>o <strong>JEEHELL FMGS A320<\/strong><\/p>\n<p><strong>o FLIGHTFACTOR A320<\/strong>.<\/p>\n<p>ponte en contacto con nosotros para elegir tu programa.<\/p>\n","protected":false},"excerpt":{"rendered":"<p>AFTER OVERHEAD Tarjeta de interfaz A320 fuente de alimentaci\u00f3n y cable ethernet incluidos Permite interconectar el after ovh A320 incluye gesti\u00f3n de retroiluminaci\u00f3n de 5 voltios todas las salidas led, d\u00edgitos&#8230;. todas las entradas para botones, rotadores, codificadores, potenci\u00f3metros, etc. ideal para la producci\u00f3n casera o compatible con los m\u00f3dulos de Homecockpits.fr Totalmente programado y&hellip;&nbsp;<a href=\"https:\/\/electronic-system-cockpit.fr\/es\/boutique\/carte-after-ovh-a320\/\" rel=\"bookmark\">Leer m\u00e1s &raquo;<span class=\"screen-reader-text\">despu\u00e9s de la tarjeta ovh a320<\/span><\/a><\/p>\n","protected":false},"featured_media":0,"template":"","meta":{"neve_meta_sidebar":"","neve_meta_container":"","neve_meta_enable_content_width":"off","neve_meta_content_width":100,"neve_meta_title_alignment":"","neve_meta_author_avatar":"","neve_post_elements_order":"","neve_meta_disable_header":"","neve_meta_disable_footer":"","neve_meta_disable_title":""},"product_brand":[],"product_cat":[201,173],"product_tag":[],"class_list":{"0":"post-4557","1":"product","2":"type-product","3":"status-publish","5":"product_cat-airbus-a320-es","6":"product_cat-carte-mere-es","8":"first","9":"instock","10":"shipping-taxable","11":"purchasable","12":"product-type-simple"},"_links":{"self":[{"href":"https:\/\/electronic-system-cockpit.fr\/es\/wp-json\/wp\/v2\/product\/4557","targetHints":{"allow":["GET"]}}],"collection":[{"href":"https:\/\/electronic-system-cockpit.fr\/es\/wp-json\/wp\/v2\/product"}],"about":[{"href":"https:\/\/electronic-system-cockpit.fr\/es\/wp-json\/wp\/v2\/types\/product"}],"wp:attachment":[{"href":"https:\/\/electronic-system-cockpit.fr\/es\/wp-json\/wp\/v2\/media?parent=4557"}],"wp:term":[{"taxonomy":"product_brand","embeddable":true,"href":"https:\/\/electronic-system-cockpit.fr\/es\/wp-json\/wp\/v2\/product_brand?post=4557"},{"taxonomy":"product_cat","embeddable":true,"href":"https:\/\/electronic-system-cockpit.fr\/es\/wp-json\/wp\/v2\/product_cat?post=4557"},{"taxonomy":"product_tag","embeddable":true,"href":"https:\/\/electronic-system-cockpit.fr\/es\/wp-json\/wp\/v2\/product_tag?post=4557"}],"curies":[{"name":"wp","href":"https:\/\/api.w.org\/{rel}","templated":true}]}}