{"id":4563,"date":"2023-02-14T08:58:26","date_gmt":"2023-02-14T07:58:26","guid":{"rendered":"https:\/\/electronic-system-cockpit.fr\/produit\/tarjeta-joystick-de-128-botones\/"},"modified":"2023-10-18T18:21:20","modified_gmt":"2023-10-18T18:21:20","slug":"tarjeta-128-botones-joystick","status":"publish","type":"product","link":"https:\/\/electronic-system-cockpit.fr\/es\/boutique\/tarjeta-128-botones-joystick\/","title":{"rendered":"Tarjeta joystick de 128 botones"},"content":{"rendered":"<p>Tarjeta de botones del joystick<\/p>\n<p>Simula 128 joysticks<\/p>\n<p>compatible con todos los soportes (MSFS, P3D, XPLANE, etc.)<\/p>\n<p>Bloque de terminales de conexi\u00f3n r\u00e1pida para facilitar el cableado<\/p>\n<p>Masa com\u00fan en todos los botones<\/p>\n<p>Cable USB incluido<\/p>\n<p><img loading=\"lazy\" decoding=\"async\" class=\"alignnone size-medium wp-image-823\" src=\"https:\/\/electronic-system-cockpit.fr\/wp-content\/uploads\/2023\/02\/IMG_20230214_085752-2-300x174.jpg\" alt=\"\" width=\"300\" height=\"174\"><\/p>\n<p><a href=\"https:\/\/electronic-system-cockpit.fr\/wp-content\/uploads\/2023\/10\/Joy128.zip\">HOJA DE DATOS<\/a><\/p>\n<p>&nbsp;<\/p>\n<p>&nbsp;<\/p>\n","protected":false},"excerpt":{"rendered":"<p>Tarjeta de botones del joystick Simula 128 joysticks compatible con todos los soportes (MSFS, P3D, XPLANE, etc.) Bloque de terminales de conexi\u00f3n r\u00e1pida para facilitar el cableado Masa com\u00fan en todos los botones Cable USB incluido HOJA DE DATOS &nbsp; &nbsp;<\/p>\n","protected":false},"featured_media":2365,"template":"","meta":{"neve_meta_sidebar":"","neve_meta_container":"","neve_meta_enable_content_width":"off","neve_meta_content_width":100,"neve_meta_title_alignment":"","neve_meta_author_avatar":"","neve_post_elements_order":"","neve_meta_disable_header":"","neve_meta_disable_footer":"","neve_meta_disable_title":""},"product_brand":[],"product_cat":[182],"product_tag":[],"class_list":{"0":"post-4563","1":"product","2":"type-product","3":"status-publish","4":"has-post-thumbnail","6":"product_cat-joystick-es","8":"first","9":"instock","10":"shipping-taxable","11":"purchasable","12":"product-type-simple"},"_links":{"self":[{"href":"https:\/\/electronic-system-cockpit.fr\/es\/wp-json\/wp\/v2\/product\/4563","targetHints":{"allow":["GET"]}}],"collection":[{"href":"https:\/\/electronic-system-cockpit.fr\/es\/wp-json\/wp\/v2\/product"}],"about":[{"href":"https:\/\/electronic-system-cockpit.fr\/es\/wp-json\/wp\/v2\/types\/product"}],"wp:featuredmedia":[{"embeddable":true,"href":"https:\/\/electronic-system-cockpit.fr\/es\/wp-json\/wp\/v2\/media\/2365"}],"wp:attachment":[{"href":"https:\/\/electronic-system-cockpit.fr\/es\/wp-json\/wp\/v2\/media?parent=4563"}],"wp:term":[{"taxonomy":"product_brand","embeddable":true,"href":"https:\/\/electronic-system-cockpit.fr\/es\/wp-json\/wp\/v2\/product_brand?post=4563"},{"taxonomy":"product_cat","embeddable":true,"href":"https:\/\/electronic-system-cockpit.fr\/es\/wp-json\/wp\/v2\/product_cat?post=4563"},{"taxonomy":"product_tag","embeddable":true,"href":"https:\/\/electronic-system-cockpit.fr\/es\/wp-json\/wp\/v2\/product_tag?post=4563"}],"curies":[{"name":"wp","href":"https:\/\/api.w.org\/{rel}","templated":true}]}}