{"id":4580,"date":"2023-07-18T12:20:49","date_gmt":"2023-07-18T12:20:49","guid":{"rendered":"https:\/\/electronic-system-cockpit.fr\/produit\/placa-adaptadora-arduino-mobiflight-para-pantalla-de-simulacion-fcu-a320-kav\/"},"modified":"2025-07-18T18:10:07","modified_gmt":"2025-07-18T16:10:07","slug":"arduino-mobiflight-adapter-board-for-fcu-a320-ecran-kav-simulation","status":"publish","type":"product","link":"https:\/\/electronic-system-cockpit.fr\/es\/boutique\/arduino-mobiflight-adapter-board-for-fcu-a320-ecran-kav-simulation\/","title":{"rendered":"Placa adaptadora Arduino Mobiflight para pantalla de simulaci\u00f3n FCU A320 Kav"},"content":{"rendered":"<p>Placa adaptadora para Mobiflight arduino<\/p>\n<p>Compatible con la FCU de Homecockpits.fr disponible<a href=\"https:\/\/www.homecockpits.fr\/fr\/accueil\/444-489-fcu-a320.html#\/76-finition-push_pull_home_line\"> aqu\u00ed<\/a><\/p>\n<p>Gesti\u00f3n de todas las entradas y salidas<\/p>\n<p>Gesti\u00f3n de la retroiluminaci\u00f3n PWM<\/p>\n<p> DATASHEET<\/p>\n<p>arduino mega R3 no incluido<\/p>\n","protected":false},"excerpt":{"rendered":"<p>Placa adaptadora para Mobiflight arduino Compatible con la FCU de Homecockpits.fr disponible aqu\u00ed Gesti\u00f3n de todas las entradas y salidas Gesti\u00f3n de la retroiluminaci\u00f3n PWM DATASHEET arduino mega R3 no incluido<\/p>\n","protected":false},"featured_media":4977,"template":"","meta":{"neve_meta_sidebar":"","neve_meta_container":"","neve_meta_enable_content_width":"off","neve_meta_content_width":100,"neve_meta_title_alignment":"","neve_meta_author_avatar":"","neve_post_elements_order":"","neve_meta_disable_header":"","neve_meta_disable_footer":"","neve_meta_disable_title":""},"product_brand":[],"product_cat":[177,201,173],"product_tag":[],"class_list":{"0":"post-4580","1":"product","2":"type-product","3":"status-publish","4":"has-post-thumbnail","6":"product_cat-arduino-es-2","7":"product_cat-airbus-a320-es","8":"product_cat-carte-mere-es","10":"first","11":"instock","12":"shipping-taxable","13":"purchasable","14":"product-type-simple"},"_links":{"self":[{"href":"https:\/\/electronic-system-cockpit.fr\/es\/wp-json\/wp\/v2\/product\/4580","targetHints":{"allow":["GET"]}}],"collection":[{"href":"https:\/\/electronic-system-cockpit.fr\/es\/wp-json\/wp\/v2\/product"}],"about":[{"href":"https:\/\/electronic-system-cockpit.fr\/es\/wp-json\/wp\/v2\/types\/product"}],"wp:featuredmedia":[{"embeddable":true,"href":"https:\/\/electronic-system-cockpit.fr\/es\/wp-json\/wp\/v2\/media\/4977"}],"wp:attachment":[{"href":"https:\/\/electronic-system-cockpit.fr\/es\/wp-json\/wp\/v2\/media?parent=4580"}],"wp:term":[{"taxonomy":"product_brand","embeddable":true,"href":"https:\/\/electronic-system-cockpit.fr\/es\/wp-json\/wp\/v2\/product_brand?post=4580"},{"taxonomy":"product_cat","embeddable":true,"href":"https:\/\/electronic-system-cockpit.fr\/es\/wp-json\/wp\/v2\/product_cat?post=4580"},{"taxonomy":"product_tag","embeddable":true,"href":"https:\/\/electronic-system-cockpit.fr\/es\/wp-json\/wp\/v2\/product_tag?post=4580"}],"curies":[{"name":"wp","href":"https:\/\/api.w.org\/{rel}","templated":true}]}}