{"id":4588,"date":"2023-09-12T16:27:00","date_gmt":"2023-09-12T16:27:00","guid":{"rendered":"https:\/\/electronic-system-cockpit.fr\/produit\/placa-mobiflight-arduino-glareshield-a320\/"},"modified":"2025-07-18T17:34:23","modified_gmt":"2025-07-18T15:34:23","slug":"carte-mobiflight-arduino-glareshield-a320","status":"publish","type":"product","link":"https:\/\/electronic-system-cockpit.fr\/es\/boutique\/carte-mobiflight-arduino-glareshield-a320\/","title":{"rendered":"Placa Mobiflight Arduino Glareshield A320"},"content":{"rendered":"<p>Placa multiplex para arduino<\/p>\n<p>gestiona todo el glareshield a320 (entradas, salidas, gesti\u00f3n de la retroiluminaci\u00f3n)(FCU,EFIS,WING,ATC)<\/p>\n<p>c\u00f3digo mobiflight precargado<\/p>\n<p>especialmente dise\u00f1ado para la fabricaci\u00f3n personal<\/p>\n<p>Pantalla compatible con KavSimulation<\/p>\n<p>compatible con los m\u00f3dulos <a href=\"https:\/\/www.homecockpits.fr\/fr\/accueil\/443-492-glareshield-a320-complet.html#\/77-finition-push_pull_pro_line\">de Homecockpits.fr<\/a><\/p>\n<p>Arduino mega R3 no suministrado<\/p>\n<p>Documentaci\u00f3n para descargar :<\/p>\n<p><a href=\"https:\/\/electronic-system-cockpit.fr\/wp-content\/uploads\/2024\/02\/exemple-code-A320-mobiflight.zip\">Ejemplo de programaci\u00f3n y Ficha t\u00e9cnica<\/a><\/p>\n","protected":false},"excerpt":{"rendered":"<p>Placa multiplex para arduino gestiona todo el glareshield a320 (entradas, salidas, gesti\u00f3n de la retroiluminaci\u00f3n)(FCU,EFIS,WING,ATC) c\u00f3digo mobiflight precargado especialmente dise\u00f1ado para la fabricaci\u00f3n personal Pantalla compatible con KavSimulation compatible con los m\u00f3dulos de Homecockpits.fr Arduino mega R3 no suministrado Documentaci\u00f3n para descargar : Ejemplo de programaci\u00f3n y Ficha t\u00e9cnica<\/p>\n","protected":false},"featured_media":5068,"template":"","meta":{"neve_meta_sidebar":"","neve_meta_container":"","neve_meta_enable_content_width":"off","neve_meta_content_width":100,"neve_meta_title_alignment":"","neve_meta_author_avatar":"","neve_post_elements_order":"","neve_meta_disable_header":"","neve_meta_disable_footer":"","neve_meta_disable_title":""},"product_brand":[],"product_cat":[177,201,173],"product_tag":[],"class_list":{"0":"post-4588","1":"product","2":"type-product","3":"status-publish","4":"has-post-thumbnail","6":"product_cat-arduino-es-2","7":"product_cat-airbus-a320-es","8":"product_cat-carte-mere-es","10":"first","11":"instock","12":"shipping-taxable","13":"purchasable","14":"product-type-simple"},"_links":{"self":[{"href":"https:\/\/electronic-system-cockpit.fr\/es\/wp-json\/wp\/v2\/product\/4588","targetHints":{"allow":["GET"]}}],"collection":[{"href":"https:\/\/electronic-system-cockpit.fr\/es\/wp-json\/wp\/v2\/product"}],"about":[{"href":"https:\/\/electronic-system-cockpit.fr\/es\/wp-json\/wp\/v2\/types\/product"}],"wp:featuredmedia":[{"embeddable":true,"href":"https:\/\/electronic-system-cockpit.fr\/es\/wp-json\/wp\/v2\/media\/5068"}],"wp:attachment":[{"href":"https:\/\/electronic-system-cockpit.fr\/es\/wp-json\/wp\/v2\/media?parent=4588"}],"wp:term":[{"taxonomy":"product_brand","embeddable":true,"href":"https:\/\/electronic-system-cockpit.fr\/es\/wp-json\/wp\/v2\/product_brand?post=4588"},{"taxonomy":"product_cat","embeddable":true,"href":"https:\/\/electronic-system-cockpit.fr\/es\/wp-json\/wp\/v2\/product_cat?post=4588"},{"taxonomy":"product_tag","embeddable":true,"href":"https:\/\/electronic-system-cockpit.fr\/es\/wp-json\/wp\/v2\/product_tag?post=4588"}],"curies":[{"name":"wp","href":"https:\/\/api.w.org\/{rel}","templated":true}]}}