{"id":5503,"date":"2023-11-29T16:11:31","date_gmt":"2023-11-29T16:11:31","guid":{"rendered":"https:\/\/electronic-system-cockpit.fr\/produit\/placa-base-pedestal-h145\/"},"modified":"2025-08-21T15:50:20","modified_gmt":"2025-08-21T13:50:20","slug":"placa-base-pedestal-h145","status":"publish","type":"product","link":"https:\/\/electronic-system-cockpit.fr\/es\/boutique\/placa-base-pedestal-h145\/","title":{"rendered":"Placa base Pedestal H145"},"content":{"rendered":"<p>Circuito electr\u00f3nico con Arduino incluido .<\/p>\n<p>Permite la interconexi\u00f3n programada de los siguientes m\u00f3dulos:<\/p>\n<p>ACP<\/p>\n<p>APCP<\/p>\n<p>Panel Clima<\/p>\n<p>ELT<\/p>\n<p>Panel Euronav<\/p>\n<p>GNS(GTN)750 Izquierda y Derecha<\/p>\n<p>Panel de radar<\/p>\n<p>Interruptor de panel MDF<\/p>\n<p>Panel Tel\u00e9fono<\/p>\n<p>Panel TFM 138<\/p>\n<p>Panel GND ALIMENTACI\u00d3N<\/p>\n<p>&nbsp;<\/p>\n<p>Plug and Play en Mobiflight con Hype Simulation H145<\/p>\n<p>Te enviaremos el c\u00f3digo completo por correo electr\u00f3nico cuando hagas tu pedido.<\/p>\n<p>&nbsp;<\/p>\n<p>Cable USB incluido<\/p>\n<p>Incluye fuente de alimentaci\u00f3n de 5 voltios.<\/p>\n","protected":false},"excerpt":{"rendered":"<p>Circuito electr\u00f3nico con Arduino incluido . Permite la interconexi\u00f3n programada de los siguientes m\u00f3dulos: ACP APCP Panel Clima ELT Panel Euronav GNS(GTN)750 Izquierda y Derecha Panel de radar Interruptor de panel MDF Panel Tel\u00e9fono Panel TFM 138 Panel GND ALIMENTACI\u00d3N &nbsp; Plug and Play en Mobiflight con Hype Simulation H145 Te enviaremos el c\u00f3digo completo&hellip;&nbsp;<a href=\"https:\/\/electronic-system-cockpit.fr\/es\/boutique\/placa-base-pedestal-h145\/\" rel=\"bookmark\">Leer m\u00e1s &raquo;<span class=\"screen-reader-text\">Placa base Pedestal H145<\/span><\/a><\/p>\n","protected":false},"featured_media":8077,"template":"","meta":{"neve_meta_sidebar":"","neve_meta_container":"","neve_meta_enable_content_width":"off","neve_meta_content_width":100,"neve_meta_title_alignment":"","neve_meta_author_avatar":"","neve_post_elements_order":"","neve_meta_disable_header":"","neve_meta_disable_footer":"","neve_meta_disable_title":""},"product_brand":[],"product_cat":[177,208,209],"product_tag":[],"class_list":{"0":"post-5503","1":"product","2":"type-product","3":"status-publish","4":"has-post-thumbnail","6":"product_cat-arduino-es-2","7":"product_cat-helicoptero-airbus","8":"product_cat-pedestal-es","10":"first","11":"instock","12":"shipping-taxable","13":"purchasable","14":"product-type-simple"},"_links":{"self":[{"href":"https:\/\/electronic-system-cockpit.fr\/es\/wp-json\/wp\/v2\/product\/5503","targetHints":{"allow":["GET"]}}],"collection":[{"href":"https:\/\/electronic-system-cockpit.fr\/es\/wp-json\/wp\/v2\/product"}],"about":[{"href":"https:\/\/electronic-system-cockpit.fr\/es\/wp-json\/wp\/v2\/types\/product"}],"wp:featuredmedia":[{"embeddable":true,"href":"https:\/\/electronic-system-cockpit.fr\/es\/wp-json\/wp\/v2\/media\/8077"}],"wp:attachment":[{"href":"https:\/\/electronic-system-cockpit.fr\/es\/wp-json\/wp\/v2\/media?parent=5503"}],"wp:term":[{"taxonomy":"product_brand","embeddable":true,"href":"https:\/\/electronic-system-cockpit.fr\/es\/wp-json\/wp\/v2\/product_brand?post=5503"},{"taxonomy":"product_cat","embeddable":true,"href":"https:\/\/electronic-system-cockpit.fr\/es\/wp-json\/wp\/v2\/product_cat?post=5503"},{"taxonomy":"product_tag","embeddable":true,"href":"https:\/\/electronic-system-cockpit.fr\/es\/wp-json\/wp\/v2\/product_tag?post=5503"}],"curies":[{"name":"wp","href":"https:\/\/api.w.org\/{rel}","templated":true}]}}