{"id":5539,"date":"2023-11-29T16:35:37","date_gmt":"2023-11-29T16:35:37","guid":{"rendered":"https:\/\/electronic-system-cockpit.fr\/produit\/panel-telefonico-h145\/"},"modified":"2025-08-21T15:59:26","modified_gmt":"2025-08-21T13:59:26","slug":"panel-telefonico-h145","status":"publish","type":"product","link":"https:\/\/electronic-system-cockpit.fr\/es\/boutique\/panel-telefonico-h145\/","title":{"rendered":"CARLS panel t\u00e1ctico H145"},"content":{"rendered":"<p>Panel CARLS H145<\/p>\n<p>pantalla ficticia<\/p>\n<p>no simulado actualmente en Hype Simulation<\/p>\n<p>Botones, pulsadores, codificador, interfaz .<\/p>\n<p>El circuito electr\u00f3nico con retroiluminaci\u00f3n verde incluye .<\/p>\n<p>Conector IDC .<\/p>\n<p>Mantel de conexi\u00f3n incluido.<\/p>\n<p>PLUG AND PLAY en Mobiflight y Hype SImulation con la placa base disponible <a href=\"https:\/\/electronic-system-cockpit.fr\/produit\/carte-mere-pedestal-h145\/\">AQU\u00cd<\/a>.<\/p>\n<p>Contracara de 3 mm, cara de 6 mm.<\/p>\n<p>Tama\u00f1o 146*85mm<\/p>\n<p>Dzus M4 incluts<\/p>\n<p><a href=\"https:\/\/electronic-system-cockpit.fr\/wp-content\/uploads\/2023\/11\/connexion-pin-pedestal-H145.pdf\">HOJA DE DATOS PLAN DE CONEXI\u00d3N<\/a><\/p>\n<p>Fabricados bajo pedido, los plazos de entrega pueden variar de 1 a 2 semanas en funci\u00f3n de la complejidad del m\u00f3dulo.<\/p>\n","protected":false},"excerpt":{"rendered":"<p>Panel CARLS H145 pantalla ficticia no simulado actualmente en Hype Simulation Botones, pulsadores, codificador, interfaz . El circuito electr\u00f3nico con retroiluminaci\u00f3n verde incluye . Conector IDC . Mantel de conexi\u00f3n incluido. PLUG AND PLAY en Mobiflight y Hype SImulation con la placa base disponible AQU\u00cd. Contracara de 3 mm, cara de 6 mm. Tama\u00f1o 146*85mm&hellip;&nbsp;<a href=\"https:\/\/electronic-system-cockpit.fr\/es\/boutique\/panel-telefonico-h145\/\" rel=\"bookmark\">Leer m\u00e1s &raquo;<span class=\"screen-reader-text\">CARLS panel t\u00e1ctico H145<\/span><\/a><\/p>\n","protected":false},"featured_media":8245,"template":"","meta":{"neve_meta_sidebar":"","neve_meta_container":"","neve_meta_enable_content_width":"off","neve_meta_content_width":100,"neve_meta_title_alignment":"","neve_meta_author_avatar":"","neve_post_elements_order":"","neve_meta_disable_header":"","neve_meta_disable_footer":"","neve_meta_disable_title":""},"product_brand":[],"product_cat":[208,209],"product_tag":[],"class_list":{"0":"post-5539","1":"product","2":"type-product","3":"status-publish","4":"has-post-thumbnail","6":"product_cat-helicoptero-airbus","7":"product_cat-pedestal-es","9":"first","10":"instock","11":"shipping-taxable","12":"purchasable","13":"product-type-simple"},"_links":{"self":[{"href":"https:\/\/electronic-system-cockpit.fr\/es\/wp-json\/wp\/v2\/product\/5539","targetHints":{"allow":["GET"]}}],"collection":[{"href":"https:\/\/electronic-system-cockpit.fr\/es\/wp-json\/wp\/v2\/product"}],"about":[{"href":"https:\/\/electronic-system-cockpit.fr\/es\/wp-json\/wp\/v2\/types\/product"}],"wp:featuredmedia":[{"embeddable":true,"href":"https:\/\/electronic-system-cockpit.fr\/es\/wp-json\/wp\/v2\/media\/8245"}],"wp:attachment":[{"href":"https:\/\/electronic-system-cockpit.fr\/es\/wp-json\/wp\/v2\/media?parent=5539"}],"wp:term":[{"taxonomy":"product_brand","embeddable":true,"href":"https:\/\/electronic-system-cockpit.fr\/es\/wp-json\/wp\/v2\/product_brand?post=5539"},{"taxonomy":"product_cat","embeddable":true,"href":"https:\/\/electronic-system-cockpit.fr\/es\/wp-json\/wp\/v2\/product_cat?post=5539"},{"taxonomy":"product_tag","embeddable":true,"href":"https:\/\/electronic-system-cockpit.fr\/es\/wp-json\/wp\/v2\/product_tag?post=5539"}],"curies":[{"name":"wp","href":"https:\/\/api.w.org\/{rel}","templated":true}]}}