{"id":5547,"date":"2023-11-29T16:43:15","date_gmt":"2023-11-29T16:43:15","guid":{"rendered":"https:\/\/electronic-system-cockpit.fr\/produit\/lote-de-2-gns-gtn-750\/"},"modified":"2025-08-21T15:56:22","modified_gmt":"2025-08-21T13:56:22","slug":"lote-de-2-gns-gtn-750","status":"publish","type":"product","link":"https:\/\/electronic-system-cockpit.fr\/es\/boutique\/lote-de-2-gns-gtn-750\/","title":{"rendered":"Juego de 2 GTN 750"},"content":{"rendered":"<p>GNS 750 H145<\/p>\n<p>la pantalla t\u00e1ctil incluye<\/p>\n<p>Requiere <a href=\"https:\/\/fr.flightsim.to\/file\/35759\/msfs-pop-out-panel-manager\">msfs popout panel manager<\/a> para mostrar ventanas y hacer la funci\u00f3n t\u00e1ctil disponible en Hype Simulation .<\/p>\n<p>Cable de alimentaci\u00f3n USB y HDMI incluidos.<\/p>\n<p>Puede montarse en la parte trasera seg\u00fan las normas Vesa<\/p>\n<p>El circuito electr\u00f3nico con retroiluminaci\u00f3n verde incluye .<\/p>\n<p>Conector IDC .<\/p>\n<p>Mantel de conexi\u00f3n incluido.<\/p>\n<p>PLUG AND PLAY en Mobiflight y Hype SImulation con la placa base disponible <a href=\"https:\/\/electronic-system-cockpit.fr\/produit\/carte-mere-pedestal-h145\/\">AQU\u00cd<\/a>.<\/p>\n<p>&nbsp;<\/p>\n<p>Tama\u00f1o 298*179 mm<\/p>\n<p>&nbsp;<\/p>\n<p><a href=\"https:\/\/electronic-system-cockpit.fr\/wp-content\/uploads\/2023\/11\/connexion-pin-pedestal-H145.pdf\">HOJA DE DATOS PLAN DE CONEXI\u00d3N<\/a><\/p>\n<p>Fabricados bajo pedido, los plazos de entrega pueden variar de 1 a 2 semanas en funci\u00f3n de la complejidad del m\u00f3dulo.<\/p>\n","protected":false},"excerpt":{"rendered":"<p>GNS 750 H145 la pantalla t\u00e1ctil incluye Requiere msfs popout panel manager para mostrar ventanas y hacer la funci\u00f3n t\u00e1ctil disponible en Hype Simulation . Cable de alimentaci\u00f3n USB y HDMI incluidos. Puede montarse en la parte trasera seg\u00fan las normas Vesa El circuito electr\u00f3nico con retroiluminaci\u00f3n verde incluye . Conector IDC . Mantel de&hellip;&nbsp;<a href=\"https:\/\/electronic-system-cockpit.fr\/es\/boutique\/lote-de-2-gns-gtn-750\/\" rel=\"bookmark\">Leer m\u00e1s &raquo;<span class=\"screen-reader-text\">Juego de 2 GTN 750<\/span><\/a><\/p>\n","protected":false},"featured_media":8217,"template":"","meta":{"neve_meta_sidebar":"","neve_meta_container":"","neve_meta_enable_content_width":"off","neve_meta_content_width":100,"neve_meta_title_alignment":"","neve_meta_author_avatar":"","neve_post_elements_order":"","neve_meta_disable_header":"","neve_meta_disable_footer":"","neve_meta_disable_title":""},"product_brand":[],"product_cat":[208,209],"product_tag":[],"class_list":{"0":"post-5547","1":"product","2":"type-product","3":"status-publish","4":"has-post-thumbnail","6":"product_cat-helicoptero-airbus","7":"product_cat-pedestal-es","9":"first","10":"instock","11":"featured","12":"shipping-taxable","13":"purchasable","14":"product-type-simple"},"_links":{"self":[{"href":"https:\/\/electronic-system-cockpit.fr\/es\/wp-json\/wp\/v2\/product\/5547","targetHints":{"allow":["GET"]}}],"collection":[{"href":"https:\/\/electronic-system-cockpit.fr\/es\/wp-json\/wp\/v2\/product"}],"about":[{"href":"https:\/\/electronic-system-cockpit.fr\/es\/wp-json\/wp\/v2\/types\/product"}],"wp:featuredmedia":[{"embeddable":true,"href":"https:\/\/electronic-system-cockpit.fr\/es\/wp-json\/wp\/v2\/media\/8217"}],"wp:attachment":[{"href":"https:\/\/electronic-system-cockpit.fr\/es\/wp-json\/wp\/v2\/media?parent=5547"}],"wp:term":[{"taxonomy":"product_brand","embeddable":true,"href":"https:\/\/electronic-system-cockpit.fr\/es\/wp-json\/wp\/v2\/product_brand?post=5547"},{"taxonomy":"product_cat","embeddable":true,"href":"https:\/\/electronic-system-cockpit.fr\/es\/wp-json\/wp\/v2\/product_cat?post=5547"},{"taxonomy":"product_tag","embeddable":true,"href":"https:\/\/electronic-system-cockpit.fr\/es\/wp-json\/wp\/v2\/product_tag?post=5547"}],"curies":[{"name":"wp","href":"https:\/\/api.w.org\/{rel}","templated":true}]}}