{"id":5573,"date":"2023-12-02T15:42:03","date_gmt":"2023-12-02T15:42:03","guid":{"rendered":"https:\/\/electronic-system-cockpit.fr\/produit\/placa-posterior-86-mm\/"},"modified":"2025-08-21T15:52:51","modified_gmt":"2025-08-21T13:52:51","slug":"placa-posterior-86-mm","status":"publish","type":"product","link":"https:\/\/electronic-system-cockpit.fr\/es\/boutique\/placa-posterior-86-mm\/","title":{"rendered":"Placa posterior 86 mm"},"content":{"rendered":"<p>Placa trasera decorativa<\/p>\n<p>Resina ABS<\/p>\n<p>Dzus incluido<\/p>\n<p>tama\u00f1o 146*86mm<\/p>\n<p>Fabricado bajo pedido, el plazo de entrega puede variar de 1 a 2 semanas en funci\u00f3n de la complejidad del m\u00f3dulo.<\/p>\n","protected":false},"excerpt":{"rendered":"<p>Placa trasera decorativa Resina ABS Dzus incluido tama\u00f1o 146*86mm Fabricado bajo pedido, el plazo de entrega puede variar de 1 a 2 semanas en funci\u00f3n de la complejidad del m\u00f3dulo.<\/p>\n","protected":false},"featured_media":8119,"template":"","meta":{"neve_meta_sidebar":"","neve_meta_container":"","neve_meta_enable_content_width":"off","neve_meta_content_width":100,"neve_meta_title_alignment":"","neve_meta_author_avatar":"","neve_post_elements_order":"","neve_meta_disable_header":"","neve_meta_disable_footer":"","neve_meta_disable_title":""},"product_brand":[],"product_cat":[208,209],"product_tag":[],"class_list":{"0":"post-5573","1":"product","2":"type-product","3":"status-publish","4":"has-post-thumbnail","6":"product_cat-helicoptero-airbus","7":"product_cat-pedestal-es","9":"first","10":"instock","11":"shipping-taxable","12":"purchasable","13":"product-type-simple"},"_links":{"self":[{"href":"https:\/\/electronic-system-cockpit.fr\/es\/wp-json\/wp\/v2\/product\/5573","targetHints":{"allow":["GET"]}}],"collection":[{"href":"https:\/\/electronic-system-cockpit.fr\/es\/wp-json\/wp\/v2\/product"}],"about":[{"href":"https:\/\/electronic-system-cockpit.fr\/es\/wp-json\/wp\/v2\/types\/product"}],"wp:featuredmedia":[{"embeddable":true,"href":"https:\/\/electronic-system-cockpit.fr\/es\/wp-json\/wp\/v2\/media\/8119"}],"wp:attachment":[{"href":"https:\/\/electronic-system-cockpit.fr\/es\/wp-json\/wp\/v2\/media?parent=5573"}],"wp:term":[{"taxonomy":"product_brand","embeddable":true,"href":"https:\/\/electronic-system-cockpit.fr\/es\/wp-json\/wp\/v2\/product_brand?post=5573"},{"taxonomy":"product_cat","embeddable":true,"href":"https:\/\/electronic-system-cockpit.fr\/es\/wp-json\/wp\/v2\/product_cat?post=5573"},{"taxonomy":"product_tag","embeddable":true,"href":"https:\/\/electronic-system-cockpit.fr\/es\/wp-json\/wp\/v2\/product_tag?post=5573"}],"curies":[{"name":"wp","href":"https:\/\/api.w.org\/{rel}","templated":true}]}}