{"id":6292,"date":"2024-01-26T08:31:10","date_gmt":"2024-01-26T08:31:10","guid":{"rendered":"https:\/\/electronic-system-cockpit.fr\/produit\/sobrecarga-h145\/"},"modified":"2026-03-12T12:01:16","modified_gmt":"2026-03-12T11:01:16","slug":"overhead-h145","status":"publish","type":"product","link":"https:\/\/electronic-system-cockpit.fr\/es\/boutique\/overhead-h145\/","title":{"rendered":"OVERHEAD H145 HEMS versi\u00f3n V2"},"content":{"rendered":"<p>OVHD H145<\/p>\n<p>totalmente compatible y plug and play con Hype simulation y Mobiflight .<\/p>\n<p>compatible con XFER H145 en Xplane y Mobiflight.<\/p>\n<p>retroiluminaci\u00f3n incluida<\/p>\n<p>arduino mega R3 mini incluido<\/p>\n<p>&nbsp;<\/p>\n<p>Te enviaremos el c\u00f3digo completo por correo electr\u00f3nico cuando hagas tu pedido.<\/p>\n<p>&nbsp;<\/p>\n<p>Cable USB incluido<\/p>\n<p>Incluye fuente de alimentaci\u00f3n de 5 voltios.<\/p>\n<p>Dimensiones en formato DXF disponibles <a href=\"https:\/\/electronic-system-cockpit.fr\/wp-content\/uploads\/2024\/01\/ensemble-oh.zip\">aqu\u00ed<\/a>.<\/p>\n<p>Fabricados bajo pedido, los plazos de entrega pueden variar de 1 a 2 semanas.<\/p>\n","protected":false},"excerpt":{"rendered":"<p>OVHD H145 totalmente compatible y plug and play con Hype simulation y Mobiflight . compatible con XFER H145 en Xplane y Mobiflight. retroiluminaci\u00f3n incluida arduino mega R3 mini incluido &nbsp; Te enviaremos el c\u00f3digo completo por correo electr\u00f3nico cuando hagas tu pedido. &nbsp; Cable USB incluido Incluye fuente de alimentaci\u00f3n de 5 voltios. Dimensiones en&hellip;&nbsp;<a href=\"https:\/\/electronic-system-cockpit.fr\/es\/boutique\/overhead-h145\/\" rel=\"bookmark\">Leer m\u00e1s &raquo;<span class=\"screen-reader-text\">OVERHEAD H145 HEMS versi\u00f3n V2<\/span><\/a><\/p>\n","protected":false},"featured_media":8902,"template":"","meta":{"neve_meta_sidebar":"","neve_meta_container":"","neve_meta_enable_content_width":"off","neve_meta_content_width":100,"neve_meta_title_alignment":"","neve_meta_author_avatar":"","neve_post_elements_order":"","neve_meta_disable_header":"","neve_meta_disable_footer":"","neve_meta_disable_title":""},"product_brand":[],"product_cat":[208,264],"product_tag":[],"class_list":{"0":"post-6292","1":"product","2":"type-product","3":"status-publish","4":"has-post-thumbnail","6":"product_cat-helicoptero-airbus","7":"product_cat-ovh-es","9":"first","10":"instock","11":"shipping-taxable","12":"purchasable","13":"product-type-simple"},"_links":{"self":[{"href":"https:\/\/electronic-system-cockpit.fr\/es\/wp-json\/wp\/v2\/product\/6292","targetHints":{"allow":["GET"]}}],"collection":[{"href":"https:\/\/electronic-system-cockpit.fr\/es\/wp-json\/wp\/v2\/product"}],"about":[{"href":"https:\/\/electronic-system-cockpit.fr\/es\/wp-json\/wp\/v2\/types\/product"}],"wp:featuredmedia":[{"embeddable":true,"href":"https:\/\/electronic-system-cockpit.fr\/es\/wp-json\/wp\/v2\/media\/8902"}],"wp:attachment":[{"href":"https:\/\/electronic-system-cockpit.fr\/es\/wp-json\/wp\/v2\/media?parent=6292"}],"wp:term":[{"taxonomy":"product_brand","embeddable":true,"href":"https:\/\/electronic-system-cockpit.fr\/es\/wp-json\/wp\/v2\/product_brand?post=6292"},{"taxonomy":"product_cat","embeddable":true,"href":"https:\/\/electronic-system-cockpit.fr\/es\/wp-json\/wp\/v2\/product_cat?post=6292"},{"taxonomy":"product_tag","embeddable":true,"href":"https:\/\/electronic-system-cockpit.fr\/es\/wp-json\/wp\/v2\/product_tag?post=6292"}],"curies":[{"name":"wp","href":"https:\/\/api.w.org\/{rel}","templated":true}]}}