{"id":6376,"date":"2024-02-10T10:52:02","date_gmt":"2024-02-10T10:52:02","guid":{"rendered":"https:\/\/electronic-system-cockpit.fr\/produit\/juego-de-2-paneles-de-disyuntores-h145\/"},"modified":"2025-08-21T16:41:01","modified_gmt":"2025-08-21T14:41:01","slug":"juego-de-2-paneles-de-disyuntores-h145","status":"publish","type":"product","link":"https:\/\/electronic-system-cockpit.fr\/es\/boutique\/juego-de-2-paneles-de-disyuntores-h145\/","title":{"rendered":"Juego de 2 paneles de disyuntores H145"},"content":{"rendered":"<p>Paneles de disyuntores H145<\/p>\n<p>se conecta al OVHD mediante dos regletas de conectores<\/p>\n<p>retroiluminaci\u00f3n incluida<\/p>\n<p>Disyuntor ficticio no funcional<\/p>\n<p>Interruptor BUS TIE GEN funcional<\/p>\n<p>El c\u00f3digo completo se facilitar\u00e1 con el pedido por correo electr\u00f3nico.<\/p>\n<p>Dimensiones Formato DXF disponible <a href=\"https:\/\/electronic-system-cockpit.fr\/wp-content\/uploads\/2024\/01\/ensemble-oh.zip\">aqu\u00ed<\/a>.<\/p>\n<p>El plazo de fabricaci\u00f3n bajo pedido puede variar de 1 a 2 semanas.<\/p>\n","protected":false},"excerpt":{"rendered":"<p>Paneles de disyuntores H145 se conecta al OVHD mediante dos regletas de conectores retroiluminaci\u00f3n incluida Disyuntor ficticio no funcional Interruptor BUS TIE GEN funcional El c\u00f3digo completo se facilitar\u00e1 con el pedido por correo electr\u00f3nico. Dimensiones Formato DXF disponible aqu\u00ed. El plazo de fabricaci\u00f3n bajo pedido puede variar de 1 a 2 semanas.<\/p>\n","protected":false},"featured_media":8448,"template":"","meta":{"neve_meta_sidebar":"","neve_meta_container":"","neve_meta_enable_content_width":"off","neve_meta_content_width":100,"neve_meta_title_alignment":"","neve_meta_author_avatar":"","neve_post_elements_order":"","neve_meta_disable_header":"","neve_meta_disable_footer":"","neve_meta_disable_title":""},"product_brand":[],"product_cat":[208,264],"product_tag":[],"class_list":{"0":"post-6376","1":"product","2":"type-product","3":"status-publish","4":"has-post-thumbnail","6":"product_cat-helicoptero-airbus","7":"product_cat-ovh-es","9":"first","10":"instock","11":"shipping-taxable","12":"purchasable","13":"product-type-simple"},"_links":{"self":[{"href":"https:\/\/electronic-system-cockpit.fr\/es\/wp-json\/wp\/v2\/product\/6376","targetHints":{"allow":["GET"]}}],"collection":[{"href":"https:\/\/electronic-system-cockpit.fr\/es\/wp-json\/wp\/v2\/product"}],"about":[{"href":"https:\/\/electronic-system-cockpit.fr\/es\/wp-json\/wp\/v2\/types\/product"}],"wp:featuredmedia":[{"embeddable":true,"href":"https:\/\/electronic-system-cockpit.fr\/es\/wp-json\/wp\/v2\/media\/8448"}],"wp:attachment":[{"href":"https:\/\/electronic-system-cockpit.fr\/es\/wp-json\/wp\/v2\/media?parent=6376"}],"wp:term":[{"taxonomy":"product_brand","embeddable":true,"href":"https:\/\/electronic-system-cockpit.fr\/es\/wp-json\/wp\/v2\/product_brand?post=6376"},{"taxonomy":"product_cat","embeddable":true,"href":"https:\/\/electronic-system-cockpit.fr\/es\/wp-json\/wp\/v2\/product_cat?post=6376"},{"taxonomy":"product_tag","embeddable":true,"href":"https:\/\/electronic-system-cockpit.fr\/es\/wp-json\/wp\/v2\/product_tag?post=6376"}],"curies":[{"name":"wp","href":"https:\/\/api.w.org\/{rel}","templated":true}]}}