{"id":6641,"date":"2024-04-06T09:11:16","date_gmt":"2024-04-06T09:11:16","guid":{"rendered":"https:\/\/electronic-system-cockpit.fr\/produit\/placa-base-mip-mfd-h145\/"},"modified":"2025-08-19T15:14:45","modified_gmt":"2025-08-19T13:14:45","slug":"placa-base-mip-mfd-h145","status":"publish","type":"product","link":"https:\/\/electronic-system-cockpit.fr\/es\/boutique\/placa-base-mip-mfd-h145\/","title":{"rendered":"PLACA BASE MIP MFD H145"},"content":{"rendered":"<p>Circuito electr\u00f3nico con Arduino mini incluido .<\/p>\n<p>Permite la interconexi\u00f3n programada de los siguientes m\u00f3dulos:<\/p>\n<p>ECP<\/p>\n<p>MFD1<\/p>\n<p>MFD2<\/p>\n<p>MFD4<\/p>\n<p>IESI<\/p>\n<p>UNIDAD DE AVISO<\/p>\n<p>CONJUNTO INDICADOR 6ENVASES<\/p>\n<p>&nbsp;<\/p>\n<p>&nbsp;<\/p>\n<p>Plug and Play en Mobiflight con Hype Simulation H145<\/p>\n<p>Te enviaremos el c\u00f3digo completo por correo electr\u00f3nico cuando hagas tu pedido.<\/p>\n<p>&nbsp;<\/p>\n<p>Cable USB incluido<\/p>\n<p>Incluye fuente de alimentaci\u00f3n de 5 voltios.<\/p>\n<p>&nbsp;<\/p>\n","protected":false},"excerpt":{"rendered":"<p>Circuito electr\u00f3nico con Arduino mini incluido . Permite la interconexi\u00f3n programada de los siguientes m\u00f3dulos: ECP MFD1 MFD2 MFD4 IESI UNIDAD DE AVISO CONJUNTO INDICADOR 6ENVASES &nbsp; &nbsp; Plug and Play en Mobiflight con Hype Simulation H145 Te enviaremos el c\u00f3digo completo por correo electr\u00f3nico cuando hagas tu pedido. &nbsp; Cable USB incluido Incluye fuente&hellip;&nbsp;<a href=\"https:\/\/electronic-system-cockpit.fr\/es\/boutique\/placa-base-mip-mfd-h145\/\" rel=\"bookmark\">Leer m\u00e1s &raquo;<span class=\"screen-reader-text\">PLACA BASE MIP MFD H145<\/span><\/a><\/p>\n","protected":false},"featured_media":8413,"template":"","meta":{"neve_meta_sidebar":"","neve_meta_container":"","neve_meta_enable_content_width":"off","neve_meta_content_width":100,"neve_meta_title_alignment":"","neve_meta_author_avatar":"","neve_post_elements_order":"","neve_meta_disable_header":"","neve_meta_disable_footer":"","neve_meta_disable_title":""},"product_brand":[],"product_cat":[208,271],"product_tag":[],"class_list":{"0":"post-6641","1":"product","2":"type-product","3":"status-publish","4":"has-post-thumbnail","6":"product_cat-helicoptero-airbus","7":"product_cat-mip-glareshield-es","9":"first","10":"instock","11":"featured","12":"purchasable","13":"product-type-simple"},"_links":{"self":[{"href":"https:\/\/electronic-system-cockpit.fr\/es\/wp-json\/wp\/v2\/product\/6641","targetHints":{"allow":["GET"]}}],"collection":[{"href":"https:\/\/electronic-system-cockpit.fr\/es\/wp-json\/wp\/v2\/product"}],"about":[{"href":"https:\/\/electronic-system-cockpit.fr\/es\/wp-json\/wp\/v2\/types\/product"}],"wp:featuredmedia":[{"embeddable":true,"href":"https:\/\/electronic-system-cockpit.fr\/es\/wp-json\/wp\/v2\/media\/8413"}],"wp:attachment":[{"href":"https:\/\/electronic-system-cockpit.fr\/es\/wp-json\/wp\/v2\/media?parent=6641"}],"wp:term":[{"taxonomy":"product_brand","embeddable":true,"href":"https:\/\/electronic-system-cockpit.fr\/es\/wp-json\/wp\/v2\/product_brand?post=6641"},{"taxonomy":"product_cat","embeddable":true,"href":"https:\/\/electronic-system-cockpit.fr\/es\/wp-json\/wp\/v2\/product_cat?post=6641"},{"taxonomy":"product_tag","embeddable":true,"href":"https:\/\/electronic-system-cockpit.fr\/es\/wp-json\/wp\/v2\/product_tag?post=6641"}],"curies":[{"name":"wp","href":"https:\/\/api.w.org\/{rel}","templated":true}]}}