{"id":6966,"date":"2024-06-03T13:40:52","date_gmt":"2024-06-03T13:40:52","guid":{"rendered":"https:\/\/electronic-system-cockpit.fr\/produit\/marco-iesi-h145\/"},"modified":"2025-08-19T14:52:07","modified_gmt":"2025-08-19T12:52:07","slug":"marco-iesi-h145","status":"publish","type":"product","link":"https:\/\/electronic-system-cockpit.fr\/es\/boutique\/marco-iesi-h145\/","title":{"rendered":"MARCO IESI H145"},"content":{"rendered":"<p>Marco de panel IESI H145<\/p>\n<p>Se pueden interconectar botones, pulsadores, codificadores y LED.<\/p>\n<p>El circuito electr\u00f3nico con retroiluminaci\u00f3n verde incluye .<\/p>\n<p>Conector FFC .<\/p>\n<p>Mantel de conexi\u00f3n incluido.<\/p>\n<p>PLUG AND PLAY en Mobiflight y Hype SImulation con la placa base disponible <a href=\"https:\/\/electronic-system-cockpit.fr\/produit\/carte-mere-mip-mfd-h145\/\">AQU\u00cd<\/a>.<\/p>\n<p>Resina ABS<\/p>\n<p>Tama\u00f1o 94,5*89,5 mm<\/p>\n<p>TORNILLOS M4 incluidos .<\/p>\n<p><a href=\"https:\/\/electronic-system-cockpit.fr\/wp-content\/uploads\/2024\/06\/datasheet-MIP-dxf.zip\">HOJA DE DATOS MIP H145<\/a><\/p>\n<p>Fabricados bajo pedido, los plazos de entrega pueden variar de 1 a 2 semanas en funci\u00f3n de la complejidad del m\u00f3dulo.<\/p>\n","protected":false},"excerpt":{"rendered":"<p>Marco de panel IESI H145 Se pueden interconectar botones, pulsadores, codificadores y LED. El circuito electr\u00f3nico con retroiluminaci\u00f3n verde incluye . Conector FFC . Mantel de conexi\u00f3n incluido. PLUG AND PLAY en Mobiflight y Hype SImulation con la placa base disponible AQU\u00cd. Resina ABS Tama\u00f1o 94,5*89,5 mm TORNILLOS M4 incluidos . HOJA DE DATOS MIP&hellip;&nbsp;<a href=\"https:\/\/electronic-system-cockpit.fr\/es\/boutique\/marco-iesi-h145\/\" rel=\"bookmark\">Leer m\u00e1s &raquo;<span class=\"screen-reader-text\">MARCO IESI H145<\/span><\/a><\/p>\n","protected":false},"featured_media":8385,"template":"","meta":{"neve_meta_sidebar":"","neve_meta_container":"","neve_meta_enable_content_width":"off","neve_meta_content_width":100,"neve_meta_title_alignment":"","neve_meta_author_avatar":"","neve_post_elements_order":"","neve_meta_disable_header":"","neve_meta_disable_footer":"","neve_meta_disable_title":""},"product_brand":[],"product_cat":[208,271],"product_tag":[],"class_list":{"0":"post-6966","1":"product","2":"type-product","3":"status-publish","4":"has-post-thumbnail","6":"product_cat-helicoptero-airbus","7":"product_cat-mip-glareshield-es","9":"first","10":"instock","11":"shipping-taxable","12":"purchasable","13":"product-type-simple"},"_links":{"self":[{"href":"https:\/\/electronic-system-cockpit.fr\/es\/wp-json\/wp\/v2\/product\/6966","targetHints":{"allow":["GET"]}}],"collection":[{"href":"https:\/\/electronic-system-cockpit.fr\/es\/wp-json\/wp\/v2\/product"}],"about":[{"href":"https:\/\/electronic-system-cockpit.fr\/es\/wp-json\/wp\/v2\/types\/product"}],"wp:featuredmedia":[{"embeddable":true,"href":"https:\/\/electronic-system-cockpit.fr\/es\/wp-json\/wp\/v2\/media\/8385"}],"wp:attachment":[{"href":"https:\/\/electronic-system-cockpit.fr\/es\/wp-json\/wp\/v2\/media?parent=6966"}],"wp:term":[{"taxonomy":"product_brand","embeddable":true,"href":"https:\/\/electronic-system-cockpit.fr\/es\/wp-json\/wp\/v2\/product_brand?post=6966"},{"taxonomy":"product_cat","embeddable":true,"href":"https:\/\/electronic-system-cockpit.fr\/es\/wp-json\/wp\/v2\/product_cat?post=6966"},{"taxonomy":"product_tag","embeddable":true,"href":"https:\/\/electronic-system-cockpit.fr\/es\/wp-json\/wp\/v2\/product_tag?post=6966"}],"curies":[{"name":"wp","href":"https:\/\/api.w.org\/{rel}","templated":true}]}}