{"id":7023,"date":"2024-06-11T09:39:10","date_gmt":"2024-06-11T09:39:10","guid":{"rendered":"https:\/\/electronic-system-cockpit.fr\/produit\/interruptor-ecp-arranque-motor-h145\/"},"modified":"2024-06-11T09:39:10","modified_gmt":"2024-06-11T09:39:10","slug":"interruptor-ecp-arranque-motor-h145","status":"publish","type":"product","link":"https:\/\/electronic-system-cockpit.fr\/es\/boutique\/interruptor-ecp-arranque-motor-h145\/","title":{"rendered":"Interruptor ECP arranque motor H145"},"content":{"rendered":"<p>Interruptor de 3 posiciones con bloqueo mec\u00e1nico de seguridad .<\/p>\n<p>Dise\u00f1ado para montarse sobre un soporte de 3 mm de grosor.<\/p>\n<p>Orificio de montaje de 12 mm de di\u00e1metro.<\/p>\n<p>guardia resina abs .<\/p>\n<p>&nbsp;<\/p>\n","protected":false},"excerpt":{"rendered":"<p>Interruptor de 3 posiciones con bloqueo mec\u00e1nico de seguridad . Dise\u00f1ado para montarse sobre un soporte de 3 mm de grosor. Orificio de montaje de 12 mm de di\u00e1metro. guardia resina abs . &nbsp;<\/p>\n","protected":false},"featured_media":7009,"template":"","meta":{"neve_meta_sidebar":"","neve_meta_container":"","neve_meta_enable_content_width":"off","neve_meta_content_width":100,"neve_meta_title_alignment":"","neve_meta_author_avatar":"","neve_post_elements_order":"","neve_meta_disable_header":"","neve_meta_disable_footer":"","neve_meta_disable_title":""},"product_brand":[],"product_cat":[208,271],"product_tag":[],"class_list":{"0":"post-7023","1":"product","2":"type-product","3":"status-publish","4":"has-post-thumbnail","6":"product_cat-helicoptero-airbus","7":"product_cat-mip-glareshield-es","9":"first","10":"instock","11":"shipping-taxable","12":"purchasable","13":"product-type-simple"},"_links":{"self":[{"href":"https:\/\/electronic-system-cockpit.fr\/es\/wp-json\/wp\/v2\/product\/7023","targetHints":{"allow":["GET"]}}],"collection":[{"href":"https:\/\/electronic-system-cockpit.fr\/es\/wp-json\/wp\/v2\/product"}],"about":[{"href":"https:\/\/electronic-system-cockpit.fr\/es\/wp-json\/wp\/v2\/types\/product"}],"wp:featuredmedia":[{"embeddable":true,"href":"https:\/\/electronic-system-cockpit.fr\/es\/wp-json\/wp\/v2\/media\/7009"}],"wp:attachment":[{"href":"https:\/\/electronic-system-cockpit.fr\/es\/wp-json\/wp\/v2\/media?parent=7023"}],"wp:term":[{"taxonomy":"product_brand","embeddable":true,"href":"https:\/\/electronic-system-cockpit.fr\/es\/wp-json\/wp\/v2\/product_brand?post=7023"},{"taxonomy":"product_cat","embeddable":true,"href":"https:\/\/electronic-system-cockpit.fr\/es\/wp-json\/wp\/v2\/product_cat?post=7023"},{"taxonomy":"product_tag","embeddable":true,"href":"https:\/\/electronic-system-cockpit.fr\/es\/wp-json\/wp\/v2\/product_tag?post=7023"}],"curies":[{"name":"wp","href":"https:\/\/api.w.org\/{rel}","templated":true}]}}