{"id":7124,"date":"2024-07-15T10:23:38","date_gmt":"2024-07-15T08:23:38","guid":{"rendered":"https:\/\/electronic-system-cockpit.fr\/produit\/pedestal-h145-full-plug-and-play-con-hipesimulacion\/"},"modified":"2025-12-10T22:39:11","modified_gmt":"2025-12-10T21:39:11","slug":"pedestal-h145-full-plug-and-play-avec-hypesimulation","status":"publish","type":"product","link":"https:\/\/electronic-system-cockpit.fr\/es\/boutique\/pedestal-h145-full-plug-and-play-avec-hypesimulation\/","title":{"rendered":"Pedestal H145 FULL PLUG AND PLAY con HIPESIMULACI\u00d3N"},"content":{"rendered":"<p>Pedestal completo H145<\/p>\n<p>Estructura de aluminio<\/p>\n<p>incluye los siguientes m\u00f3dulos:<\/p>\n<p>ACP<\/p>\n<p>APCP<\/p>\n<p>Placas traseras<\/p>\n<p>GTN750 con pantalla t\u00e1ctil<\/p>\n<p>Escalada del panel<\/p>\n<p>Datos de panel<\/p>\n<p>Panel ELT<\/p>\n<p>Panel Euronav<\/p>\n<p>Alimentaci\u00f3n gnd del panel<\/p>\n<p>Panel de radar<\/p>\n<p>Interruptor del panel MFD<\/p>\n<p>Panel telef\u00f3nico<\/p>\n<p>Panel Tetra<\/p>\n<p>Panel TFM<\/p>\n<p>Placa base incluida<\/p>\n<p>Funciona con mobiflight<\/p>\n<p>Plug and play en Hypesimulation H145 y MSFS<\/p>\n<p>tiempo de producci\u00f3n: de 5 a 6 semanas.<\/p>\n<p>El c\u00f3digo mobiflight se te enviar\u00e1 por correo electr\u00f3nico cuando hagas el pedido.<\/p>\n","protected":false},"excerpt":{"rendered":"<p>Pedestal completo H145 Estructura de aluminio incluye los siguientes m\u00f3dulos: ACP APCP Placas traseras GTN750 con pantalla t\u00e1ctil Escalada del panel Datos de panel Panel ELT Panel Euronav Alimentaci\u00f3n gnd del panel Panel de radar Interruptor del panel MFD Panel telef\u00f3nico Panel Tetra Panel TFM Placa base incluida Funciona con mobiflight Plug and play en&hellip;&nbsp;<a href=\"https:\/\/electronic-system-cockpit.fr\/es\/boutique\/pedestal-h145-full-plug-and-play-avec-hypesimulation\/\" rel=\"bookmark\">Leer m\u00e1s &raquo;<span class=\"screen-reader-text\">Pedestal H145 FULL PLUG AND PLAY con HIPESIMULACI\u00d3N<\/span><\/a><\/p>\n","protected":false},"featured_media":7114,"template":"","meta":{"neve_meta_sidebar":"","neve_meta_container":"","neve_meta_enable_content_width":"off","neve_meta_content_width":100,"neve_meta_title_alignment":"","neve_meta_author_avatar":"","neve_post_elements_order":"","neve_meta_disable_header":"","neve_meta_disable_footer":"","neve_meta_disable_title":""},"product_brand":[],"product_cat":[208,309],"product_tag":[],"class_list":{"0":"post-7124","1":"product","2":"type-product","3":"status-publish","4":"has-post-thumbnail","6":"product_cat-helicoptero-airbus","7":"product_cat-modulo-plug-and-play-con-estructura","8":"product_shipping_class-ped","10":"first","11":"instock","12":"featured","13":"shipping-taxable","14":"purchasable","15":"product-type-simple"},"_links":{"self":[{"href":"https:\/\/electronic-system-cockpit.fr\/es\/wp-json\/wp\/v2\/product\/7124","targetHints":{"allow":["GET"]}}],"collection":[{"href":"https:\/\/electronic-system-cockpit.fr\/es\/wp-json\/wp\/v2\/product"}],"about":[{"href":"https:\/\/electronic-system-cockpit.fr\/es\/wp-json\/wp\/v2\/types\/product"}],"wp:featuredmedia":[{"embeddable":true,"href":"https:\/\/electronic-system-cockpit.fr\/es\/wp-json\/wp\/v2\/media\/7114"}],"wp:attachment":[{"href":"https:\/\/electronic-system-cockpit.fr\/es\/wp-json\/wp\/v2\/media?parent=7124"}],"wp:term":[{"taxonomy":"product_brand","embeddable":true,"href":"https:\/\/electronic-system-cockpit.fr\/es\/wp-json\/wp\/v2\/product_brand?post=7124"},{"taxonomy":"product_cat","embeddable":true,"href":"https:\/\/electronic-system-cockpit.fr\/es\/wp-json\/wp\/v2\/product_cat?post=7124"},{"taxonomy":"product_tag","embeddable":true,"href":"https:\/\/electronic-system-cockpit.fr\/es\/wp-json\/wp\/v2\/product_tag?post=7124"}],"curies":[{"name":"wp","href":"https:\/\/api.w.org\/{rel}","templated":true}]}}