{"id":7194,"date":"2024-07-24T17:00:57","date_gmt":"2024-07-24T15:00:57","guid":{"rendered":"https:\/\/electronic-system-cockpit.fr\/produit\/mip-glareshield-h145-hipersimulacion-plug-and-play\/"},"modified":"2025-12-10T22:43:10","modified_gmt":"2025-12-10T21:43:10","slug":"mip-glareshield-h145-plug-and-play-hypesimulation","status":"publish","type":"product","link":"https:\/\/electronic-system-cockpit.fr\/es\/boutique\/mip-glareshield-h145-plug-and-play-hypesimulation\/","title":{"rendered":"Mip Glareshield H145 Hipersimulaci\u00f3n Plug and play"},"content":{"rendered":"<p>PIM completo H145<\/p>\n<p>Estructura de aluminio<\/p>\n<p>incluye los siguientes m\u00f3dulos:<\/p>\n<p>MFD x3<\/p>\n<p>UNIDAD DE AVISO<\/p>\n<p>IESI<\/p>\n<p>PANEL ENG<\/p>\n<p>BUSE DECORATIVO x2<\/p>\n<p>INDICADORES MONTADOS 6 PAQUETES<\/p>\n<p>Cartel de LLAMADA personalizable por encargo<\/p>\n<p>PANTALLA ANCHA DE 29 PULGADAS incluye<\/p>\n<p>Placa base incluida<\/p>\n<p>Cable HDMI incluido<\/p>\n<p>Cable USB incluido<\/p>\n<p>Fuente de alimentaci\u00f3n incluida<\/p>\n<p>Funciona con mobiflight<\/p>\n<p>Plug and play en Hypesimulation H145 y MSFS<\/p>\n<p>tiempo de producci\u00f3n: de 5 a 6 semanas.<\/p>\n<p>El c\u00f3digo mobiflight se te enviar\u00e1 por correo electr\u00f3nico cuando hagas el pedido.<\/p>\n","protected":false},"excerpt":{"rendered":"<p>PIM completo H145 Estructura de aluminio incluye los siguientes m\u00f3dulos: MFD x3 UNIDAD DE AVISO IESI PANEL ENG BUSE DECORATIVO x2 INDICADORES MONTADOS 6 PAQUETES Cartel de LLAMADA personalizable por encargo PANTALLA ANCHA DE 29 PULGADAS incluye Placa base incluida Cable HDMI incluido Cable USB incluido Fuente de alimentaci\u00f3n incluida Funciona con mobiflight Plug and&hellip;&nbsp;<a href=\"https:\/\/electronic-system-cockpit.fr\/es\/boutique\/mip-glareshield-h145-plug-and-play-hypesimulation\/\" rel=\"bookmark\">Leer m\u00e1s &raquo;<span class=\"screen-reader-text\">Mip Glareshield H145 Hipersimulaci\u00f3n Plug and play<\/span><\/a><\/p>\n","protected":false},"featured_media":7166,"template":"","meta":{"neve_meta_sidebar":"","neve_meta_container":"","neve_meta_enable_content_width":"off","neve_meta_content_width":100,"neve_meta_title_alignment":"","neve_meta_author_avatar":"","neve_post_elements_order":"","neve_meta_disable_header":"","neve_meta_disable_footer":"","neve_meta_disable_title":""},"product_brand":[],"product_cat":[208,309],"product_tag":[],"class_list":{"0":"post-7194","1":"product","2":"type-product","3":"status-publish","4":"has-post-thumbnail","6":"product_cat-helicoptero-airbus","7":"product_cat-modulo-plug-and-play-con-estructura","8":"product_shipping_class-mip","10":"first","11":"instock","12":"featured","13":"shipping-taxable","14":"purchasable","15":"product-type-simple"},"_links":{"self":[{"href":"https:\/\/electronic-system-cockpit.fr\/es\/wp-json\/wp\/v2\/product\/7194","targetHints":{"allow":["GET"]}}],"collection":[{"href":"https:\/\/electronic-system-cockpit.fr\/es\/wp-json\/wp\/v2\/product"}],"about":[{"href":"https:\/\/electronic-system-cockpit.fr\/es\/wp-json\/wp\/v2\/types\/product"}],"wp:featuredmedia":[{"embeddable":true,"href":"https:\/\/electronic-system-cockpit.fr\/es\/wp-json\/wp\/v2\/media\/7166"}],"wp:attachment":[{"href":"https:\/\/electronic-system-cockpit.fr\/es\/wp-json\/wp\/v2\/media?parent=7194"}],"wp:term":[{"taxonomy":"product_brand","embeddable":true,"href":"https:\/\/electronic-system-cockpit.fr\/es\/wp-json\/wp\/v2\/product_brand?post=7194"},{"taxonomy":"product_cat","embeddable":true,"href":"https:\/\/electronic-system-cockpit.fr\/es\/wp-json\/wp\/v2\/product_cat?post=7194"},{"taxonomy":"product_tag","embeddable":true,"href":"https:\/\/electronic-system-cockpit.fr\/es\/wp-json\/wp\/v2\/product_tag?post=7194"}],"curies":[{"name":"wp","href":"https:\/\/api.w.org\/{rel}","templated":true}]}}