{"id":7435,"date":"2024-11-15T17:29:59","date_gmt":"2024-11-15T16:29:59","guid":{"rendered":"https:\/\/electronic-system-cockpit.fr\/produit\/overhead-complet-h145-avec-cadre-aluminium\/"},"modified":"2026-03-23T11:40:04","modified_gmt":"2026-03-23T10:40:04","slug":"overhead-complet-h145-avec-cadre-aluminium","status":"publish","type":"product","link":"https:\/\/electronic-system-cockpit.fr\/es\/boutique\/overhead-complet-h145-avec-cadre-aluminium\/","title":{"rendered":"CABEZAL COMPLETO H145 con marco de aluminio"},"content":{"rendered":"<p>OVHD completo H145<\/p>\n<p>Estructura de aluminio<\/p>\n<p>\u00a1soporte de v\u00e1stago no incluido!<\/p>\n<p>incluye los siguientes m\u00f3dulos:<\/p>\n<p>Versi\u00f3n OVHD HEMS<\/p>\n<p>Paneles de interruptores izquierdo y derecho<\/p>\n<p>L\u00e1mpara de techo<\/p>\n<p>Placa base incluida<\/p>\n<p>&nbsp;<\/p>\n<p>Cable USB incluido<\/p>\n<p>Fuente de alimentaci\u00f3n incluida<\/p>\n<p>Funciona con mobiflight<\/p>\n<p>Plug and play en Hypesimulation H145 y MSFS<\/p>\n<p>XFER H145 compatible en Xplane.<\/p>\n<p>tiempo de producci\u00f3n: de 5 a 6 semanas.<\/p>\n<p>El c\u00f3digo mobiflight se te enviar\u00e1 por correo electr\u00f3nico cuando hagas el pedido.<\/p>\n","protected":false},"excerpt":{"rendered":"<p>OVHD completo H145 Estructura de aluminio \u00a1soporte de v\u00e1stago no incluido! incluye los siguientes m\u00f3dulos: Versi\u00f3n OVHD HEMS Paneles de interruptores izquierdo y derecho L\u00e1mpara de techo Placa base incluida &nbsp; Cable USB incluido Fuente de alimentaci\u00f3n incluida Funciona con mobiflight Plug and play en Hypesimulation H145 y MSFS XFER H145 compatible en Xplane. tiempo&hellip;&nbsp;<a href=\"https:\/\/electronic-system-cockpit.fr\/es\/boutique\/overhead-complet-h145-avec-cadre-aluminium\/\" rel=\"bookmark\">Leer m\u00e1s &raquo;<span class=\"screen-reader-text\">CABEZAL COMPLETO H145 con marco de aluminio<\/span><\/a><\/p>\n","protected":false},"featured_media":8963,"template":"","meta":{"neve_meta_sidebar":"","neve_meta_container":"","neve_meta_enable_content_width":"off","neve_meta_content_width":100,"neve_meta_title_alignment":"","neve_meta_author_avatar":"","neve_post_elements_order":"","neve_meta_disable_header":"","neve_meta_disable_footer":"","neve_meta_disable_title":""},"product_brand":[],"product_cat":[208,309],"product_tag":[],"class_list":{"0":"post-7435","1":"product","2":"type-product","3":"status-publish","4":"has-post-thumbnail","6":"product_cat-helicoptero-airbus","7":"product_cat-modulo-plug-and-play-con-estructura","8":"product_shipping_class-ovh","10":"first","11":"instock","12":"featured","13":"shipping-taxable","14":"purchasable","15":"product-type-simple"},"_links":{"self":[{"href":"https:\/\/electronic-system-cockpit.fr\/es\/wp-json\/wp\/v2\/product\/7435","targetHints":{"allow":["GET"]}}],"collection":[{"href":"https:\/\/electronic-system-cockpit.fr\/es\/wp-json\/wp\/v2\/product"}],"about":[{"href":"https:\/\/electronic-system-cockpit.fr\/es\/wp-json\/wp\/v2\/types\/product"}],"wp:featuredmedia":[{"embeddable":true,"href":"https:\/\/electronic-system-cockpit.fr\/es\/wp-json\/wp\/v2\/media\/8963"}],"wp:attachment":[{"href":"https:\/\/electronic-system-cockpit.fr\/es\/wp-json\/wp\/v2\/media?parent=7435"}],"wp:term":[{"taxonomy":"product_brand","embeddable":true,"href":"https:\/\/electronic-system-cockpit.fr\/es\/wp-json\/wp\/v2\/product_brand?post=7435"},{"taxonomy":"product_cat","embeddable":true,"href":"https:\/\/electronic-system-cockpit.fr\/es\/wp-json\/wp\/v2\/product_cat?post=7435"},{"taxonomy":"product_tag","embeddable":true,"href":"https:\/\/electronic-system-cockpit.fr\/es\/wp-json\/wp\/v2\/product_tag?post=7435"}],"curies":[{"name":"wp","href":"https:\/\/api.w.org\/{rel}","templated":true}]}}