{"id":8686,"date":"2025-11-22T11:31:18","date_gmt":"2025-11-22T10:31:18","guid":{"rendered":"https:\/\/electronic-system-cockpit.fr\/boutique\/h145-essential-plug-and-play-con-hype\/"},"modified":"2025-11-22T11:34:29","modified_gmt":"2025-11-22T10:34:29","slug":"h145-essential-plug-and-play-con-hype","status":"publish","type":"product","link":"https:\/\/electronic-system-cockpit.fr\/es\/boutique\/h145-essential-plug-and-play-con-hype\/","title":{"rendered":"H145 ESSENTIAL plug and play con HYPE"},"content":{"rendered":"<p>M\u00f3dulo esencial H145<\/p>\n<p>Mini OVHD<\/p>\n<p>Panel ENG START<\/p>\n<p>APCP completo<\/p>\n<p>Soporte de ajuste de inclinaci\u00f3n incluido<\/p>\n<p>Cable USB incluido<\/p>\n<p>&nbsp;<\/p>\n<p>Funciona con mobiflight<\/p>\n<p>Plug and play en Hypesimulation H145 y MSFS<\/p>\n<p>tiempo de producci\u00f3n: de 1 a 2 semanas.<\/p>\n<p>El c\u00f3digo mobiflight se te enviar\u00e1 por correo electr\u00f3nico cuando hagas el pedido.<\/p>\n","protected":false},"excerpt":{"rendered":"<p>M\u00f3dulo esencial H145 Mini OVHD Panel ENG START APCP completo Soporte de ajuste de inclinaci\u00f3n incluido Cable USB incluido &nbsp; Funciona con mobiflight Plug and play en Hypesimulation H145 y MSFS tiempo de producci\u00f3n: de 1 a 2 semanas. El c\u00f3digo mobiflight se te enviar\u00e1 por correo electr\u00f3nico cuando hagas el pedido.<\/p>\n","protected":false},"featured_media":8693,"template":"","meta":{"neve_meta_sidebar":"","neve_meta_container":"","neve_meta_enable_content_width":"off","neve_meta_content_width":100,"neve_meta_title_alignment":"","neve_meta_author_avatar":"","neve_post_elements_order":"","neve_meta_disable_header":"","neve_meta_disable_footer":"","neve_meta_disable_title":""},"product_brand":[],"product_cat":[208,309],"product_tag":[],"class_list":{"0":"post-8686","1":"product","2":"type-product","3":"status-publish","4":"has-post-thumbnail","6":"product_cat-helicoptero-airbus","7":"product_cat-modulo-plug-and-play-con-estructura","9":"first","10":"instock","11":"featured","12":"shipping-taxable","13":"purchasable","14":"product-type-simple"},"_links":{"self":[{"href":"https:\/\/electronic-system-cockpit.fr\/es\/wp-json\/wp\/v2\/product\/8686","targetHints":{"allow":["GET"]}}],"collection":[{"href":"https:\/\/electronic-system-cockpit.fr\/es\/wp-json\/wp\/v2\/product"}],"about":[{"href":"https:\/\/electronic-system-cockpit.fr\/es\/wp-json\/wp\/v2\/types\/product"}],"wp:featuredmedia":[{"embeddable":true,"href":"https:\/\/electronic-system-cockpit.fr\/es\/wp-json\/wp\/v2\/media\/8693"}],"wp:attachment":[{"href":"https:\/\/electronic-system-cockpit.fr\/es\/wp-json\/wp\/v2\/media?parent=8686"}],"wp:term":[{"taxonomy":"product_brand","embeddable":true,"href":"https:\/\/electronic-system-cockpit.fr\/es\/wp-json\/wp\/v2\/product_brand?post=8686"},{"taxonomy":"product_cat","embeddable":true,"href":"https:\/\/electronic-system-cockpit.fr\/es\/wp-json\/wp\/v2\/product_cat?post=8686"},{"taxonomy":"product_tag","embeddable":true,"href":"https:\/\/electronic-system-cockpit.fr\/es\/wp-json\/wp\/v2\/product_tag?post=8686"}],"curies":[{"name":"wp","href":"https:\/\/api.w.org\/{rel}","templated":true}]}}