{"id":5614,"date":"2022-10-25T12:14:36","date_gmt":"2022-10-25T12:14:36","guid":{"rendered":"https:\/\/electronic-system-cockpit.fr\/informazioni-legali\/"},"modified":"2024-06-12T16:13:17","modified_gmt":"2024-06-12T16:13:17","slug":"informazioni-legali","status":"publish","type":"page","link":"https:\/\/electronic-system-cockpit.fr\/it\/informazioni-legali\/","title":{"rendered":"Informazioni legali"},"content":{"rendered":"\n<p class=\"has-text-align-center\">Nome della societ\u00e0: Greg HAMEL &#8211; ESC<br\/>Sede legale: 3 impasse carr\u00e9e<br\/>27930 SAINT-LUC<br\/>Francia  <\/p>\n\n<p class=\"has-text-align-center\">Tel: 07 66 48 58 93 contact@electronic-system-cockpit.fr<\/p>\n\n<p class=\"has-text-align-center\">RCS Evreux: 920239837<\/p>\n\n<p class=\"has-text-align-center\">APE 2612Z<\/p>\n\n<p><\/p>\n\n<p class=\"has-text-align-center\" id=\"infoclient\">Responsabile della pubblicazione: Greg HAMEL<\/p>\n\n<p class=\"has-text-align-center\" id=\"hebergeur\">Ospite : IONOS  <br\/>Nome della societ\u00e0: 1&amp;1 Internet SARL<br\/>Sede: 7 place de la gare &#8211; BP 70109<br\/>57201 Sarreguemines Cedex<br\/>RCS. di Sarreguemines: B 431 303 775  <\/p>\n\n<p class=\"has-text-align-center\">Questo sito \u00e8 di propriet\u00e0 di ESC, con sede in 3 impasse carr\u00e9e 27930 SAINT-LUC.<\/p>\n\n<h3 class=\"wp-block-heading has-text-align-center\">1 &#8211; Condizioni di utilizzo del sito<\/h3>\n\n<p class=\"has-text-align-center\">ESC fornisce i propri servizi a condizione che l&#8217;utente accetti di rispettare le presenti condizioni d&#8217;uso, che ESC pu\u00f2 modificare in qualsiasi momento.<\/p>\n\n<h3 class=\"wp-block-heading has-text-align-center\">2 &#8211; Propriet\u00e0 intellettuale<\/h3>\n\n<p class=\"has-text-align-center\">In conformit\u00e0 con le leggi che regolano la propriet\u00e0 intellettuale, la riproduzione o l&#8217;utilizzo degli elementi presenti su questo sito web, in tutto o in parte, \u00e8 severamente vietata. Vengono mantenute solo le eccezioni legali, in particolare l&#8217;esecuzione all&#8217;interno della cerchia familiare, la copia privata e il diritto di citazione breve.<\/p>\n\n<p class=\"has-text-align-center\">Tutti i testi, le foto, i loghi, i marchi e gli altri elementi riprodotti su questo sito sono riservati e protetti dalla legge sulla propriet\u00e0 intellettuale. (diritto d&#8217;autore, diritti di protezione, diritto dei marchi, ecc.)<\/p>\n\n<p class=\"has-text-align-center\">Qualsiasi rappresentazione totale o parziale di questo sito, con qualsiasi mezzo, senza l&#8217;espressa autorizzazione del gestore del sito, \u00e8 vietata e costituisce una violazione punita dagli articoli L 335-2 e seguenti del Codice della propriet\u00e0 intellettuale.<\/p>\n\n<p class=\"has-text-align-center\">Lo stesso vale per le banche dati presenti sul sito, che sono protette dalle disposizioni della legge dell&#8217;11 luglio 1998 che recepisce nel Codice della propriet\u00e0 intellettuale la direttiva europea dell&#8217;11 marzo 1996 sulla tutela giuridica delle banche dati.<\/p>\n\n<h3 class=\"wp-block-heading has-text-align-center\">3 &#8211; Dati personali<\/h3>\n\n<p class=\"has-text-align-center\">ESC si impegna a mantenere riservati i dati personali forniti dall&#8217;utente del sito e a non trasferirli ad altre societ\u00e0 o organizzazioni. ESC si impegna a garantire a chiunque ne faccia richiesta il diritto di accesso, rettifica e cancellazione dei dati che lo riguardano.<\/p>\n\n<h3 class=\"wp-block-heading has-text-align-center\">4 &#8211; Responsabilit\u00e0<\/h3>\n\n<p class=\"has-text-align-center\">ESC declina ogni responsabilit\u00e0 per eventuali difficolt\u00e0 di accesso al sito o per eventuali errori di comunicazione.<\/p>\n\n<p class=\"has-text-align-center\">ESC si riserva il diritto di modificare, interrompere temporaneamente o definitivamente tutto o parte del sito senza preavviso. ESC non potr\u00e0 in alcun caso essere ritenuta responsabile nei confronti dell&#8217;utente o di terzi per qualsiasi modifica, interruzione o sospensione del sito.<\/p>\n\n<h3 class=\"wp-block-heading has-text-align-center\">5 &#8211; Collegamenti ipertestuali<\/h3>\n\n<p class=\"has-text-align-center\">Siete liberi di creare link a questo sito, purch\u00e9 non danneggino l&#8217;immagine del suo editore. Siete autorizzati a creare link alle pagine del sito nei seguenti formati: html, php, xml.<\/p>\n\n<p class=\"has-text-align-center\">La pratica del framing \u00e8 vietata, cos\u00ec come qualsiasi altra pratica o tecnica che possa generare confusione nella mente del pubblico.<\/p>\n\n<p class=\"has-text-align-center\">Sono vietati i link profondi a documenti in formato pdf, doc o rtf. Questo tipo di documento non consente di leggere le condizioni di utilizzo.<\/p>\n\n<p class=\"has-text-align-center\">ESC non \u00e8 in alcun modo responsabile del contenuto dei siti web accessibili tramite il suo sito.<\/p>\n\n<p><\/p>\n\n<p class=\"has-text-align-center has-medium-font-size\"><strong>6 &#8211; Ordine &#8211; Consegna &#8211; Garanzia<\/strong><\/p>\n\n<div class=\"wp-block-group is-vertical is-layout-flex wp-container-core-group-is-layout-8cf370e7 wp-block-group-is-layout-flex\">\n<div class=\"wp-block-group\"><div class=\"wp-block-group__inner-container is-layout-constrained wp-block-group-is-layout-constrained\">\n<p>Il tempo di CONSEGNA indicato al momento dell&#8217;ordine \u00e8 fornito a titolo indicativo e non \u00e8 in alcun modo garantito. Di conseguenza, qualsiasi ritardo nella disponibilit\u00e0 dei prodotti non dar\u00e0 luogo ad alcun reclamo da parte del CLIENTE:<\/p>\n\n\n\n<ul class=\"wp-block-list\">\n<li>il risarcimento dei danni;<\/li>\n\n\n\n<li>assegnazione delle sanzioni ;<\/li>\n<\/ul>\n\n\n\n<p>\u00c8 responsabilit\u00e0 del CLIENTE controllare la merce consegnata non appena viene consegnata.<\/p>\n\n\n\n<p>In caso di merce mancante o danneggiata o di apparente non conformit\u00e0, il CLIENTE deve fare tutte le riserve necessarie sulla bolla di consegna al momento del ricevimento di tale merce. Anche queste prenotazioni devono essere confermate per iscritto entro cinque giorni lavorativi dalla CONSEGNA, tramite raccomandata con ricevuta di ritorno. In caso contrario, si ritiene che il CLIENTE abbia accettato la merce senza riserve. Il CLIENTE deve fornire una giustificazione completa della realt\u00e0 dei difetti osservati, riservandosi il diritto di effettuare, direttamente o indirettamente, tutte le osservazioni e i controlli in loco. La restituzione di PRODOTTI non conformi \u00e8 soggetta alla preventiva accettazione del VENDITORE. In caso contrario, si ritiene che il CLIENTE abbia accettato i PRODOTTI senza riserve. A seguito di questa richiesta, il CLIENTE ha dieci giorni lavorativi per restituire i pezzi al VENDITORE, nella loro confezione originale e nelle loro condizioni originali.  <\/p>\n\n\n\n<p>Se il CLIENTE desidera restituire i PRODOTTI, pu\u00f2 farne richiesta via e-mail entro quattordici giorni di calendario dalla data di ricezione del suo ORDINE. A seguito della sua richiesta, il CLIENTE ha dieci giorni lavorativi per restituire i pezzi al VENDITORE. I pezzi devono essere nella loro confezione originale e nelle loro condizioni originali, e il VENDITORE si riserva il diritto di effettuare, direttamente o indirettamente, qualsiasi osservazione e controllo in loco. In questo caso, le spese di restituzione della merce saranno a carico del CLIENTE.<\/p>\n\n\n\n<p>Ogni prodotto \u00e8 garantito per due anni dalla data di ricevimento.<\/p>\n<\/div><\/div>\n<\/div>\n\n<p class=\"has-text-align-center\"><\/p>\n\n<p class=\"has-text-align-center\">Buona visita.<\/p>\n\n<p class=\"has-text-align-center\">Pagina aggiornata il 10\/03\/2024.<\/p>\n","protected":false},"excerpt":{"rendered":"<p>Nome della societ\u00e0: Greg HAMEL &#8211; ESCSede legale: 3 impasse carr\u00e9e27930 SAINT-LUCFrancia Tel: 07 66 48 58 93 contact@electronic-system-cockpit.fr RCS Evreux: 920239837 APE 2612Z Responsabile della pubblicazione: Greg HAMEL Ospite : IONOS Nome della societ\u00e0: 1&amp;1 Internet SARLSede: 7 place de la gare &#8211; BP 7010957201 Sarreguemines CedexRCS. di Sarreguemines: B 431 303 775 Questo&hellip;&nbsp;<a href=\"https:\/\/electronic-system-cockpit.fr\/it\/informazioni-legali\/\" rel=\"bookmark\">Leggi tutto &raquo;<span class=\"screen-reader-text\">Informazioni legali<\/span><\/a><\/p>\n","protected":false},"author":1,"featured_media":0,"parent":0,"menu_order":0,"comment_status":"closed","ping_status":"closed","template":"","meta":{"neve_meta_sidebar":"","neve_meta_container":"","neve_meta_enable_content_width":"","neve_meta_content_width":0,"neve_meta_title_alignment":"","neve_meta_author_avatar":"","neve_post_elements_order":"","neve_meta_disable_header":"","neve_meta_disable_footer":"","neve_meta_disable_title":"","footnotes":""},"class_list":["post-5614","page","type-page","status-publish","hentry"],"_links":{"self":[{"href":"https:\/\/electronic-system-cockpit.fr\/it\/wp-json\/wp\/v2\/pages\/5614","targetHints":{"allow":["GET"]}}],"collection":[{"href":"https:\/\/electronic-system-cockpit.fr\/it\/wp-json\/wp\/v2\/pages"}],"about":[{"href":"https:\/\/electronic-system-cockpit.fr\/it\/wp-json\/wp\/v2\/types\/page"}],"author":[{"embeddable":true,"href":"https:\/\/electronic-system-cockpit.fr\/it\/wp-json\/wp\/v2\/users\/1"}],"replies":[{"embeddable":true,"href":"https:\/\/electronic-system-cockpit.fr\/it\/wp-json\/wp\/v2\/comments?post=5614"}],"version-history":[{"count":0,"href":"https:\/\/electronic-system-cockpit.fr\/it\/wp-json\/wp\/v2\/pages\/5614\/revisions"}],"wp:attachment":[{"href":"https:\/\/electronic-system-cockpit.fr\/it\/wp-json\/wp\/v2\/media?parent=5614"}],"curies":[{"name":"wp","href":"https:\/\/api.w.org\/{rel}","templated":true}]}}