{"id":5700,"date":"2022-12-18T07:24:36","date_gmt":"2022-12-18T07:24:36","guid":{"rendered":"https:\/\/electronic-system-cockpit.fr\/produit\/cartao-pedestal-a320\/"},"modified":"2024-06-18T14:21:29","modified_gmt":"2024-06-18T14:21:29","slug":"cartao-pedestal-a320","status":"publish","type":"product","link":"https:\/\/electronic-system-cockpit.fr\/pt-br\/boutique\/cartao-pedestal-a320\/","title":{"rendered":"Cart\u00e3o PEDESTAL A320"},"content":{"rendered":"<p>Placa de interface PEDESTAL A320<\/p>\n<p><img loading=\"lazy\" decoding=\"async\" class=\"alignnone size-medium wp-image-5255\" src=\"https:\/\/electronic-system-cockpit.fr\/wp-content\/uploads\/2022\/12\/ped-a320-253x300.jpg\" alt=\"\" width=\"253\" height=\"300\" srcset=\"https:\/\/electronic-system-cockpit.fr\/wp-content\/uploads\/2022\/12\/ped-a320-253x300.jpg 253w, https:\/\/electronic-system-cockpit.fr\/wp-content\/uploads\/2022\/12\/ped-a320.jpg 415w\" sizes=\"auto, (max-width: 253px) 100vw, 253px\" \/><\/p>\n<p>fonte de alimenta\u00e7\u00e3o e cabo ethernet inclu\u00eddos<\/p>\n<p>Permite a interface com os m\u00f3dulos de pedestal do A320 (mcdu exclut e Throttle)<\/p>\n<p>inclui gest\u00e3o da retroilumina\u00e7\u00e3o de 5 volts<\/p>\n<p>todas as sa\u00eddas de LED, d\u00edgitos&#8230;.<\/p>\n<p>todas as entradas para bot\u00f5es, rotores, codificadores, potenci\u00f3metros, etc.<\/p>\n<p>ideal para a produ\u00e7\u00e3o caseira ou compat\u00edvel com os m\u00f3dulos <a href=\"http:\/\/www.homecockpits.fr\">Homecockpits.fr <\/a> <\/p>\n<p>Totalmente programado e pronto para uso com uma op\u00e7\u00e3o de :<\/p>\n<p><strong>PROSIM-AR<\/strong> <strong>A322<\/strong><\/p>\n<p>ou <strong>JEEHELL FMGS A320<\/strong><\/p>\n<p><strong>ou FLIGHTFACTOR A320<\/strong>.<\/p>\n<p>Entre em contato conosco para escolher o seu programa.<\/p>\n<p><a href=\"https:\/\/electronic-system-cockpit.fr\/wp-content\/uploads\/2023\/10\/PEDESTAL.zip\">FICHA T\u00c9CNICA diagrama de cablagem<\/a><\/p>\n<p>&nbsp;<\/p>\n<div class=\"QmZWSe\">\n<div class=\"DHcWmd\"><\/div>\n<\/div>\n","protected":false},"excerpt":{"rendered":"<p>Placa de interface PEDESTAL A320 fonte de alimenta\u00e7\u00e3o e cabo ethernet inclu\u00eddos Permite a interface com os m\u00f3dulos de pedestal do A320 (mcdu exclut e Throttle) inclui gest\u00e3o da retroilumina\u00e7\u00e3o de 5 volts todas as sa\u00eddas de LED, d\u00edgitos&#8230;. todas as entradas para bot\u00f5es, rotores, codificadores, potenci\u00f3metros, etc. ideal para a produ\u00e7\u00e3o caseira ou compat\u00edvel&hellip;&nbsp;<a href=\"https:\/\/electronic-system-cockpit.fr\/pt-br\/boutique\/cartao-pedestal-a320\/\" rel=\"bookmark\">Continue a ler &raquo;<span class=\"screen-reader-text\">Cart\u00e3o PEDESTAL A320<\/span><\/a><\/p>\n","protected":false},"featured_media":5706,"template":"","meta":{"neve_meta_sidebar":"","neve_meta_container":"","neve_meta_enable_content_width":"off","neve_meta_content_width":100,"neve_meta_title_alignment":"","neve_meta_author_avatar":"","neve_post_elements_order":"","neve_meta_disable_header":"","neve_meta_disable_footer":"","neve_meta_disable_title":""},"product_brand":[],"product_cat":[243],"product_tag":[],"class_list":{"0":"post-5700","1":"product","2":"type-product","3":"status-publish","4":"has-post-thumbnail","6":"product_cat-carte-mere-pt-br","8":"first","9":"instock","10":"purchasable","11":"product-type-simple"},"_links":{"self":[{"href":"https:\/\/electronic-system-cockpit.fr\/pt-br\/wp-json\/wp\/v2\/product\/5700","targetHints":{"allow":["GET"]}}],"collection":[{"href":"https:\/\/electronic-system-cockpit.fr\/pt-br\/wp-json\/wp\/v2\/product"}],"about":[{"href":"https:\/\/electronic-system-cockpit.fr\/pt-br\/wp-json\/wp\/v2\/types\/product"}],"wp:featuredmedia":[{"embeddable":true,"href":"https:\/\/electronic-system-cockpit.fr\/pt-br\/wp-json\/wp\/v2\/media\/5706"}],"wp:attachment":[{"href":"https:\/\/electronic-system-cockpit.fr\/pt-br\/wp-json\/wp\/v2\/media?parent=5700"}],"wp:term":[{"taxonomy":"product_brand","embeddable":true,"href":"https:\/\/electronic-system-cockpit.fr\/pt-br\/wp-json\/wp\/v2\/product_brand?post=5700"},{"taxonomy":"product_cat","embeddable":true,"href":"https:\/\/electronic-system-cockpit.fr\/pt-br\/wp-json\/wp\/v2\/product_cat?post=5700"},{"taxonomy":"product_tag","embeddable":true,"href":"https:\/\/electronic-system-cockpit.fr\/pt-br\/wp-json\/wp\/v2\/product_tag?post=5700"}],"curies":[{"name":"wp","href":"https:\/\/api.w.org\/{rel}","templated":true}]}}