{"id":5738,"date":"2022-12-18T07:27:42","date_gmt":"2022-12-18T06:27:42","guid":{"rendered":"https:\/\/electronic-system-cockpit.fr\/produit\/cartao-overhead-a320\/"},"modified":"2024-06-18T14:20:44","modified_gmt":"2024-06-18T14:20:44","slug":"cartao-overhead-a320","status":"publish","type":"product","link":"https:\/\/electronic-system-cockpit.fr\/pt-br\/boutique\/cartao-overhead-a320\/","title":{"rendered":"Cart\u00e3o OVERHEAD A320"},"content":{"rendered":"<p>Cart\u00e3o de interface OVERHEAD A320<\/p>\n<p><img loading=\"lazy\" decoding=\"async\" class=\"alignnone size-medium wp-image-5242\" src=\"https:\/\/electronic-system-cockpit.fr\/wp-content\/uploads\/2022\/12\/ovh-a320-300x184.jpg\" alt=\"\" width=\"300\" height=\"184\" srcset=\"https:\/\/electronic-system-cockpit.fr\/wp-content\/uploads\/2022\/12\/ovh-a320-300x184.jpg 300w, https:\/\/electronic-system-cockpit.fr\/wp-content\/uploads\/2022\/12\/ovh-a320-1024x627.jpg 1024w, https:\/\/electronic-system-cockpit.fr\/wp-content\/uploads\/2022\/12\/ovh-a320-768x470.jpg 768w, https:\/\/electronic-system-cockpit.fr\/wp-content\/uploads\/2022\/12\/ovh-a320-700x429.jpg 700w, https:\/\/electronic-system-cockpit.fr\/wp-content\/uploads\/2022\/12\/ovh-a320.jpg 1078w\" sizes=\"auto, (max-width: 300px) 100vw, 300px\" \/><\/p>\n<p>fonte de alimenta\u00e7\u00e3o e cabo ethernet inclu\u00eddos<\/p>\n<p>Permite a interface com a cabe\u00e7a do A320<\/p>\n<p>inclui gest\u00e3o da retroilumina\u00e7\u00e3o de 5 volts<\/p>\n<p>todas as sa\u00eddas de LED, d\u00edgitos&#8230;.<\/p>\n<p>todas as entradas para bot\u00f5es, rotores, codificadores, potenci\u00f3metros, etc.<\/p>\n<p>ideal para a produ\u00e7\u00e3o caseira ou compat\u00edvel com os m\u00f3dulos <a href=\"http:\/\/www.homecockpits.fr\">Homecockpits.fr <\/a> <\/p>\n<p>Totalmente programado e pronto para uso com uma op\u00e7\u00e3o de :<\/p>\n<p><strong>PROSIM-AR<\/strong> <strong>A322<\/strong><\/p>\n<p>ou <strong>JEEHELL FMGS A320<\/strong><\/p>\n<p><strong>ou FLIGHTFACTOR A320<\/strong>.<\/p>\n<p>Entre em contato conosco para escolher o seu programa.<\/p>\n<p><a href=\"https:\/\/electronic-system-cockpit.fr\/wp-content\/uploads\/2023\/10\/OVERHEAD.zip\">FICHA T\u00c9CNICA diagrama de cablagem<\/a><\/p>\n<p>&nbsp;<\/p>\n<div class=\"QmZWSe\">\n<div class=\"DHcWmd\"><\/div>\n<\/div>\n","protected":false},"excerpt":{"rendered":"<p>Cart\u00e3o de interface OVERHEAD A320 fonte de alimenta\u00e7\u00e3o e cabo ethernet inclu\u00eddos Permite a interface com a cabe\u00e7a do A320 inclui gest\u00e3o da retroilumina\u00e7\u00e3o de 5 volts todas as sa\u00eddas de LED, d\u00edgitos&#8230;. todas as entradas para bot\u00f5es, rotores, codificadores, potenci\u00f3metros, etc. ideal para a produ\u00e7\u00e3o caseira ou compat\u00edvel com os m\u00f3dulos Homecockpits.fr Totalmente programado&hellip;&nbsp;<a href=\"https:\/\/electronic-system-cockpit.fr\/pt-br\/boutique\/cartao-overhead-a320\/\" rel=\"bookmark\">Continue a ler &raquo;<span class=\"screen-reader-text\">Cart\u00e3o OVERHEAD A320<\/span><\/a><\/p>\n","protected":false},"featured_media":7913,"template":"","meta":{"neve_meta_sidebar":"","neve_meta_container":"","neve_meta_enable_content_width":"off","neve_meta_content_width":100,"neve_meta_title_alignment":"","neve_meta_author_avatar":"","neve_post_elements_order":"","neve_meta_disable_header":"","neve_meta_disable_footer":"","neve_meta_disable_title":""},"product_brand":[],"product_cat":[244,243],"product_tag":[],"class_list":{"0":"post-5738","1":"product","2":"type-product","3":"status-publish","4":"has-post-thumbnail","6":"product_cat-airbus-a320-pt-br","7":"product_cat-carte-mere-pt-br","9":"first","10":"instock","11":"purchasable","12":"product-type-simple"},"_links":{"self":[{"href":"https:\/\/electronic-system-cockpit.fr\/pt-br\/wp-json\/wp\/v2\/product\/5738","targetHints":{"allow":["GET"]}}],"collection":[{"href":"https:\/\/electronic-system-cockpit.fr\/pt-br\/wp-json\/wp\/v2\/product"}],"about":[{"href":"https:\/\/electronic-system-cockpit.fr\/pt-br\/wp-json\/wp\/v2\/types\/product"}],"wp:featuredmedia":[{"embeddable":true,"href":"https:\/\/electronic-system-cockpit.fr\/pt-br\/wp-json\/wp\/v2\/media\/7913"}],"wp:attachment":[{"href":"https:\/\/electronic-system-cockpit.fr\/pt-br\/wp-json\/wp\/v2\/media?parent=5738"}],"wp:term":[{"taxonomy":"product_brand","embeddable":true,"href":"https:\/\/electronic-system-cockpit.fr\/pt-br\/wp-json\/wp\/v2\/product_brand?post=5738"},{"taxonomy":"product_cat","embeddable":true,"href":"https:\/\/electronic-system-cockpit.fr\/pt-br\/wp-json\/wp\/v2\/product_cat?post=5738"},{"taxonomy":"product_tag","embeddable":true,"href":"https:\/\/electronic-system-cockpit.fr\/pt-br\/wp-json\/wp\/v2\/product_tag?post=5738"}],"curies":[{"name":"wp","href":"https:\/\/api.w.org\/{rel}","templated":true}]}}