{"id":5760,"date":"2023-01-18T12:58:56","date_gmt":"2023-01-18T12:58:56","guid":{"rendered":"https:\/\/electronic-system-cockpit.fr\/produit\/modulo-32-saida-arduino-mobiflight\/"},"modified":"2025-07-19T10:04:52","modified_gmt":"2025-07-19T08:04:52","slug":"modulo-32-saida-arduino-mobiflight","status":"publish","type":"product","link":"https:\/\/electronic-system-cockpit.fr\/pt-br\/boutique\/modulo-32-saida-arduino-mobiflight\/","title":{"rendered":"M\u00f3dulo 32 OUTPUT ARDUINO MOBIFLIGHT nova vers\u00e3o 2"},"content":{"rendered":"<p>M\u00f3dulo de bloco de terminais de plug-in r\u00e1pido para adicionar 32 sa\u00eddas de LED com Mobiflight a um Arduino.<\/p>\n<p>5 fios necess\u00e1rios para conectar +5v, pino DATA, pino CLOCK, pino LATCH e pino GND.<\/p>\n<p>Resistores de 250 ohm integrados.<\/p>\n<p>Terra GND comum para m\u00f3dulo e LEDs.<\/p>\n<p>Arduino mega R3 n\u00e3o inclu\u00eddo.<\/p>\n<p>&nbsp;<\/p>\n","protected":false},"excerpt":{"rendered":"<p>M\u00f3dulo de bloco de terminais de plug-in r\u00e1pido para adicionar 32 sa\u00eddas de LED com Mobiflight a um Arduino. 5 fios necess\u00e1rios para conectar +5v, pino DATA, pino CLOCK, pino LATCH e pino GND. Resistores de 250 ohm integrados. Terra GND comum para m\u00f3dulo e LEDs. Arduino mega R3 n\u00e3o inclu\u00eddo. &nbsp;<\/p>\n","protected":false},"featured_media":8008,"template":"","meta":{"neve_meta_sidebar":"","neve_meta_container":"","neve_meta_enable_content_width":"off","neve_meta_content_width":100,"neve_meta_title_alignment":"","neve_meta_author_avatar":"","neve_post_elements_order":"","neve_meta_disable_header":"","neve_meta_disable_footer":"","neve_meta_disable_title":""},"product_brand":[],"product_cat":[240],"product_tag":[],"class_list":{"0":"post-5760","1":"product","2":"type-product","3":"status-publish","4":"has-post-thumbnail","6":"product_cat-arduino-pt-br","8":"first","9":"instock","10":"shipping-taxable","11":"purchasable","12":"product-type-simple"},"_links":{"self":[{"href":"https:\/\/electronic-system-cockpit.fr\/pt-br\/wp-json\/wp\/v2\/product\/5760","targetHints":{"allow":["GET"]}}],"collection":[{"href":"https:\/\/electronic-system-cockpit.fr\/pt-br\/wp-json\/wp\/v2\/product"}],"about":[{"href":"https:\/\/electronic-system-cockpit.fr\/pt-br\/wp-json\/wp\/v2\/types\/product"}],"wp:featuredmedia":[{"embeddable":true,"href":"https:\/\/electronic-system-cockpit.fr\/pt-br\/wp-json\/wp\/v2\/media\/8008"}],"wp:attachment":[{"href":"https:\/\/electronic-system-cockpit.fr\/pt-br\/wp-json\/wp\/v2\/media?parent=5760"}],"wp:term":[{"taxonomy":"product_brand","embeddable":true,"href":"https:\/\/electronic-system-cockpit.fr\/pt-br\/wp-json\/wp\/v2\/product_brand?post=5760"},{"taxonomy":"product_cat","embeddable":true,"href":"https:\/\/electronic-system-cockpit.fr\/pt-br\/wp-json\/wp\/v2\/product_cat?post=5760"},{"taxonomy":"product_tag","embeddable":true,"href":"https:\/\/electronic-system-cockpit.fr\/pt-br\/wp-json\/wp\/v2\/product_tag?post=5760"}],"curies":[{"name":"wp","href":"https:\/\/api.w.org\/{rel}","templated":true}]}}