{"id":5789,"date":"2023-02-14T08:58:26","date_gmt":"2023-02-14T07:58:26","guid":{"rendered":"https:\/\/electronic-system-cockpit.fr\/produit\/placa-de-joystick-de-128-botoes\/"},"modified":"2023-02-14T08:58:26","modified_gmt":"2023-02-14T08:58:26","slug":"placa-de-joystick-de-128-botoes","status":"publish","type":"product","link":"https:\/\/electronic-system-cockpit.fr\/pt-br\/boutique\/placa-de-joystick-de-128-botoes\/","title":{"rendered":"Placa de joystick de 128 bot\u00f5es"},"content":{"rendered":"<p>Cart\u00e3o do bot\u00e3o do joystick<\/p>\n<p>Simula 128 joysticks de press\u00e3o<\/p>\n<p>compat\u00edvel com todos os suportes (MSFS, P3D, XPLANE, etc.)<\/p>\n<p>Bloco de terminais de liga\u00e7\u00e3o r\u00e1pida para uma cablagem f\u00e1cil<\/p>\n<p>Massa comum em todos os bot\u00f5es<\/p>\n<p>Cabo USB inclu\u00eddo<\/p>\n<p><img loading=\"lazy\" decoding=\"async\" class=\"alignnone size-medium wp-image-823\" src=\"https:\/\/electronic-system-cockpit.fr\/wp-content\/uploads\/2023\/02\/IMG_20230214_085752-2-300x174.jpg\" alt=\"\" width=\"300\" height=\"174\"><\/p>\n<p><a href=\"https:\/\/electronic-system-cockpit.fr\/wp-content\/uploads\/2023\/10\/Joy128.zip\">FICHA T\u00c9CNICA<\/a><\/p>\n<p>&nbsp;<\/p>\n<p>&nbsp;<\/p>\n","protected":false},"excerpt":{"rendered":"<p>Cart\u00e3o do bot\u00e3o do joystick Simula 128 joysticks de press\u00e3o compat\u00edvel com todos os suportes (MSFS, P3D, XPLANE, etc.) Bloco de terminais de liga\u00e7\u00e3o r\u00e1pida para uma cablagem f\u00e1cil Massa comum em todos os bot\u00f5es Cabo USB inclu\u00eddo FICHA T\u00c9CNICA &nbsp; &nbsp;<\/p>\n","protected":false},"featured_media":5791,"template":"","meta":{"neve_meta_sidebar":"","neve_meta_container":"","neve_meta_enable_content_width":"off","neve_meta_content_width":100,"neve_meta_title_alignment":"","neve_meta_author_avatar":"","neve_post_elements_order":"","neve_meta_disable_header":"","neve_meta_disable_footer":"","neve_meta_disable_title":""},"product_brand":[],"product_cat":[249],"product_tag":[],"class_list":{"0":"post-5789","1":"product","2":"type-product","3":"status-publish","4":"has-post-thumbnail","6":"product_cat-joystick-pt-br","8":"first","9":"instock","10":"shipping-taxable","11":"purchasable","12":"product-type-simple"},"_links":{"self":[{"href":"https:\/\/electronic-system-cockpit.fr\/pt-br\/wp-json\/wp\/v2\/product\/5789","targetHints":{"allow":["GET"]}}],"collection":[{"href":"https:\/\/electronic-system-cockpit.fr\/pt-br\/wp-json\/wp\/v2\/product"}],"about":[{"href":"https:\/\/electronic-system-cockpit.fr\/pt-br\/wp-json\/wp\/v2\/types\/product"}],"wp:featuredmedia":[{"embeddable":true,"href":"https:\/\/electronic-system-cockpit.fr\/pt-br\/wp-json\/wp\/v2\/media\/5791"}],"wp:attachment":[{"href":"https:\/\/electronic-system-cockpit.fr\/pt-br\/wp-json\/wp\/v2\/media?parent=5789"}],"wp:term":[{"taxonomy":"product_brand","embeddable":true,"href":"https:\/\/electronic-system-cockpit.fr\/pt-br\/wp-json\/wp\/v2\/product_brand?post=5789"},{"taxonomy":"product_cat","embeddable":true,"href":"https:\/\/electronic-system-cockpit.fr\/pt-br\/wp-json\/wp\/v2\/product_cat?post=5789"},{"taxonomy":"product_tag","embeddable":true,"href":"https:\/\/electronic-system-cockpit.fr\/pt-br\/wp-json\/wp\/v2\/product_tag?post=5789"}],"curies":[{"name":"wp","href":"https:\/\/api.w.org\/{rel}","templated":true}]}}