{"id":5792,"date":"2023-06-09T10:16:21","date_gmt":"2023-06-09T10:16:21","guid":{"rendered":"https:\/\/electronic-system-cockpit.fr\/produit\/depois-do-cartao-ovh-a320\/"},"modified":"2024-06-18T14:19:58","modified_gmt":"2024-06-18T14:19:58","slug":"depois-do-cartao-ovh-a320","status":"publish","type":"product","link":"https:\/\/electronic-system-cockpit.fr\/pt-br\/boutique\/depois-do-cartao-ovh-a320\/","title":{"rendered":"depois do cart\u00e3o ovh a320"},"content":{"rendered":"<p>AP\u00d3S OVERHEAD Cart\u00e3o de interface A320<\/p>\n<p>fonte de alimenta\u00e7\u00e3o e cabo ethernet inclu\u00eddos<\/p>\n<p>Permite a interface com o after ovh A320<\/p>\n<p>inclui gest\u00e3o da retroilumina\u00e7\u00e3o de 5 volts<\/p>\n<p>todas as sa\u00eddas de LED, d\u00edgitos&#8230;.<\/p>\n<p>todas as entradas para bot\u00f5es, rotores, codificadores, potenci\u00f3metros, etc.<\/p>\n<p>ideal para a produ\u00e7\u00e3o caseira ou compat\u00edvel com os m\u00f3dulos <a href=\"http:\/\/www.homecockpits.fr\">Homecockpits.fr <\/a> <\/p>\n<p>Totalmente programado e pronto para uso com uma op\u00e7\u00e3o de :<\/p>\n<p><strong>PROSIM-AR<\/strong> <strong>A322<\/strong><\/p>\n<p>ou <strong>JEEHELL FMGS A320<\/strong><\/p>\n<p><strong>ou FLIGHTFACTOR A320<\/strong>.<\/p>\n<p>Entre em contato conosco para escolher o seu programa.<\/p>\n","protected":false},"excerpt":{"rendered":"<p>AP\u00d3S OVERHEAD Cart\u00e3o de interface A320 fonte de alimenta\u00e7\u00e3o e cabo ethernet inclu\u00eddos Permite a interface com o after ovh A320 inclui gest\u00e3o da retroilumina\u00e7\u00e3o de 5 volts todas as sa\u00eddas de LED, d\u00edgitos&#8230;. todas as entradas para bot\u00f5es, rotores, codificadores, potenci\u00f3metros, etc. ideal para a produ\u00e7\u00e3o caseira ou compat\u00edvel com os m\u00f3dulos Homecockpits.fr Totalmente&hellip;&nbsp;<a href=\"https:\/\/electronic-system-cockpit.fr\/pt-br\/boutique\/depois-do-cartao-ovh-a320\/\" rel=\"bookmark\">Continue a ler &raquo;<span class=\"screen-reader-text\">depois do cart\u00e3o ovh a320<\/span><\/a><\/p>\n","protected":false},"featured_media":0,"template":"","meta":{"neve_meta_sidebar":"","neve_meta_container":"","neve_meta_enable_content_width":"off","neve_meta_content_width":100,"neve_meta_title_alignment":"","neve_meta_author_avatar":"","neve_post_elements_order":"","neve_meta_disable_header":"","neve_meta_disable_footer":"","neve_meta_disable_title":""},"product_brand":[],"product_cat":[244,243],"product_tag":[],"class_list":{"0":"post-5792","1":"product","2":"type-product","3":"status-publish","5":"product_cat-airbus-a320-pt-br","6":"product_cat-carte-mere-pt-br","8":"first","9":"instock","10":"shipping-taxable","11":"purchasable","12":"product-type-simple"},"_links":{"self":[{"href":"https:\/\/electronic-system-cockpit.fr\/pt-br\/wp-json\/wp\/v2\/product\/5792","targetHints":{"allow":["GET"]}}],"collection":[{"href":"https:\/\/electronic-system-cockpit.fr\/pt-br\/wp-json\/wp\/v2\/product"}],"about":[{"href":"https:\/\/electronic-system-cockpit.fr\/pt-br\/wp-json\/wp\/v2\/types\/product"}],"wp:attachment":[{"href":"https:\/\/electronic-system-cockpit.fr\/pt-br\/wp-json\/wp\/v2\/media?parent=5792"}],"wp:term":[{"taxonomy":"product_brand","embeddable":true,"href":"https:\/\/electronic-system-cockpit.fr\/pt-br\/wp-json\/wp\/v2\/product_brand?post=5792"},{"taxonomy":"product_cat","embeddable":true,"href":"https:\/\/electronic-system-cockpit.fr\/pt-br\/wp-json\/wp\/v2\/product_cat?post=5792"},{"taxonomy":"product_tag","embeddable":true,"href":"https:\/\/electronic-system-cockpit.fr\/pt-br\/wp-json\/wp\/v2\/product_tag?post=5792"}],"curies":[{"name":"wp","href":"https:\/\/api.w.org\/{rel}","templated":true}]}}