{"id":5922,"date":"2023-09-12T16:27:00","date_gmt":"2023-09-12T16:27:00","guid":{"rendered":"https:\/\/electronic-system-cockpit.fr\/produit\/placa-arduino-glareshield-a320-da-mobiflight\/"},"modified":"2025-07-18T17:34:24","modified_gmt":"2025-07-18T15:34:24","slug":"placa-arduino-glareshield-a320-da-mobiflight","status":"publish","type":"product","link":"https:\/\/electronic-system-cockpit.fr\/pt-br\/boutique\/placa-arduino-glareshield-a320-da-mobiflight\/","title":{"rendered":"Placa Arduino Glareshield A320 da Mobiflight"},"content":{"rendered":"<p>Placa multiplex para arduino<\/p>\n<p>gerencia todo o glareshield a320 (entradas, sa\u00eddas, gerenciamento de luz de fundo) (FCU, EFIS, WING, ATC)<\/p>\n<p>c\u00f3digo mobiflight pr\u00e9-cheio<\/p>\n<p>especialmente projetado para fabrica\u00e7\u00e3o pessoal<\/p>\n<p>Compat\u00edvel com a tela do KavSimulation<\/p>\n<p>compat\u00edvel com os m\u00f3dulos <a href=\"https:\/\/www.homecockpits.fr\/fr\/accueil\/443-492-glareshield-a320-complet.html#\/77-finition-push_pull_pro_line\">do Homecockpits.fr<\/a><\/p>\n<p>Arduino mega R3 n\u00e3o fornecido<\/p>\n<p>Documenta\u00e7\u00e3o para download :<\/p>\n<p><a href=\"https:\/\/electronic-system-cockpit.fr\/wp-content\/uploads\/2024\/02\/exemple-code-A320-mobiflight.zip\">Exemplo de programa\u00e7\u00e3o e folha de dados<\/a><\/p>\n","protected":false},"excerpt":{"rendered":"<p>Placa multiplex para arduino gerencia todo o glareshield a320 (entradas, sa\u00eddas, gerenciamento de luz de fundo) (FCU, EFIS, WING, ATC) c\u00f3digo mobiflight pr\u00e9-cheio especialmente projetado para fabrica\u00e7\u00e3o pessoal Compat\u00edvel com a tela do KavSimulation compat\u00edvel com os m\u00f3dulos do Homecockpits.fr Arduino mega R3 n\u00e3o fornecido Documenta\u00e7\u00e3o para download : Exemplo de programa\u00e7\u00e3o e folha de&hellip;&nbsp;<a href=\"https:\/\/electronic-system-cockpit.fr\/pt-br\/boutique\/placa-arduino-glareshield-a320-da-mobiflight\/\" rel=\"bookmark\">Continue a ler &raquo;<span class=\"screen-reader-text\">Placa Arduino Glareshield A320 da Mobiflight<\/span><\/a><\/p>\n","protected":false},"featured_media":5924,"template":"","meta":{"neve_meta_sidebar":"","neve_meta_container":"","neve_meta_enable_content_width":"off","neve_meta_content_width":100,"neve_meta_title_alignment":"","neve_meta_author_avatar":"","neve_post_elements_order":"","neve_meta_disable_header":"","neve_meta_disable_footer":"","neve_meta_disable_title":""},"product_brand":[],"product_cat":[240,244,243],"product_tag":[],"class_list":{"0":"post-5922","1":"product","2":"type-product","3":"status-publish","4":"has-post-thumbnail","6":"product_cat-arduino-pt-br","7":"product_cat-airbus-a320-pt-br","8":"product_cat-carte-mere-pt-br","10":"first","11":"instock","12":"shipping-taxable","13":"purchasable","14":"product-type-simple"},"_links":{"self":[{"href":"https:\/\/electronic-system-cockpit.fr\/pt-br\/wp-json\/wp\/v2\/product\/5922","targetHints":{"allow":["GET"]}}],"collection":[{"href":"https:\/\/electronic-system-cockpit.fr\/pt-br\/wp-json\/wp\/v2\/product"}],"about":[{"href":"https:\/\/electronic-system-cockpit.fr\/pt-br\/wp-json\/wp\/v2\/types\/product"}],"wp:featuredmedia":[{"embeddable":true,"href":"https:\/\/electronic-system-cockpit.fr\/pt-br\/wp-json\/wp\/v2\/media\/5924"}],"wp:attachment":[{"href":"https:\/\/electronic-system-cockpit.fr\/pt-br\/wp-json\/wp\/v2\/media?parent=5922"}],"wp:term":[{"taxonomy":"product_brand","embeddable":true,"href":"https:\/\/electronic-system-cockpit.fr\/pt-br\/wp-json\/wp\/v2\/product_brand?post=5922"},{"taxonomy":"product_cat","embeddable":true,"href":"https:\/\/electronic-system-cockpit.fr\/pt-br\/wp-json\/wp\/v2\/product_cat?post=5922"},{"taxonomy":"product_tag","embeddable":true,"href":"https:\/\/electronic-system-cockpit.fr\/pt-br\/wp-json\/wp\/v2\/product_tag?post=5922"}],"curies":[{"name":"wp","href":"https:\/\/api.w.org\/{rel}","templated":true}]}}